{"id":2539,"date":"2026-04-21T11:03:37","date_gmt":"2026-04-21T09:03:37","guid":{"rendered":"https:\/\/huronsolutions.ro\/?post_type=product&#038;p=2539"},"modified":"2026-04-23T08:26:39","modified_gmt":"2026-04-23T06:26:39","slug":"lepcsofok-rogzito-csavar-keszlet","status":"publish","type":"product","link":"https:\/\/huronsolutions.ro\/ro\/termek\/lepcsofok-rogzito-csavar-keszlet\/","title":{"rendered":"Set de \u0219urub fixare trepte de sc\u0103ri, zincat la cald"},"content":{"rendered":"","protected":false},"excerpt":{"rendered":"<p>Con\u021binutul setului:<br \/>\n4 buc - \u0218urub hexagonal <strong>M12<\/strong>x35 mm, cu piuli\u021b\u0103 SB EN15048, galvanizat la cald<br \/>\n8 buc\u0103\u021bi - \u0218aib\u0103 plat\u0103 tip A, galvanizat\u0103 la cald<\/p>\n<p>Greutate: 0,27 kg \/ set<br \/>\nAmbalare: pung\u0103 de folie de 40 microni<br \/>\nDimensiuni: 100x100x20 mm<\/p>","protected":false},"featured_media":2542,"template":"","meta":[],"product_cat":[70],"product_tag":[],"class_list":{"0":"post-2539","1":"product","2":"type-product","3":"status-publish","4":"has-post-thumbnail","6":"product_cat-rogzito-szerelvenyek","7":"product_shipping_class-alacsony","8":"sales-flash-overlay","9":"woocommerce-text-align-center","10":"woocommerce-image-align-center","11":"do-quantity-buttons","12":"wc-has-gallery","14":"first","15":"instock","16":"taxable","17":"shipping-taxable","18":"purchasable","19":"product-type-simple"},"yoast_head":"<!-- This site is optimized with the Yoast SEO Premium plugin v27.4 (Yoast SEO v27.4) - https:\/\/yoast.com\/product\/yoast-seo-premium-wordpress\/ -->\n<title>L\u00e9pcs\u0151fok r\u00f6gz\u00edt\u0151 csavar k\u00e9szlet t\u00fczihorganyzott - Huron Solutions<\/title>\n<meta name=\"robots\" content=\"index, follow, max-snippet:-1, max-image-preview:large, max-video-preview:-1\" \/>\n<link rel=\"canonical\" href=\"https:\/\/huronsolutions.ro\/ro\/product-2\/lepcsofok-rogzito-csavar-keszlet\/\" \/>\n<meta property=\"og:locale\" content=\"ro_RO\" \/>\n<meta property=\"og:type\" content=\"article\" \/>\n<meta property=\"og:title\" content=\"L\u00e9pcs\u0151fok r\u00f6gz\u00edt\u0151 csavar k\u00e9szlet t\u00fczihorganyzott - Huron Solutions\" \/>\n<meta property=\"og:description\" content=\"K\u00e9szlet tartalma: 4 db - Hatlapfej\u0171 t\u00f6vigmenetes csavar M12x35 mm, any\u00e1val SB EN15048, t\u00fczihorganyzott 8 db - Lapos al\u00e1t\u00e9t A t\u00edpus, t\u00fczihorganyzott  S\u00faly: 0,27 kg \/ k\u00e9szlet Csomagol\u00e1s: F\u00f3lia tasak 40 micron M\u00e9ret: 100x100x20 mm\" \/>\n<meta property=\"og:url\" content=\"https:\/\/huronsolutions.ro\/ro\/product-2\/lepcsofok-rogzito-csavar-keszlet\/\" \/>\n<meta property=\"og:site_name\" content=\"Huron Solutions\" \/>\n<meta property=\"article:modified_time\" content=\"2026-04-23T06:26:39+00:00\" \/>\n<meta property=\"og:image\" content=\"https:\/\/huronsolutions.ro\/wp-content\/uploads\/2026\/04\/lepcsofok-rogzito-csavar-3.jpg\" \/>\n\t<meta property=\"og:image:width\" content=\"800\" \/>\n\t<meta property=\"og:image:height\" content=\"800\" \/>\n\t<meta property=\"og:image:type\" content=\"image\/jpeg\" \/>\n<meta name=\"twitter:card\" content=\"summary_large_image\" \/>\n<meta name=\"twitter:label1\" content=\"Pre\u021b\" \/>\n\t<meta name=\"twitter:data1\" content=\"17.86&nbsp;lei + \u00c1FA\" \/>\n\t<meta name=\"twitter:label2\" content=\"Disponibilitate\" \/>\n\t<meta name=\"twitter:data2\" content=\"\u00cen stoc\" \/>\n<script type=\"application\/ld+json\" class=\"yoast-schema-graph\">{\"@context\":\"https:\\\/\\\/schema.org\",\"@graph\":[{\"@type\":\"WebPage\",\"@id\":\"https:\\\/\\\/huronsolutions.ro\\\/termek\\\/lepcsofok-rogzito-csavar-keszlet\\\/\",\"url\":\"https:\\\/\\\/huronsolutions.ro\\\/termek\\\/lepcsofok-rogzito-csavar-keszlet\\\/\",\"name\":\"L\u00e9pcs\u0151fok r\u00f6gz\u00edt\u0151 csavar k\u00e9szlet t\u00fczihorganyzott - Huron Solutions\",\"isPartOf\":{\"@id\":\"https:\\\/\\\/huronsolutions.ro\\\/#website\"},\"primaryImageOfPage\":{\"@id\":\"https:\\\/\\\/huronsolutions.ro\\\/termek\\\/lepcsofok-rogzito-csavar-keszlet\\\/#primaryimage\"},\"image\":{\"@id\":\"https:\\\/\\\/huronsolutions.ro\\\/termek\\\/lepcsofok-rogzito-csavar-keszlet\\\/#primaryimage\"},\"thumbnailUrl\":\"https:\\\/\\\/huronsolutions.ro\\\/wp-content\\\/uploads\\\/2026\\\/04\\\/lepcsofok-rogzito-csavar-3.jpg\",\"datePublished\":\"2026-04-21T09:03:37+00:00\",\"dateModified\":\"2026-04-23T06:26:39+00:00\",\"breadcrumb\":{\"@id\":\"https:\\\/\\\/huronsolutions.ro\\\/termek\\\/lepcsofok-rogzito-csavar-keszlet\\\/#breadcrumb\"},\"inLanguage\":\"ro-RO\",\"potentialAction\":[{\"@type\":\"ReadAction\",\"target\":[\"https:\\\/\\\/huronsolutions.ro\\\/termek\\\/lepcsofok-rogzito-csavar-keszlet\\\/\"]}]},{\"@type\":\"ImageObject\",\"inLanguage\":\"ro-RO\",\"@id\":\"https:\\\/\\\/huronsolutions.ro\\\/termek\\\/lepcsofok-rogzito-csavar-keszlet\\\/#primaryimage\",\"url\":\"https:\\\/\\\/huronsolutions.ro\\\/wp-content\\\/uploads\\\/2026\\\/04\\\/lepcsofok-rogzito-csavar-3.jpg\",\"contentUrl\":\"https:\\\/\\\/huronsolutions.ro\\\/wp-content\\\/uploads\\\/2026\\\/04\\\/lepcsofok-rogzito-csavar-3.jpg\",\"width\":800,\"height\":800},{\"@type\":\"BreadcrumbList\",\"@id\":\"https:\\\/\\\/huronsolutions.ro\\\/termek\\\/lepcsofok-rogzito-csavar-keszlet\\\/#breadcrumb\",\"itemListElement\":[{\"@type\":\"ListItem\",\"position\":1,\"name\":\"Kezd\u0151lap\",\"item\":\"https:\\\/\\\/huronsolutions.ro\\\/\"},{\"@type\":\"ListItem\",\"position\":2,\"name\":\"Term\u00e9keink\",\"item\":\"https:\\\/\\\/huronsolutions.ro\\\/uzlet\\\/\"},{\"@type\":\"ListItem\",\"position\":3,\"name\":\"L\u00e9pcs\u0151fok r\u00f6gz\u00edt\u0151 csavar k\u00e9szlet t\u00fczihorganyzott\"}]},{\"@type\":\"WebSite\",\"@id\":\"https:\\\/\\\/huronsolutions.ro\\\/#website\",\"url\":\"https:\\\/\\\/huronsolutions.ro\\\/\",\"name\":\"Huron Solutions\",\"description\":\"Huron J\u00e1r\u00f3r\u00e1cs\",\"publisher\":{\"@id\":\"https:\\\/\\\/huronsolutions.ro\\\/#organization\"},\"potentialAction\":[{\"@type\":\"SearchAction\",\"target\":{\"@type\":\"EntryPoint\",\"urlTemplate\":\"https:\\\/\\\/huronsolutions.ro\\\/?s={search_term_string}\"},\"query-input\":{\"@type\":\"PropertyValueSpecification\",\"valueRequired\":true,\"valueName\":\"search_term_string\"}}],\"inLanguage\":\"ro-RO\"},{\"@type\":\"Organization\",\"@id\":\"https:\\\/\\\/huronsolutions.ro\\\/#organization\",\"name\":\"Huron Solutions\",\"url\":\"https:\\\/\\\/huronsolutions.ro\\\/\",\"logo\":{\"@type\":\"ImageObject\",\"inLanguage\":\"ro-RO\",\"@id\":\"https:\\\/\\\/huronsolutions.ro\\\/#\\\/schema\\\/logo\\\/image\\\/\",\"url\":\"https:\\\/\\\/huronsolutions.ro\\\/wp-content\\\/uploads\\\/2024\\\/09\\\/Huron-logo-512.jpg\",\"contentUrl\":\"https:\\\/\\\/huronsolutions.ro\\\/wp-content\\\/uploads\\\/2024\\\/09\\\/Huron-logo-512.jpg\",\"width\":514,\"height\":514,\"caption\":\"Huron Solutions\"},\"image\":{\"@id\":\"https:\\\/\\\/huronsolutions.ro\\\/#\\\/schema\\\/logo\\\/image\\\/\"}}]}<\/script>\n<meta property=\"product:price:amount\" content=\"17.86\" \/>\n<meta property=\"product:price:currency\" content=\"RON\" \/>\n<meta property=\"og:availability\" content=\"instock\" \/>\n<meta property=\"product:availability\" content=\"instock\" \/>\n<meta property=\"product:retailer_item_id\" content=\"lepcsofok-rogzito-csavar-keszlet-4\" \/>\n<meta property=\"product:condition\" content=\"new\" \/>\n<!-- \/ Yoast SEO Premium plugin. -->","yoast_head_json":{"title":"Set de \u0219uruburi de fixare a treptelor de sc\u0103ri galvanizate la cald - Huron Solutions","robots":{"index":"index","follow":"follow","max-snippet":"max-snippet:-1","max-image-preview":"max-image-preview:large","max-video-preview":"max-video-preview:-1"},"canonical":"https:\/\/huronsolutions.ro\/ro\/product-2\/lepcsofok-rogzito-csavar-keszlet\/","og_locale":"ro_RO","og_type":"article","og_title":"L\u00e9pcs\u0151fok r\u00f6gz\u00edt\u0151 csavar k\u00e9szlet t\u00fczihorganyzott - Huron Solutions","og_description":"K\u00e9szlet tartalma: 4 db - Hatlapfej\u0171 t\u00f6vigmenetes csavar M12x35 mm, any\u00e1val SB EN15048, t\u00fczihorganyzott 8 db - Lapos al\u00e1t\u00e9t A t\u00edpus, t\u00fczihorganyzott  S\u00faly: 0,27 kg \/ k\u00e9szlet Csomagol\u00e1s: F\u00f3lia tasak 40 micron M\u00e9ret: 100x100x20 mm","og_url":"https:\/\/huronsolutions.ro\/ro\/product-2\/lepcsofok-rogzito-csavar-keszlet\/","og_site_name":"Huron Solutions","article_modified_time":"2026-04-23T06:26:39+00:00","og_image":[{"width":800,"height":800,"url":"https:\/\/huronsolutions.ro\/wp-content\/uploads\/2026\/04\/lepcsofok-rogzito-csavar-3.jpg","type":"image\/jpeg"}],"twitter_card":"summary_large_image","twitter_misc":{"Pre\u021b":"17.86&nbsp;lei + \u00c1FA","Disponibilitate":"\u00cen stoc"},"schema":{"@context":"https:\/\/schema.org","@graph":[{"@type":"WebPage","@id":"https:\/\/huronsolutions.ro\/termek\/lepcsofok-rogzito-csavar-keszlet\/","url":"https:\/\/huronsolutions.ro\/termek\/lepcsofok-rogzito-csavar-keszlet\/","name":"Set de \u0219uruburi de fixare a treptelor de sc\u0103ri galvanizate la cald - Huron Solutions","isPartOf":{"@id":"https:\/\/huronsolutions.ro\/#website"},"primaryImageOfPage":{"@id":"https:\/\/huronsolutions.ro\/termek\/lepcsofok-rogzito-csavar-keszlet\/#primaryimage"},"image":{"@id":"https:\/\/huronsolutions.ro\/termek\/lepcsofok-rogzito-csavar-keszlet\/#primaryimage"},"thumbnailUrl":"https:\/\/huronsolutions.ro\/wp-content\/uploads\/2026\/04\/lepcsofok-rogzito-csavar-3.jpg","datePublished":"2026-04-21T09:03:37+00:00","dateModified":"2026-04-23T06:26:39+00:00","breadcrumb":{"@id":"https:\/\/huronsolutions.ro\/termek\/lepcsofok-rogzito-csavar-keszlet\/#breadcrumb"},"inLanguage":"ro-RO","potentialAction":[{"@type":"ReadAction","target":["https:\/\/huronsolutions.ro\/termek\/lepcsofok-rogzito-csavar-keszlet\/"]}]},{"@type":"ImageObject","inLanguage":"ro-RO","@id":"https:\/\/huronsolutions.ro\/termek\/lepcsofok-rogzito-csavar-keszlet\/#primaryimage","url":"https:\/\/huronsolutions.ro\/wp-content\/uploads\/2026\/04\/lepcsofok-rogzito-csavar-3.jpg","contentUrl":"https:\/\/huronsolutions.ro\/wp-content\/uploads\/2026\/04\/lepcsofok-rogzito-csavar-3.jpg","width":800,"height":800},{"@type":"BreadcrumbList","@id":"https:\/\/huronsolutions.ro\/termek\/lepcsofok-rogzito-csavar-keszlet\/#breadcrumb","itemListElement":[{"@type":"ListItem","position":1,"name":"Kezd\u0151lap","item":"https:\/\/huronsolutions.ro\/"},{"@type":"ListItem","position":2,"name":"Term\u00e9keink","item":"https:\/\/huronsolutions.ro\/uzlet\/"},{"@type":"ListItem","position":3,"name":"L\u00e9pcs\u0151fok r\u00f6gz\u00edt\u0151 csavar k\u00e9szlet t\u00fczihorganyzott"}]},{"@type":"WebSite","@id":"https:\/\/huronsolutions.ro\/#website","url":"https:\/\/huronsolutions.ro\/","name":"Huron Solutions","description":"Gr\u0103tare pietonale HURON","publisher":{"@id":"https:\/\/huronsolutions.ro\/#organization"},"potentialAction":[{"@type":"SearchAction","target":{"@type":"EntryPoint","urlTemplate":"https:\/\/huronsolutions.ro\/?s={search_term_string}"},"query-input":{"@type":"PropertyValueSpecification","valueRequired":true,"valueName":"search_term_string"}}],"inLanguage":"ro-RO"},{"@type":"Organization","@id":"https:\/\/huronsolutions.ro\/#organization","name":"Huron Solutions","url":"https:\/\/huronsolutions.ro\/","logo":{"@type":"ImageObject","inLanguage":"ro-RO","@id":"https:\/\/huronsolutions.ro\/#\/schema\/logo\/image\/","url":"https:\/\/huronsolutions.ro\/wp-content\/uploads\/2024\/09\/Huron-logo-512.jpg","contentUrl":"https:\/\/huronsolutions.ro\/wp-content\/uploads\/2024\/09\/Huron-logo-512.jpg","width":514,"height":514,"caption":"Huron Solutions"},"image":{"@id":"https:\/\/huronsolutions.ro\/#\/schema\/logo\/image\/"}}]},"product_price_amount":"17.86","product_price_currency":"RON","og_availability":"instock","product_availability":"instock","product_retailer_item_id":"lepcsofok-rogzito-csavar-keszlet-4","product_condition":"new"},"_links":{"self":[{"href":"https:\/\/huronsolutions.ro\/ro\/wp-json\/wp\/v2\/product\/2539","targetHints":{"allow":["GET"]}}],"collection":[{"href":"https:\/\/huronsolutions.ro\/ro\/wp-json\/wp\/v2\/product"}],"about":[{"href":"https:\/\/huronsolutions.ro\/ro\/wp-json\/wp\/v2\/types\/product"}],"wp:featuredmedia":[{"embeddable":true,"href":"https:\/\/huronsolutions.ro\/ro\/wp-json\/wp\/v2\/media\/2542"}],"wp:attachment":[{"href":"https:\/\/huronsolutions.ro\/ro\/wp-json\/wp\/v2\/media?parent=2539"}],"wp:term":[{"taxonomy":"product_cat","embeddable":true,"href":"https:\/\/huronsolutions.ro\/ro\/wp-json\/wp\/v2\/product_cat?post=2539"},{"taxonomy":"product_tag","embeddable":true,"href":"https:\/\/huronsolutions.ro\/ro\/wp-json\/wp\/v2\/product_tag?post=2539"}],"curies":[{"name":"wp","href":"https:\/\/api.w.org\/{rel}","templated":true}]}}