{"id":1723,"date":"2024-09-23T16:42:14","date_gmt":"2024-09-23T14:42:14","guid":{"rendered":"https:\/\/huronsolutions.ro\/termek\/rogzito-szerelveny-22-es-osztasu-racshoz-tuzihorganyzott\/"},"modified":"2026-04-23T08:26:39","modified_gmt":"2026-04-23T06:26:39","slug":"rogzito-szerelveny-22-es-osztasu-racshoz-tuzihorganyzott","status":"publish","type":"product","link":"https:\/\/huronsolutions.ro\/ro\/termek\/rogzito-szerelveny-22-es-osztasu-racshoz-tuzihorganyzott\/","title":{"rendered":"Dispozitiv de fixare gr\u0103tar cu ochi de 22 mm, zincat la cald"},"content":{"rendered":"","protected":false},"excerpt":{"rendered":"<p>Dispozitiv de str\u00e2ngere \u0219i fixare pentru grilaj de calibru 22, finisaj galvanizat la cald.<\/p>","protected":false},"featured_media":1938,"template":"","meta":[],"product_cat":[70],"product_tag":[60,62],"class_list":{"0":"post-1723","1":"product","2":"type-product","3":"status-publish","4":"has-post-thumbnail","6":"product_cat-rogzito-szerelvenyek","7":"product_tag-szerelveny","8":"product_tag-tuzihorganyzott","9":"product_shipping_class-alacsony","10":"sales-flash-overlay","11":"woocommerce-text-align-center","12":"woocommerce-image-align-center","13":"do-quantity-buttons","15":"first","16":"instock","17":"taxable","18":"shipping-taxable","19":"purchasable","20":"product-type-simple"},"yoast_head":"<!-- This site is optimized with the Yoast SEO Premium plugin v27.4 (Yoast SEO v27.4) - https:\/\/yoast.com\/product\/yoast-seo-premium-wordpress\/ -->\n<title>R\u00f6gz\u00edt\u0151 szerelv\u00e9ny 22-es oszt\u00e1s\u00fa r\u00e1cshoz, t\u00fczihorganyzott - Huron Solutions<\/title>\n<meta name=\"robots\" content=\"index, follow, max-snippet:-1, max-image-preview:large, max-video-preview:-1\" \/>\n<link rel=\"canonical\" href=\"https:\/\/huronsolutions.ro\/ro\/product-2\/rogzito-szerelveny-22-es-osztasu-racshoz-tuzihorganyzott\/\" \/>\n<meta property=\"og:locale\" content=\"ro_RO\" \/>\n<meta property=\"og:type\" content=\"article\" \/>\n<meta property=\"og:title\" content=\"R\u00f6gz\u00edt\u0151 szerelv\u00e9ny 22-es oszt\u00e1s\u00fa r\u00e1cshoz, t\u00fczihorganyzott - Huron Solutions\" \/>\n<meta property=\"og:description\" content=\"T\u00e1rcs\u00e1s leszor\u00edt\u00f3, r\u00f6gz\u00edt\u0151 szerelv\u00e9ny 22-es oszt\u00e1s\u00fa r\u00e1cshoz, t\u00fczihorganyzott kivitelben.\" \/>\n<meta property=\"og:url\" content=\"https:\/\/huronsolutions.ro\/ro\/product-2\/rogzito-szerelveny-22-es-osztasu-racshoz-tuzihorganyzott\/\" \/>\n<meta property=\"og:site_name\" content=\"Huron Solutions\" \/>\n<meta property=\"article:modified_time\" content=\"2026-04-23T06:26:39+00:00\" \/>\n<meta property=\"og:image\" content=\"https:\/\/huronsolutions.ro\/wp-content\/uploads\/2024\/09\/tarcsas-leszorito-tm.jpg\" \/>\n\t<meta property=\"og:image:width\" content=\"800\" \/>\n\t<meta property=\"og:image:height\" content=\"800\" \/>\n\t<meta property=\"og:image:type\" content=\"image\/jpeg\" \/>\n<meta name=\"twitter:card\" content=\"summary_large_image\" \/>\n<meta name=\"twitter:label1\" content=\"Pre\u021b\" \/>\n\t<meta name=\"twitter:data1\" content=\"6.43&nbsp;lei + \u00c1FA\" \/>\n\t<meta name=\"twitter:label2\" content=\"Disponibilitate\" \/>\n\t<meta name=\"twitter:data2\" content=\"\u00cen stoc\" \/>\n<script type=\"application\/ld+json\" class=\"yoast-schema-graph\">{\"@context\":\"https:\\\/\\\/schema.org\",\"@graph\":[{\"@type\":\"WebPage\",\"@id\":\"https:\\\/\\\/huronsolutions.ro\\\/termek\\\/rogzito-szerelveny-22-es-osztasu-racshoz-tuzihorganyzott\\\/\",\"url\":\"https:\\\/\\\/huronsolutions.ro\\\/termek\\\/rogzito-szerelveny-22-es-osztasu-racshoz-tuzihorganyzott\\\/\",\"name\":\"R\u00f6gz\u00edt\u0151 szerelv\u00e9ny 22-es oszt\u00e1s\u00fa r\u00e1cshoz, t\u00fczihorganyzott - Huron Solutions\",\"isPartOf\":{\"@id\":\"https:\\\/\\\/huronsolutions.ro\\\/#website\"},\"primaryImageOfPage\":{\"@id\":\"https:\\\/\\\/huronsolutions.ro\\\/termek\\\/rogzito-szerelveny-22-es-osztasu-racshoz-tuzihorganyzott\\\/#primaryimage\"},\"image\":{\"@id\":\"https:\\\/\\\/huronsolutions.ro\\\/termek\\\/rogzito-szerelveny-22-es-osztasu-racshoz-tuzihorganyzott\\\/#primaryimage\"},\"thumbnailUrl\":\"https:\\\/\\\/huronsolutions.ro\\\/wp-content\\\/uploads\\\/2024\\\/09\\\/tarcsas-leszorito-tm.jpg\",\"datePublished\":\"2024-09-23T14:42:14+00:00\",\"dateModified\":\"2026-04-23T06:26:39+00:00\",\"breadcrumb\":{\"@id\":\"https:\\\/\\\/huronsolutions.ro\\\/termek\\\/rogzito-szerelveny-22-es-osztasu-racshoz-tuzihorganyzott\\\/#breadcrumb\"},\"inLanguage\":\"ro-RO\",\"potentialAction\":[{\"@type\":\"ReadAction\",\"target\":[\"https:\\\/\\\/huronsolutions.ro\\\/termek\\\/rogzito-szerelveny-22-es-osztasu-racshoz-tuzihorganyzott\\\/\"]}]},{\"@type\":\"ImageObject\",\"inLanguage\":\"ro-RO\",\"@id\":\"https:\\\/\\\/huronsolutions.ro\\\/termek\\\/rogzito-szerelveny-22-es-osztasu-racshoz-tuzihorganyzott\\\/#primaryimage\",\"url\":\"https:\\\/\\\/huronsolutions.ro\\\/wp-content\\\/uploads\\\/2024\\\/09\\\/tarcsas-leszorito-tm.jpg\",\"contentUrl\":\"https:\\\/\\\/huronsolutions.ro\\\/wp-content\\\/uploads\\\/2024\\\/09\\\/tarcsas-leszorito-tm.jpg\",\"width\":800,\"height\":800,\"caption\":\"T\u00e1rcs\u00e1s leszor\u00edt\u00f3\"},{\"@type\":\"BreadcrumbList\",\"@id\":\"https:\\\/\\\/huronsolutions.ro\\\/termek\\\/rogzito-szerelveny-22-es-osztasu-racshoz-tuzihorganyzott\\\/#breadcrumb\",\"itemListElement\":[{\"@type\":\"ListItem\",\"position\":1,\"name\":\"Kezd\u0151lap\",\"item\":\"https:\\\/\\\/huronsolutions.ro\\\/\"},{\"@type\":\"ListItem\",\"position\":2,\"name\":\"Term\u00e9keink\",\"item\":\"https:\\\/\\\/huronsolutions.ro\\\/uzlet\\\/\"},{\"@type\":\"ListItem\",\"position\":3,\"name\":\"R\u00f6gz\u00edt\u0151 szerelv\u00e9ny 22-es oszt\u00e1s\u00fa r\u00e1cshoz, t\u00fczihorganyzott\"}]},{\"@type\":\"WebSite\",\"@id\":\"https:\\\/\\\/huronsolutions.ro\\\/#website\",\"url\":\"https:\\\/\\\/huronsolutions.ro\\\/\",\"name\":\"Huron Solutions\",\"description\":\"Huron J\u00e1r\u00f3r\u00e1cs\",\"publisher\":{\"@id\":\"https:\\\/\\\/huronsolutions.ro\\\/#organization\"},\"potentialAction\":[{\"@type\":\"SearchAction\",\"target\":{\"@type\":\"EntryPoint\",\"urlTemplate\":\"https:\\\/\\\/huronsolutions.ro\\\/?s={search_term_string}\"},\"query-input\":{\"@type\":\"PropertyValueSpecification\",\"valueRequired\":true,\"valueName\":\"search_term_string\"}}],\"inLanguage\":\"ro-RO\"},{\"@type\":\"Organization\",\"@id\":\"https:\\\/\\\/huronsolutions.ro\\\/#organization\",\"name\":\"Huron Solutions\",\"url\":\"https:\\\/\\\/huronsolutions.ro\\\/\",\"logo\":{\"@type\":\"ImageObject\",\"inLanguage\":\"ro-RO\",\"@id\":\"https:\\\/\\\/huronsolutions.ro\\\/#\\\/schema\\\/logo\\\/image\\\/\",\"url\":\"https:\\\/\\\/huronsolutions.ro\\\/wp-content\\\/uploads\\\/2024\\\/09\\\/Huron-logo-512.jpg\",\"contentUrl\":\"https:\\\/\\\/huronsolutions.ro\\\/wp-content\\\/uploads\\\/2024\\\/09\\\/Huron-logo-512.jpg\",\"width\":514,\"height\":514,\"caption\":\"Huron Solutions\"},\"image\":{\"@id\":\"https:\\\/\\\/huronsolutions.ro\\\/#\\\/schema\\\/logo\\\/image\\\/\"}}]}<\/script>\n<meta property=\"product:price:amount\" content=\"6.43\" \/>\n<meta property=\"product:price:currency\" content=\"RON\" \/>\n<meta property=\"og:availability\" content=\"instock\" \/>\n<meta property=\"product:availability\" content=\"instock\" \/>\n<meta property=\"product:retailer_item_id\" content=\"rogz\u00edto-szerelveny-22-es-osztasu-racshoz-horg\" \/>\n<meta property=\"product:condition\" content=\"new\" \/>\n<!-- \/ Yoast SEO Premium plugin. -->","yoast_head_json":{"title":"Racord pentru grila de calibru 22, galvanizat la cald - Huron Solutions","robots":{"index":"index","follow":"follow","max-snippet":"max-snippet:-1","max-image-preview":"max-image-preview:large","max-video-preview":"max-video-preview:-1"},"canonical":"https:\/\/huronsolutions.ro\/ro\/product-2\/rogzito-szerelveny-22-es-osztasu-racshoz-tuzihorganyzott\/","og_locale":"ro_RO","og_type":"article","og_title":"R\u00f6gz\u00edt\u0151 szerelv\u00e9ny 22-es oszt\u00e1s\u00fa r\u00e1cshoz, t\u00fczihorganyzott - Huron Solutions","og_description":"T\u00e1rcs\u00e1s leszor\u00edt\u00f3, r\u00f6gz\u00edt\u0151 szerelv\u00e9ny 22-es oszt\u00e1s\u00fa r\u00e1cshoz, t\u00fczihorganyzott kivitelben.","og_url":"https:\/\/huronsolutions.ro\/ro\/product-2\/rogzito-szerelveny-22-es-osztasu-racshoz-tuzihorganyzott\/","og_site_name":"Huron Solutions","article_modified_time":"2026-04-23T06:26:39+00:00","og_image":[{"width":800,"height":800,"url":"https:\/\/huronsolutions.ro\/wp-content\/uploads\/2024\/09\/tarcsas-leszorito-tm.jpg","type":"image\/jpeg"}],"twitter_card":"summary_large_image","twitter_misc":{"Pre\u021b":"6.43&nbsp;lei + \u00c1FA","Disponibilitate":"\u00cen stoc"},"schema":{"@context":"https:\/\/schema.org","@graph":[{"@type":"WebPage","@id":"https:\/\/huronsolutions.ro\/termek\/rogzito-szerelveny-22-es-osztasu-racshoz-tuzihorganyzott\/","url":"https:\/\/huronsolutions.ro\/termek\/rogzito-szerelveny-22-es-osztasu-racshoz-tuzihorganyzott\/","name":"Racord pentru grila de calibru 22, galvanizat la cald - Huron Solutions","isPartOf":{"@id":"https:\/\/huronsolutions.ro\/#website"},"primaryImageOfPage":{"@id":"https:\/\/huronsolutions.ro\/termek\/rogzito-szerelveny-22-es-osztasu-racshoz-tuzihorganyzott\/#primaryimage"},"image":{"@id":"https:\/\/huronsolutions.ro\/termek\/rogzito-szerelveny-22-es-osztasu-racshoz-tuzihorganyzott\/#primaryimage"},"thumbnailUrl":"https:\/\/huronsolutions.ro\/wp-content\/uploads\/2024\/09\/tarcsas-leszorito-tm.jpg","datePublished":"2024-09-23T14:42:14+00:00","dateModified":"2026-04-23T06:26:39+00:00","breadcrumb":{"@id":"https:\/\/huronsolutions.ro\/termek\/rogzito-szerelveny-22-es-osztasu-racshoz-tuzihorganyzott\/#breadcrumb"},"inLanguage":"ro-RO","potentialAction":[{"@type":"ReadAction","target":["https:\/\/huronsolutions.ro\/termek\/rogzito-szerelveny-22-es-osztasu-racshoz-tuzihorganyzott\/"]}]},{"@type":"ImageObject","inLanguage":"ro-RO","@id":"https:\/\/huronsolutions.ro\/termek\/rogzito-szerelveny-22-es-osztasu-racshoz-tuzihorganyzott\/#primaryimage","url":"https:\/\/huronsolutions.ro\/wp-content\/uploads\/2024\/09\/tarcsas-leszorito-tm.jpg","contentUrl":"https:\/\/huronsolutions.ro\/wp-content\/uploads\/2024\/09\/tarcsas-leszorito-tm.jpg","width":800,"height":800,"caption":"T\u00e1rcs\u00e1s leszor\u00edt\u00f3"},{"@type":"BreadcrumbList","@id":"https:\/\/huronsolutions.ro\/termek\/rogzito-szerelveny-22-es-osztasu-racshoz-tuzihorganyzott\/#breadcrumb","itemListElement":[{"@type":"ListItem","position":1,"name":"Kezd\u0151lap","item":"https:\/\/huronsolutions.ro\/"},{"@type":"ListItem","position":2,"name":"Term\u00e9keink","item":"https:\/\/huronsolutions.ro\/uzlet\/"},{"@type":"ListItem","position":3,"name":"R\u00f6gz\u00edt\u0151 szerelv\u00e9ny 22-es oszt\u00e1s\u00fa r\u00e1cshoz, t\u00fczihorganyzott"}]},{"@type":"WebSite","@id":"https:\/\/huronsolutions.ro\/#website","url":"https:\/\/huronsolutions.ro\/","name":"Huron Solutions","description":"Gr\u0103tare pietonale HURON","publisher":{"@id":"https:\/\/huronsolutions.ro\/#organization"},"potentialAction":[{"@type":"SearchAction","target":{"@type":"EntryPoint","urlTemplate":"https:\/\/huronsolutions.ro\/?s={search_term_string}"},"query-input":{"@type":"PropertyValueSpecification","valueRequired":true,"valueName":"search_term_string"}}],"inLanguage":"ro-RO"},{"@type":"Organization","@id":"https:\/\/huronsolutions.ro\/#organization","name":"Huron Solutions","url":"https:\/\/huronsolutions.ro\/","logo":{"@type":"ImageObject","inLanguage":"ro-RO","@id":"https:\/\/huronsolutions.ro\/#\/schema\/logo\/image\/","url":"https:\/\/huronsolutions.ro\/wp-content\/uploads\/2024\/09\/Huron-logo-512.jpg","contentUrl":"https:\/\/huronsolutions.ro\/wp-content\/uploads\/2024\/09\/Huron-logo-512.jpg","width":514,"height":514,"caption":"Huron Solutions"},"image":{"@id":"https:\/\/huronsolutions.ro\/#\/schema\/logo\/image\/"}}]},"product_price_amount":"6.43","product_price_currency":"RON","og_availability":"instock","product_availability":"instock","product_retailer_item_id":"rogz\u00edto-szerelveny-22-es-osztasu-racshoz-horg","product_condition":"new"},"_links":{"self":[{"href":"https:\/\/huronsolutions.ro\/ro\/wp-json\/wp\/v2\/product\/1723","targetHints":{"allow":["GET"]}}],"collection":[{"href":"https:\/\/huronsolutions.ro\/ro\/wp-json\/wp\/v2\/product"}],"about":[{"href":"https:\/\/huronsolutions.ro\/ro\/wp-json\/wp\/v2\/types\/product"}],"wp:featuredmedia":[{"embeddable":true,"href":"https:\/\/huronsolutions.ro\/ro\/wp-json\/wp\/v2\/media\/1938"}],"wp:attachment":[{"href":"https:\/\/huronsolutions.ro\/ro\/wp-json\/wp\/v2\/media?parent=1723"}],"wp:term":[{"taxonomy":"product_cat","embeddable":true,"href":"https:\/\/huronsolutions.ro\/ro\/wp-json\/wp\/v2\/product_cat?post=1723"},{"taxonomy":"product_tag","embeddable":true,"href":"https:\/\/huronsolutions.ro\/ro\/wp-json\/wp\/v2\/product_tag?post=1723"}],"curies":[{"name":"wp","href":"https:\/\/api.w.org\/{rel}","templated":true}]}}