{"id":1720,"date":"2024-09-23T16:42:14","date_gmt":"2024-09-23T14:42:14","guid":{"rendered":"https:\/\/huronsolutions.ro\/termek\/tablaracs-sp-tipus3000x1000-mm-foborda-40x3-mm\/"},"modified":"2026-04-23T08:26:41","modified_gmt":"2026-04-23T06:26:41","slug":"tablaracs-sp-tipus3000x1000-mm-foborda-40x3-mm","status":"publish","type":"product","link":"https:\/\/huronsolutions.ro\/ro\/termek\/tablaracs-sp-tipus3000x1000-mm-foborda-40x3-mm\/","title":{"rendered":"Gr\u0103tar metalic tip coal\u0103 nezincat Huron SP 3000\u00d71000 mm, bar\u0103 principal\u0103: 40\u00d73 mm"},"content":{"rendered":"","protected":false},"excerpt":{"rendered":"<ul>\n<li>Tip: <strong>SP<\/strong> - grilaj metalic sudat<\/li>\n<li>Pas: 34 x 38 mm<\/li>\n<li>Lungimea barei portante: 3000 mm<\/li>\n<li>Lungimea barei transversale: 1000 mm<\/li>\n<li>Suprafa\u021b\u0103: nezincat<\/li>\n<li>Greutate: 150 kg<\/li>\n<\/ul>","protected":false},"featured_media":1784,"template":"","meta":[],"product_cat":[68],"product_tag":[56,61],"class_list":{"0":"post-1720","1":"product","2":"type-product","3":"status-publish","4":"has-post-thumbnail","6":"product_cat-raktari-tablaracsok","7":"product_tag-natur","8":"product_tag-tablaracs","9":"product_shipping_class-egyedi","10":"sales-flash-overlay","11":"woocommerce-text-align-center","12":"woocommerce-image-align-center","13":"do-quantity-buttons","15":"first","16":"instock","17":"taxable","18":"shipping-taxable","19":"purchasable","20":"product-type-simple"},"yoast_head":"<!-- This site is optimized with the Yoast SEO Premium plugin v27.4 (Yoast SEO v27.4) - https:\/\/yoast.com\/product\/yoast-seo-premium-wordpress\/ -->\n<title>Huron T\u00e1blar\u00e1cs SP t\u00edpus 3000x1000 mm, F\u0151borda: 40x3 mm Nat\u00far - Huron Solutions<\/title>\n<meta name=\"robots\" content=\"index, follow, max-snippet:-1, max-image-preview:large, max-video-preview:-1\" \/>\n<link rel=\"canonical\" href=\"https:\/\/huronsolutions.ro\/ro\/product-2\/tablaracs-sp-tipus3000x1000-mm-foborda-40x3-mm\/\" \/>\n<meta property=\"og:locale\" content=\"ro_RO\" \/>\n<meta property=\"og:type\" content=\"article\" \/>\n<meta property=\"og:title\" content=\"Huron T\u00e1blar\u00e1cs SP t\u00edpus 3000x1000 mm, F\u0151borda: 40x3 mm Nat\u00far - Huron Solutions\" \/>\n<meta property=\"og:description\" content=\"T\u00edpus: SP \u2013 hegesztett t\u00e1blar\u00e1cs  Oszt\u00e1s: 34 x 38 mm  F\u0151borda hossza: 3000 mm  Mell\u00e9kborda hossza: 1000 mm  Fel\u00fcletkezel\u00e9s: Nat\u00far  T\u00f6meg: 150 kg\" \/>\n<meta property=\"og:url\" content=\"https:\/\/huronsolutions.ro\/ro\/product-2\/tablaracs-sp-tipus3000x1000-mm-foborda-40x3-mm\/\" \/>\n<meta property=\"og:site_name\" content=\"Huron Solutions\" \/>\n<meta property=\"article:modified_time\" content=\"2026-04-23T06:26:41+00:00\" \/>\n<meta property=\"og:image\" content=\"https:\/\/huronsolutions.ro\/wp-content\/uploads\/2024\/09\/SP-tablak-targoncaval.jpg\" \/>\n\t<meta property=\"og:image:width\" content=\"800\" \/>\n\t<meta property=\"og:image:height\" content=\"800\" \/>\n\t<meta property=\"og:image:type\" content=\"image\/jpeg\" \/>\n<meta name=\"twitter:card\" content=\"summary_large_image\" \/>\n<meta name=\"twitter:label1\" content=\"Pre\u021b\" \/>\n\t<meta name=\"twitter:data1\" content=\"975.11&nbsp;lei + \u00c1FA\" \/>\n\t<meta name=\"twitter:label2\" content=\"Disponibilitate\" \/>\n\t<meta name=\"twitter:data2\" content=\"\u00cen stoc\" \/>\n<script type=\"application\/ld+json\" class=\"yoast-schema-graph\">{\"@context\":\"https:\\\/\\\/schema.org\",\"@graph\":[{\"@type\":\"WebPage\",\"@id\":\"https:\\\/\\\/huronsolutions.ro\\\/termek\\\/tablaracs-sp-tipus3000x1000-mm-foborda-40x3-mm\\\/\",\"url\":\"https:\\\/\\\/huronsolutions.ro\\\/termek\\\/tablaracs-sp-tipus3000x1000-mm-foborda-40x3-mm\\\/\",\"name\":\"Huron T\u00e1blar\u00e1cs SP t\u00edpus 3000x1000 mm, F\u0151borda: 40x3 mm Nat\u00far - Huron Solutions\",\"isPartOf\":{\"@id\":\"https:\\\/\\\/huronsolutions.ro\\\/#website\"},\"primaryImageOfPage\":{\"@id\":\"https:\\\/\\\/huronsolutions.ro\\\/termek\\\/tablaracs-sp-tipus3000x1000-mm-foborda-40x3-mm\\\/#primaryimage\"},\"image\":{\"@id\":\"https:\\\/\\\/huronsolutions.ro\\\/termek\\\/tablaracs-sp-tipus3000x1000-mm-foborda-40x3-mm\\\/#primaryimage\"},\"thumbnailUrl\":\"https:\\\/\\\/huronsolutions.ro\\\/wp-content\\\/uploads\\\/2024\\\/09\\\/SP-tablak-targoncaval.jpg\",\"datePublished\":\"2024-09-23T14:42:14+00:00\",\"dateModified\":\"2026-04-23T06:26:41+00:00\",\"breadcrumb\":{\"@id\":\"https:\\\/\\\/huronsolutions.ro\\\/termek\\\/tablaracs-sp-tipus3000x1000-mm-foborda-40x3-mm\\\/#breadcrumb\"},\"inLanguage\":\"ro-RO\",\"potentialAction\":[{\"@type\":\"ReadAction\",\"target\":[\"https:\\\/\\\/huronsolutions.ro\\\/termek\\\/tablaracs-sp-tipus3000x1000-mm-foborda-40x3-mm\\\/\"]}]},{\"@type\":\"ImageObject\",\"inLanguage\":\"ro-RO\",\"@id\":\"https:\\\/\\\/huronsolutions.ro\\\/termek\\\/tablaracs-sp-tipus3000x1000-mm-foborda-40x3-mm\\\/#primaryimage\",\"url\":\"https:\\\/\\\/huronsolutions.ro\\\/wp-content\\\/uploads\\\/2024\\\/09\\\/SP-tablak-targoncaval.jpg\",\"contentUrl\":\"https:\\\/\\\/huronsolutions.ro\\\/wp-content\\\/uploads\\\/2024\\\/09\\\/SP-tablak-targoncaval.jpg\",\"width\":800,\"height\":800,\"caption\":\"T\u00e1blar\u00e1cs SP t\u00edpus\"},{\"@type\":\"BreadcrumbList\",\"@id\":\"https:\\\/\\\/huronsolutions.ro\\\/termek\\\/tablaracs-sp-tipus3000x1000-mm-foborda-40x3-mm\\\/#breadcrumb\",\"itemListElement\":[{\"@type\":\"ListItem\",\"position\":1,\"name\":\"Kezd\u0151lap\",\"item\":\"https:\\\/\\\/huronsolutions.ro\\\/\"},{\"@type\":\"ListItem\",\"position\":2,\"name\":\"Term\u00e9keink\",\"item\":\"https:\\\/\\\/huronsolutions.ro\\\/uzlet\\\/\"},{\"@type\":\"ListItem\",\"position\":3,\"name\":\"Huron T\u00e1blar\u00e1cs SP t\u00edpus 3000&#215;1000 mm, F\u0151borda: 40&#215;3 mm Nat\u00far\"}]},{\"@type\":\"WebSite\",\"@id\":\"https:\\\/\\\/huronsolutions.ro\\\/#website\",\"url\":\"https:\\\/\\\/huronsolutions.ro\\\/\",\"name\":\"Huron Solutions\",\"description\":\"Huron J\u00e1r\u00f3r\u00e1cs\",\"publisher\":{\"@id\":\"https:\\\/\\\/huronsolutions.ro\\\/#organization\"},\"potentialAction\":[{\"@type\":\"SearchAction\",\"target\":{\"@type\":\"EntryPoint\",\"urlTemplate\":\"https:\\\/\\\/huronsolutions.ro\\\/?s={search_term_string}\"},\"query-input\":{\"@type\":\"PropertyValueSpecification\",\"valueRequired\":true,\"valueName\":\"search_term_string\"}}],\"inLanguage\":\"ro-RO\"},{\"@type\":\"Organization\",\"@id\":\"https:\\\/\\\/huronsolutions.ro\\\/#organization\",\"name\":\"Huron Solutions\",\"url\":\"https:\\\/\\\/huronsolutions.ro\\\/\",\"logo\":{\"@type\":\"ImageObject\",\"inLanguage\":\"ro-RO\",\"@id\":\"https:\\\/\\\/huronsolutions.ro\\\/#\\\/schema\\\/logo\\\/image\\\/\",\"url\":\"https:\\\/\\\/huronsolutions.ro\\\/wp-content\\\/uploads\\\/2024\\\/09\\\/Huron-logo-512.jpg\",\"contentUrl\":\"https:\\\/\\\/huronsolutions.ro\\\/wp-content\\\/uploads\\\/2024\\\/09\\\/Huron-logo-512.jpg\",\"width\":514,\"height\":514,\"caption\":\"Huron Solutions\"},\"image\":{\"@id\":\"https:\\\/\\\/huronsolutions.ro\\\/#\\\/schema\\\/logo\\\/image\\\/\"}}]}<\/script>\n<meta property=\"product:price:amount\" content=\"975.11\" \/>\n<meta property=\"product:price:currency\" content=\"RON\" \/>\n<meta property=\"og:availability\" content=\"instock\" \/>\n<meta property=\"product:availability\" content=\"instock\" \/>\n<meta property=\"product:retailer_item_id\" content=\"tablaracs-3000x1000-mm-foborda-40x3-mm\" \/>\n<meta property=\"product:condition\" content=\"new\" \/>\n<!-- \/ Yoast SEO Premium plugin. -->","yoast_head_json":{"title":"Huron SP tip 3000x1000 mm, nervur\u0103 principal\u0103: 40x3 mm Natural - Huron Solutions","robots":{"index":"index","follow":"follow","max-snippet":"max-snippet:-1","max-image-preview":"max-image-preview:large","max-video-preview":"max-video-preview:-1"},"canonical":"https:\/\/huronsolutions.ro\/ro\/product-2\/tablaracs-sp-tipus3000x1000-mm-foborda-40x3-mm\/","og_locale":"ro_RO","og_type":"article","og_title":"Huron T\u00e1blar\u00e1cs SP t\u00edpus 3000x1000 mm, F\u0151borda: 40x3 mm Nat\u00far - Huron Solutions","og_description":"T\u00edpus: SP \u2013 hegesztett t\u00e1blar\u00e1cs  Oszt\u00e1s: 34 x 38 mm  F\u0151borda hossza: 3000 mm  Mell\u00e9kborda hossza: 1000 mm  Fel\u00fcletkezel\u00e9s: Nat\u00far  T\u00f6meg: 150 kg","og_url":"https:\/\/huronsolutions.ro\/ro\/product-2\/tablaracs-sp-tipus3000x1000-mm-foborda-40x3-mm\/","og_site_name":"Huron Solutions","article_modified_time":"2026-04-23T06:26:41+00:00","og_image":[{"width":800,"height":800,"url":"https:\/\/huronsolutions.ro\/wp-content\/uploads\/2024\/09\/SP-tablak-targoncaval.jpg","type":"image\/jpeg"}],"twitter_card":"summary_large_image","twitter_misc":{"Pre\u021b":"975.11&nbsp;lei + \u00c1FA","Disponibilitate":"\u00cen stoc"},"schema":{"@context":"https:\/\/schema.org","@graph":[{"@type":"WebPage","@id":"https:\/\/huronsolutions.ro\/termek\/tablaracs-sp-tipus3000x1000-mm-foborda-40x3-mm\/","url":"https:\/\/huronsolutions.ro\/termek\/tablaracs-sp-tipus3000x1000-mm-foborda-40x3-mm\/","name":"Huron SP tip 3000x1000 mm, nervur\u0103 principal\u0103: 40x3 mm Natural - Huron Solutions","isPartOf":{"@id":"https:\/\/huronsolutions.ro\/#website"},"primaryImageOfPage":{"@id":"https:\/\/huronsolutions.ro\/termek\/tablaracs-sp-tipus3000x1000-mm-foborda-40x3-mm\/#primaryimage"},"image":{"@id":"https:\/\/huronsolutions.ro\/termek\/tablaracs-sp-tipus3000x1000-mm-foborda-40x3-mm\/#primaryimage"},"thumbnailUrl":"https:\/\/huronsolutions.ro\/wp-content\/uploads\/2024\/09\/SP-tablak-targoncaval.jpg","datePublished":"2024-09-23T14:42:14+00:00","dateModified":"2026-04-23T06:26:41+00:00","breadcrumb":{"@id":"https:\/\/huronsolutions.ro\/termek\/tablaracs-sp-tipus3000x1000-mm-foborda-40x3-mm\/#breadcrumb"},"inLanguage":"ro-RO","potentialAction":[{"@type":"ReadAction","target":["https:\/\/huronsolutions.ro\/termek\/tablaracs-sp-tipus3000x1000-mm-foborda-40x3-mm\/"]}]},{"@type":"ImageObject","inLanguage":"ro-RO","@id":"https:\/\/huronsolutions.ro\/termek\/tablaracs-sp-tipus3000x1000-mm-foborda-40x3-mm\/#primaryimage","url":"https:\/\/huronsolutions.ro\/wp-content\/uploads\/2024\/09\/SP-tablak-targoncaval.jpg","contentUrl":"https:\/\/huronsolutions.ro\/wp-content\/uploads\/2024\/09\/SP-tablak-targoncaval.jpg","width":800,"height":800,"caption":"T\u00e1blar\u00e1cs SP t\u00edpus"},{"@type":"BreadcrumbList","@id":"https:\/\/huronsolutions.ro\/termek\/tablaracs-sp-tipus3000x1000-mm-foborda-40x3-mm\/#breadcrumb","itemListElement":[{"@type":"ListItem","position":1,"name":"Kezd\u0151lap","item":"https:\/\/huronsolutions.ro\/"},{"@type":"ListItem","position":2,"name":"Term\u00e9keink","item":"https:\/\/huronsolutions.ro\/uzlet\/"},{"@type":"ListItem","position":3,"name":"Huron T\u00e1blar\u00e1cs SP t\u00edpus 3000&#215;1000 mm, F\u0151borda: 40&#215;3 mm Nat\u00far"}]},{"@type":"WebSite","@id":"https:\/\/huronsolutions.ro\/#website","url":"https:\/\/huronsolutions.ro\/","name":"Huron Solutions","description":"Gr\u0103tare pietonale HURON","publisher":{"@id":"https:\/\/huronsolutions.ro\/#organization"},"potentialAction":[{"@type":"SearchAction","target":{"@type":"EntryPoint","urlTemplate":"https:\/\/huronsolutions.ro\/?s={search_term_string}"},"query-input":{"@type":"PropertyValueSpecification","valueRequired":true,"valueName":"search_term_string"}}],"inLanguage":"ro-RO"},{"@type":"Organization","@id":"https:\/\/huronsolutions.ro\/#organization","name":"Huron Solutions","url":"https:\/\/huronsolutions.ro\/","logo":{"@type":"ImageObject","inLanguage":"ro-RO","@id":"https:\/\/huronsolutions.ro\/#\/schema\/logo\/image\/","url":"https:\/\/huronsolutions.ro\/wp-content\/uploads\/2024\/09\/Huron-logo-512.jpg","contentUrl":"https:\/\/huronsolutions.ro\/wp-content\/uploads\/2024\/09\/Huron-logo-512.jpg","width":514,"height":514,"caption":"Huron Solutions"},"image":{"@id":"https:\/\/huronsolutions.ro\/#\/schema\/logo\/image\/"}}]},"product_price_amount":"975.11","product_price_currency":"RON","og_availability":"instock","product_availability":"instock","product_retailer_item_id":"tablaracs-3000x1000-mm-foborda-40x3-mm","product_condition":"new"},"_links":{"self":[{"href":"https:\/\/huronsolutions.ro\/ro\/wp-json\/wp\/v2\/product\/1720","targetHints":{"allow":["GET"]}}],"collection":[{"href":"https:\/\/huronsolutions.ro\/ro\/wp-json\/wp\/v2\/product"}],"about":[{"href":"https:\/\/huronsolutions.ro\/ro\/wp-json\/wp\/v2\/types\/product"}],"wp:featuredmedia":[{"embeddable":true,"href":"https:\/\/huronsolutions.ro\/ro\/wp-json\/wp\/v2\/media\/1784"}],"wp:attachment":[{"href":"https:\/\/huronsolutions.ro\/ro\/wp-json\/wp\/v2\/media?parent=1720"}],"wp:term":[{"taxonomy":"product_cat","embeddable":true,"href":"https:\/\/huronsolutions.ro\/ro\/wp-json\/wp\/v2\/product_cat?post=1720"},{"taxonomy":"product_tag","embeddable":true,"href":"https:\/\/huronsolutions.ro\/ro\/wp-json\/wp\/v2\/product_tag?post=1720"}],"curies":[{"name":"wp","href":"https:\/\/api.w.org\/{rel}","templated":true}]}}