{"id":1701,"date":"2024-09-23T16:42:12","date_gmt":"2024-09-23T14:42:12","guid":{"rendered":"https:\/\/huronsolutions.ro\/termek\/jaroracs-p-tipus1-000x1-000-mm-foborda-30x3-mm\/"},"modified":"2026-04-23T08:26:35","modified_gmt":"2026-04-23T06:26:35","slug":"jaroracs-p-tipus1-000x1-000-mm-foborda-30x3-mm","status":"publish","type":"product","link":"https:\/\/huronsolutions.ro\/ro\/termek\/jaroracs-p-tipus1-000x1-000-mm-foborda-30x3-mm\/","title":{"rendered":"Gr\u0103tar metalic Huron tip P 1000\u00d71000 mm, bar\u0103 principal\u0103: 30\u00d73 mm, zincat la cald"},"content":{"rendered":"<p>Calitate galvanizat la cald stoc Huron grilaj \u00eentr-o selec\u021bie larg\u0103!<\/p>\n<p>Gr\u0103tarele metalice tip P (presate) sunt realizate prin crestarea barelor principale portante \u0219i presarea barelor transversale laterale una \u00een cealalt\u0103, cu o presiune de p\u00e2n\u0103 la 800 de tone. \u00cen cazul gr\u0103tarelor presate, at\u00e2t bara portant\u0103, c\u00e2t \u0219i bara transversal\u0103 este confec\u0163ionat\u0103 din platbanda de o\u0163el.<\/p>\n<p>Aceast\u0103 metod\u0103 de produc\u021bie asigur\u0103 o distribu\u021bie uniform\u0103 \u0219i precis\u0103 a gr\u0103tarului metalic, care prin urmare se caracterizeaz\u0103 \u0219i printr-o calitate estetic\u0103 ridicat\u0103. Barele plate portante \u0219i cele transversale interconectate prin presare fac ca suprafa\u021ba gr\u0103tarului s\u0103 fie foarte stabil\u0103.<\/p>\n<p><strong>Pentru cerin\u021be specifice, v\u0103 rug\u0103m s\u0103 ne contacta\u021bi la <a href=\"https:\/\/huronsolutions.ro\/ro\/kapcsolat\/\">Persoan\u0103 de contact<\/a>!<\/strong><\/p>","protected":false},"excerpt":{"rendered":"<ul>\n<li>Tip: <strong>P<\/strong> - grilaj presat<\/li>\n<li>Pas: 33 x 33 mm<\/li>\n<li>Sec\u021biunea transversal\u0103 a barei principale: 30 x 3 mm<\/li>\n<li>Lungimea barei principale: 1.000 mm<\/li>\n<li>Lungimea barei secundare: 1.000 mm<\/li>\n<li>Cadru platband\u0103 pe toate laturile<\/li>\n<li>Protec\u0163ie suprafa\u0163\u0103: zincat la cald<\/li>\n<li>Greutate: 28 kg<\/li>\n<\/ul>","protected":false},"featured_media":1790,"template":"","meta":[],"product_cat":[64],"product_tag":[51],"class_list":{"0":"post-1701","1":"product","2":"type-product","3":"status-publish","4":"has-post-thumbnail","6":"product_cat-raktari-jaroracsok","7":"product_tag-jaroracs","8":"product_shipping_class-magas","9":"sales-flash-overlay","10":"woocommerce-text-align-center","11":"woocommerce-image-align-center","12":"do-quantity-buttons","14":"first","15":"instock","16":"sale","17":"taxable","18":"shipping-taxable","19":"purchasable","20":"product-type-simple"},"yoast_head":"<!-- This site is optimized with the Yoast SEO Premium plugin v27.4 (Yoast SEO v27.4) - https:\/\/yoast.com\/product\/yoast-seo-premium-wordpress\/ -->\n<title>Huron J\u00e1r\u00f3r\u00e1cs P t\u00edpus 1000x1000 mm, F\u0151borda: 30x3 mm T\u00fczihorganyzott - Huron Solutions<\/title>\n<meta name=\"robots\" content=\"index, follow, max-snippet:-1, max-image-preview:large, max-video-preview:-1\" \/>\n<link rel=\"canonical\" href=\"https:\/\/huronsolutions.ro\/ro\/product-2\/jaroracs-p-tipus1-000x1-000-mm-foborda-30x3-mm\/\" \/>\n<meta property=\"og:locale\" content=\"ro_RO\" \/>\n<meta property=\"og:type\" content=\"article\" \/>\n<meta property=\"og:title\" content=\"Huron J\u00e1r\u00f3r\u00e1cs P t\u00edpus 1000x1000 mm, F\u0151borda: 30x3 mm T\u00fczihorganyzott - Huron Solutions\" \/>\n<meta property=\"og:description\" content=\"T\u00edpus: P \u2013 pr\u00e9selt j\u00e1r\u00f3r\u00e1cs  Oszt\u00e1s: 33 x 33 mm  F\u0151borda keresztmetszete: 30 x 3 mm  F\u0151borda hossza: 1.000 mm  Mell\u00e9kborda hossza: 1.000 mm  Keret: 4 oldali LP laposac\u00e9l  Fel\u00fcletkezel\u00e9s: T\u00fczihorganyzott  T\u00f6meg: 28 kg\" \/>\n<meta property=\"og:url\" content=\"https:\/\/huronsolutions.ro\/ro\/product-2\/jaroracs-p-tipus1-000x1-000-mm-foborda-30x3-mm\/\" \/>\n<meta property=\"og:site_name\" content=\"Huron Solutions\" \/>\n<meta property=\"article:modified_time\" content=\"2026-04-23T06:26:35+00:00\" \/>\n<meta property=\"og:image\" content=\"https:\/\/huronsolutions.ro\/wp-content\/uploads\/2024\/09\/jaroracsok-1.jpg\" \/>\n\t<meta property=\"og:image:width\" content=\"800\" \/>\n\t<meta property=\"og:image:height\" content=\"800\" \/>\n\t<meta property=\"og:image:type\" content=\"image\/jpeg\" \/>\n<meta name=\"twitter:card\" content=\"summary_large_image\" \/>\n<meta name=\"twitter:label1\" content=\"Pre\u021b\" \/>\n\t<meta name=\"twitter:data1\" content=\"312.14&nbsp;lei + \u00c1FA\" \/>\n\t<meta name=\"twitter:label2\" content=\"Disponibilitate\" \/>\n\t<meta name=\"twitter:data2\" content=\"\u00cen stoc\" \/>\n<script type=\"application\/ld+json\" class=\"yoast-schema-graph\">{\"@context\":\"https:\\\/\\\/schema.org\",\"@graph\":[{\"@type\":\"WebPage\",\"@id\":\"https:\\\/\\\/huronsolutions.ro\\\/termek\\\/jaroracs-p-tipus1-000x1-000-mm-foborda-30x3-mm\\\/\",\"url\":\"https:\\\/\\\/huronsolutions.ro\\\/termek\\\/jaroracs-p-tipus1-000x1-000-mm-foborda-30x3-mm\\\/\",\"name\":\"Huron J\u00e1r\u00f3r\u00e1cs P t\u00edpus 1000x1000 mm, F\u0151borda: 30x3 mm T\u00fczihorganyzott - Huron Solutions\",\"isPartOf\":{\"@id\":\"https:\\\/\\\/huronsolutions.ro\\\/#website\"},\"primaryImageOfPage\":{\"@id\":\"https:\\\/\\\/huronsolutions.ro\\\/termek\\\/jaroracs-p-tipus1-000x1-000-mm-foborda-30x3-mm\\\/#primaryimage\"},\"image\":{\"@id\":\"https:\\\/\\\/huronsolutions.ro\\\/termek\\\/jaroracs-p-tipus1-000x1-000-mm-foborda-30x3-mm\\\/#primaryimage\"},\"thumbnailUrl\":\"https:\\\/\\\/huronsolutions.ro\\\/wp-content\\\/uploads\\\/2024\\\/09\\\/jaroracsok-1.jpg\",\"datePublished\":\"2024-09-23T14:42:12+00:00\",\"dateModified\":\"2026-04-23T06:26:35+00:00\",\"breadcrumb\":{\"@id\":\"https:\\\/\\\/huronsolutions.ro\\\/termek\\\/jaroracs-p-tipus1-000x1-000-mm-foborda-30x3-mm\\\/#breadcrumb\"},\"inLanguage\":\"ro-RO\",\"potentialAction\":[{\"@type\":\"ReadAction\",\"target\":[\"https:\\\/\\\/huronsolutions.ro\\\/termek\\\/jaroracs-p-tipus1-000x1-000-mm-foborda-30x3-mm\\\/\"]}]},{\"@type\":\"ImageObject\",\"inLanguage\":\"ro-RO\",\"@id\":\"https:\\\/\\\/huronsolutions.ro\\\/termek\\\/jaroracs-p-tipus1-000x1-000-mm-foborda-30x3-mm\\\/#primaryimage\",\"url\":\"https:\\\/\\\/huronsolutions.ro\\\/wp-content\\\/uploads\\\/2024\\\/09\\\/jaroracsok-1.jpg\",\"contentUrl\":\"https:\\\/\\\/huronsolutions.ro\\\/wp-content\\\/uploads\\\/2024\\\/09\\\/jaroracsok-1.jpg\",\"width\":800,\"height\":800,\"caption\":\"J\u00e1r\u00f3r\u00e1csok\"},{\"@type\":\"BreadcrumbList\",\"@id\":\"https:\\\/\\\/huronsolutions.ro\\\/termek\\\/jaroracs-p-tipus1-000x1-000-mm-foborda-30x3-mm\\\/#breadcrumb\",\"itemListElement\":[{\"@type\":\"ListItem\",\"position\":1,\"name\":\"Kezd\u0151lap\",\"item\":\"https:\\\/\\\/huronsolutions.ro\\\/\"},{\"@type\":\"ListItem\",\"position\":2,\"name\":\"Term\u00e9keink\",\"item\":\"https:\\\/\\\/huronsolutions.ro\\\/uzlet\\\/\"},{\"@type\":\"ListItem\",\"position\":3,\"name\":\"Huron J\u00e1r\u00f3r\u00e1cs P t\u00edpus 1000&#215;1000 mm, F\u0151borda: 30&#215;3 mm T\u00fczihorganyzott\"}]},{\"@type\":\"WebSite\",\"@id\":\"https:\\\/\\\/huronsolutions.ro\\\/#website\",\"url\":\"https:\\\/\\\/huronsolutions.ro\\\/\",\"name\":\"Huron Solutions\",\"description\":\"Huron J\u00e1r\u00f3r\u00e1cs\",\"publisher\":{\"@id\":\"https:\\\/\\\/huronsolutions.ro\\\/#organization\"},\"potentialAction\":[{\"@type\":\"SearchAction\",\"target\":{\"@type\":\"EntryPoint\",\"urlTemplate\":\"https:\\\/\\\/huronsolutions.ro\\\/?s={search_term_string}\"},\"query-input\":{\"@type\":\"PropertyValueSpecification\",\"valueRequired\":true,\"valueName\":\"search_term_string\"}}],\"inLanguage\":\"ro-RO\"},{\"@type\":\"Organization\",\"@id\":\"https:\\\/\\\/huronsolutions.ro\\\/#organization\",\"name\":\"Huron Solutions\",\"url\":\"https:\\\/\\\/huronsolutions.ro\\\/\",\"logo\":{\"@type\":\"ImageObject\",\"inLanguage\":\"ro-RO\",\"@id\":\"https:\\\/\\\/huronsolutions.ro\\\/#\\\/schema\\\/logo\\\/image\\\/\",\"url\":\"https:\\\/\\\/huronsolutions.ro\\\/wp-content\\\/uploads\\\/2024\\\/09\\\/Huron-logo-512.jpg\",\"contentUrl\":\"https:\\\/\\\/huronsolutions.ro\\\/wp-content\\\/uploads\\\/2024\\\/09\\\/Huron-logo-512.jpg\",\"width\":514,\"height\":514,\"caption\":\"Huron Solutions\"},\"image\":{\"@id\":\"https:\\\/\\\/huronsolutions.ro\\\/#\\\/schema\\\/logo\\\/image\\\/\"}}]}<\/script>\n<meta property=\"product:price:amount\" content=\"312.14\" \/>\n<meta property=\"product:price:currency\" content=\"RON\" \/>\n<meta property=\"og:availability\" content=\"instock\" \/>\n<meta property=\"product:availability\" content=\"instock\" \/>\n<meta property=\"product:retailer_item_id\" content=\"jaroracs-1000x1000-mm-foborda-30x3-mm\" \/>\n<meta property=\"product:condition\" content=\"new\" \/>\n<!-- \/ Yoast SEO Premium plugin. -->","yoast_head_json":{"title":"Grilaj Huron tip P 1000x1000 mm, nervur\u0103 principal\u0103: 30x3 mm Galvanizat la cald - Huron Solutions","robots":{"index":"index","follow":"follow","max-snippet":"max-snippet:-1","max-image-preview":"max-image-preview:large","max-video-preview":"max-video-preview:-1"},"canonical":"https:\/\/huronsolutions.ro\/ro\/product-2\/jaroracs-p-tipus1-000x1-000-mm-foborda-30x3-mm\/","og_locale":"ro_RO","og_type":"article","og_title":"Huron J\u00e1r\u00f3r\u00e1cs P t\u00edpus 1000x1000 mm, F\u0151borda: 30x3 mm T\u00fczihorganyzott - Huron Solutions","og_description":"T\u00edpus: P \u2013 pr\u00e9selt j\u00e1r\u00f3r\u00e1cs  Oszt\u00e1s: 33 x 33 mm  F\u0151borda keresztmetszete: 30 x 3 mm  F\u0151borda hossza: 1.000 mm  Mell\u00e9kborda hossza: 1.000 mm  Keret: 4 oldali LP laposac\u00e9l  Fel\u00fcletkezel\u00e9s: T\u00fczihorganyzott  T\u00f6meg: 28 kg","og_url":"https:\/\/huronsolutions.ro\/ro\/product-2\/jaroracs-p-tipus1-000x1-000-mm-foborda-30x3-mm\/","og_site_name":"Huron Solutions","article_modified_time":"2026-04-23T06:26:35+00:00","og_image":[{"width":800,"height":800,"url":"https:\/\/huronsolutions.ro\/wp-content\/uploads\/2024\/09\/jaroracsok-1.jpg","type":"image\/jpeg"}],"twitter_card":"summary_large_image","twitter_misc":{"Pre\u021b":"312.14&nbsp;lei + \u00c1FA","Disponibilitate":"\u00cen stoc"},"schema":{"@context":"https:\/\/schema.org","@graph":[{"@type":"WebPage","@id":"https:\/\/huronsolutions.ro\/termek\/jaroracs-p-tipus1-000x1-000-mm-foborda-30x3-mm\/","url":"https:\/\/huronsolutions.ro\/termek\/jaroracs-p-tipus1-000x1-000-mm-foborda-30x3-mm\/","name":"Grilaj Huron tip P 1000x1000 mm, nervur\u0103 principal\u0103: 30x3 mm Galvanizat la cald - Huron Solutions","isPartOf":{"@id":"https:\/\/huronsolutions.ro\/#website"},"primaryImageOfPage":{"@id":"https:\/\/huronsolutions.ro\/termek\/jaroracs-p-tipus1-000x1-000-mm-foborda-30x3-mm\/#primaryimage"},"image":{"@id":"https:\/\/huronsolutions.ro\/termek\/jaroracs-p-tipus1-000x1-000-mm-foborda-30x3-mm\/#primaryimage"},"thumbnailUrl":"https:\/\/huronsolutions.ro\/wp-content\/uploads\/2024\/09\/jaroracsok-1.jpg","datePublished":"2024-09-23T14:42:12+00:00","dateModified":"2026-04-23T06:26:35+00:00","breadcrumb":{"@id":"https:\/\/huronsolutions.ro\/termek\/jaroracs-p-tipus1-000x1-000-mm-foborda-30x3-mm\/#breadcrumb"},"inLanguage":"ro-RO","potentialAction":[{"@type":"ReadAction","target":["https:\/\/huronsolutions.ro\/termek\/jaroracs-p-tipus1-000x1-000-mm-foborda-30x3-mm\/"]}]},{"@type":"ImageObject","inLanguage":"ro-RO","@id":"https:\/\/huronsolutions.ro\/termek\/jaroracs-p-tipus1-000x1-000-mm-foborda-30x3-mm\/#primaryimage","url":"https:\/\/huronsolutions.ro\/wp-content\/uploads\/2024\/09\/jaroracsok-1.jpg","contentUrl":"https:\/\/huronsolutions.ro\/wp-content\/uploads\/2024\/09\/jaroracsok-1.jpg","width":800,"height":800,"caption":"J\u00e1r\u00f3r\u00e1csok"},{"@type":"BreadcrumbList","@id":"https:\/\/huronsolutions.ro\/termek\/jaroracs-p-tipus1-000x1-000-mm-foborda-30x3-mm\/#breadcrumb","itemListElement":[{"@type":"ListItem","position":1,"name":"Kezd\u0151lap","item":"https:\/\/huronsolutions.ro\/"},{"@type":"ListItem","position":2,"name":"Term\u00e9keink","item":"https:\/\/huronsolutions.ro\/uzlet\/"},{"@type":"ListItem","position":3,"name":"Huron J\u00e1r\u00f3r\u00e1cs P t\u00edpus 1000&#215;1000 mm, F\u0151borda: 30&#215;3 mm T\u00fczihorganyzott"}]},{"@type":"WebSite","@id":"https:\/\/huronsolutions.ro\/#website","url":"https:\/\/huronsolutions.ro\/","name":"Huron Solutions","description":"Gr\u0103tare pietonale HURON","publisher":{"@id":"https:\/\/huronsolutions.ro\/#organization"},"potentialAction":[{"@type":"SearchAction","target":{"@type":"EntryPoint","urlTemplate":"https:\/\/huronsolutions.ro\/?s={search_term_string}"},"query-input":{"@type":"PropertyValueSpecification","valueRequired":true,"valueName":"search_term_string"}}],"inLanguage":"ro-RO"},{"@type":"Organization","@id":"https:\/\/huronsolutions.ro\/#organization","name":"Huron Solutions","url":"https:\/\/huronsolutions.ro\/","logo":{"@type":"ImageObject","inLanguage":"ro-RO","@id":"https:\/\/huronsolutions.ro\/#\/schema\/logo\/image\/","url":"https:\/\/huronsolutions.ro\/wp-content\/uploads\/2024\/09\/Huron-logo-512.jpg","contentUrl":"https:\/\/huronsolutions.ro\/wp-content\/uploads\/2024\/09\/Huron-logo-512.jpg","width":514,"height":514,"caption":"Huron Solutions"},"image":{"@id":"https:\/\/huronsolutions.ro\/#\/schema\/logo\/image\/"}}]},"product_price_amount":"312.14","product_price_currency":"RON","og_availability":"instock","product_availability":"instock","product_retailer_item_id":"jaroracs-1000x1000-mm-foborda-30x3-mm","product_condition":"new"},"_links":{"self":[{"href":"https:\/\/huronsolutions.ro\/ro\/wp-json\/wp\/v2\/product\/1701","targetHints":{"allow":["GET"]}}],"collection":[{"href":"https:\/\/huronsolutions.ro\/ro\/wp-json\/wp\/v2\/product"}],"about":[{"href":"https:\/\/huronsolutions.ro\/ro\/wp-json\/wp\/v2\/types\/product"}],"wp:featuredmedia":[{"embeddable":true,"href":"https:\/\/huronsolutions.ro\/ro\/wp-json\/wp\/v2\/media\/1790"}],"wp:attachment":[{"href":"https:\/\/huronsolutions.ro\/ro\/wp-json\/wp\/v2\/media?parent=1701"}],"wp:term":[{"taxonomy":"product_cat","embeddable":true,"href":"https:\/\/huronsolutions.ro\/ro\/wp-json\/wp\/v2\/product_cat?post=1701"},{"taxonomy":"product_tag","embeddable":true,"href":"https:\/\/huronsolutions.ro\/ro\/wp-json\/wp\/v2\/product_tag?post=1701"}],"curies":[{"name":"wp","href":"https:\/\/api.w.org\/{rel}","templated":true}]}}