{"id":415,"date":"2024-05-28T08:02:33","date_gmt":"2024-05-28T06:02:33","guid":{"rendered":"https:\/\/huronsolutions.ro\/?page_id=415"},"modified":"2025-02-19T13:22:55","modified_gmt":"2025-02-19T12:22:55","slug":"rolunk","status":"publish","type":"page","link":"https:\/\/huronsolutions.ro\/ro\/rolunk\/","title":{"rendered":"Despre noi"},"content":{"rendered":"<div data-elementor-type=\"wp-page\" data-elementor-id=\"415\" class=\"elementor elementor-415\" data-elementor-post-type=\"page\">\n\t\t\t\t\t\t<section class=\"elementor-section elementor-top-section elementor-element elementor-element-d785424 elementor-section-height-min-height elementor-section-boxed elementor-section-height-default elementor-section-items-middle\" data-id=\"d785424\" data-element_type=\"section\" data-e-type=\"section\" data-settings=\"{&quot;background_background&quot;:&quot;classic&quot;}\">\n\t\t\t\t\t\t\t<div class=\"elementor-background-overlay\"><\/div>\n\t\t\t\t\t\t\t<div class=\"elementor-container elementor-column-gap-default\">\n\t\t\t\t\t<div class=\"elementor-column elementor-col-100 elementor-top-column elementor-element elementor-element-acc5460\" data-id=\"acc5460\" data-element_type=\"column\" data-e-type=\"column\">\n\t\t\t<div class=\"elementor-widget-wrap elementor-element-populated\">\n\t\t\t\t\t\t<div class=\"elementor-element elementor-element-1a4d21d elementor-widget elementor-widget-heading\" data-id=\"1a4d21d\" data-element_type=\"widget\" data-e-type=\"widget\" data-widget_type=\"heading.default\">\n\t\t\t\t<div class=\"elementor-widget-container\">\n\t\t\t\t\t<h1 class=\"elementor-heading-title elementor-size-default\">Despre noi<\/h1>\t\t\t\t<\/div>\n\t\t\t\t<\/div>\n\t\t\t\t\t<\/div>\n\t\t<\/div>\n\t\t\t\t\t<\/div>\n\t\t<\/section>\n\t\t\t\t<section class=\"elementor-section elementor-top-section elementor-element elementor-element-c396cdc elementor-reverse-mobile elementor-section-boxed elementor-section-height-default elementor-section-height-default\" data-id=\"c396cdc\" data-element_type=\"section\" data-e-type=\"section\">\n\t\t\t\t\t\t<div class=\"elementor-container elementor-column-gap-default\">\n\t\t\t\t\t<div class=\"elementor-column elementor-col-50 elementor-top-column elementor-element elementor-element-9a96a44\" data-id=\"9a96a44\" data-element_type=\"column\" data-e-type=\"column\">\n\t\t\t<div class=\"elementor-widget-wrap elementor-element-populated\">\n\t\t\t\t\t\t<div class=\"elementor-element elementor-element-be2f22a elementor-widget elementor-widget-image\" data-id=\"be2f22a\" data-element_type=\"widget\" data-e-type=\"widget\" data-widget_type=\"image.default\">\n\t\t\t\t<div class=\"elementor-widget-container\">\n\t\t\t\t\t\t\t\t\t\t\t\t\t\t\t<img fetchpriority=\"high\" decoding=\"async\" width=\"507\" height=\"300\" src=\"https:\/\/huronsolutions.ro\/wp-content\/uploads\/2024\/03\/huron-logo.png\" class=\"attachment-full size-full wp-image-931\" alt=\"Logo-ul Huron Solutions\" srcset=\"https:\/\/huronsolutions.ro\/wp-content\/uploads\/2024\/03\/huron-logo.png 507w, https:\/\/huronsolutions.ro\/wp-content\/uploads\/2024\/03\/huron-logo-300x178.png 300w\" sizes=\"(max-width: 507px) 100vw, 507px\" \/>\t\t\t\t\t\t\t\t\t\t\t\t\t\t\t<\/div>\n\t\t\t\t<\/div>\n\t\t\t\t\t<\/div>\n\t\t<\/div>\n\t\t\t\t<div class=\"elementor-column elementor-col-50 elementor-top-column elementor-element elementor-element-fb15221\" data-id=\"fb15221\" data-element_type=\"column\" data-e-type=\"column\">\n\t\t\t<div class=\"elementor-widget-wrap elementor-element-populated\">\n\t\t\t\t\t\t<div class=\"elementor-element elementor-element-d4ad163 elementor-widget elementor-widget-heading\" data-id=\"d4ad163\" data-element_type=\"widget\" data-e-type=\"widget\" data-widget_type=\"heading.default\">\n\t\t\t\t<div class=\"elementor-widget-container\">\n\t\t\t\t\t<h2 class=\"elementor-heading-title elementor-size-default\">Solu\u021bii pentru orice problem\u0103!<\/h2>\t\t\t\t<\/div>\n\t\t\t\t<\/div>\n\t\t\t\t<div class=\"elementor-element elementor-element-797f785 elementor-widget elementor-widget-text-editor\" data-id=\"797f785\" data-element_type=\"widget\" data-e-type=\"widget\" data-widget_type=\"text-editor.default\">\n\t\t\t\t<div class=\"elementor-widget-container\">\n\t\t\t\t\t\t\t\t\t<p>Avem convingerea, <strong>c\u0103 nu exist\u0103 problem\u0103 care s\u0103 nu aib\u0103 o rezolvare.<\/strong> Acesta este principiul de baz\u0103 care a condus la  \u00eenfiin\u021barea firmei HURON Solutions. Scopul nostru este s\u0103 folosim contactele noastre profesionale din \u021bar\u0103 \u0219i str\u0103in\u0103tate respectiv, cuno\u0219tin\u021bele acumulate \u00een beneficiul clien\u021bilor no\u0219tri \u0219i s\u0103 furniz\u0103m produse \u0219i servicii care s\u0103 contribuie la succese reciproce.<\/p><p>Sectorul industrial \u00een care lucr\u0103m - \u00een special industria siderurgic\u0103 \u0219i a construc\u021biilor - necesit\u0103 solu\u021bii rapide, precise \u0219i rentabile. Av\u00e2nd \u00een vedere aceste nevoi, am organizat activit\u0103\u021bile noastre comerciale \u00eentr-o hal\u0103 de 650 m\u00b2 din parcul industrial Tatab\u00e1nya, cu un stoc  de m\u0103rfuri semnificativ.<\/p>\t\t\t\t\t\t\t\t<\/div>\n\t\t\t\t<\/div>\n\t\t\t\t\t<\/div>\n\t\t<\/div>\n\t\t\t\t\t<\/div>\n\t\t<\/section>\n\t\t\t\t<section class=\"elementor-section elementor-top-section elementor-element elementor-element-39ceb73 elementor-reverse-mobile elementor-section-boxed elementor-section-height-default elementor-section-height-default\" data-id=\"39ceb73\" data-element_type=\"section\" data-e-type=\"section\">\n\t\t\t\t\t\t<div class=\"elementor-container elementor-column-gap-default\">\n\t\t\t\t\t<div class=\"elementor-column elementor-col-50 elementor-top-column elementor-element elementor-element-1998bf8\" data-id=\"1998bf8\" data-element_type=\"column\" data-e-type=\"column\">\n\t\t\t<div class=\"elementor-widget-wrap elementor-element-populated\">\n\t\t\t\t\t\t<div class=\"elementor-element elementor-element-711e439 elementor-widget elementor-widget-heading\" data-id=\"711e439\" data-element_type=\"widget\" data-e-type=\"widget\" data-widget_type=\"heading.default\">\n\t\t\t\t<div class=\"elementor-widget-container\">\n\t\t\t\t\t<h2 class=\"elementor-heading-title elementor-size-default\">Stocuri de gam\u0103 larg\u0103 de produse<\/h2>\t\t\t\t<\/div>\n\t\t\t\t<\/div>\n\t\t\t\t<div class=\"elementor-element elementor-element-6fb3859 elementor-widget elementor-widget-text-editor\" data-id=\"6fb3859\" data-element_type=\"widget\" data-e-type=\"widget\" data-widget_type=\"text-editor.default\">\n\t\t\t\t<div class=\"elementor-widget-container\">\n\t\t\t\t\t\t\t\t\t<p>Produsele noastre principale includ gr\u0103tarele metalice zincate la cald, trepte din gr\u0103tare metalice, respectiv coli de gr\u0103tare metalice zincate sau nezincate. Asigur\u0103m livrarea pompt\u0103 a gamei noastre  principale de produse, gr\u0103tare metalice, trepte zincate la dimensiuni standard, coli de gr\u0103tare metalice cu suprafa\u021b\u0103 natural\u0103 sau zincata la cald, de 3 \u0219i 6 m lungime, respectiv bare perforate din o\u021bel nezincat pentru sc\u0103ri.<\/p><p class=\"translation-block\">Pentru noi este important s\u0103 r\u0103spundem nevoilor specifice ale partenerilor no\u0219tri. \u00cen acest scop societatea noastr\u0103 \u00eendepline\u0219te de asemenea comenzi pentru produse de dimensiuni \u0219i design specific.<\/p><p>Un atelier de l\u0103c\u0103tu\u0219erie permite s\u0103 efectu\u0103m mici lucr\u0103ri de confec\u021bionare de o\u021bel \u00eentr-un mod rapid \u0219i eficient. Manipularea m\u0103rfurilor se efectueaz\u0103 cu utilaje de ridicat \u0219i echipamente  adecvate de manipulare a m\u0103rfurilor, astfel \u00eenc\u00e2t toate comenzile s\u0103 poat\u0103 fi \u00eendeplinite rapid \u0219i precis.<\/p>\t\t\t\t\t\t\t\t<\/div>\n\t\t\t\t<\/div>\n\t\t\t\t\t<\/div>\n\t\t<\/div>\n\t\t\t\t<div class=\"elementor-column elementor-col-50 elementor-top-column elementor-element elementor-element-c9e4c10\" data-id=\"c9e4c10\" data-element_type=\"column\" data-e-type=\"column\">\n\t\t\t<div class=\"elementor-widget-wrap elementor-element-populated\">\n\t\t\t\t\t\t<div class=\"elementor-element elementor-element-da4eed1 elementor-widget elementor-widget-image\" data-id=\"da4eed1\" data-element_type=\"widget\" data-e-type=\"widget\" data-widget_type=\"image.default\">\n\t\t\t\t<div class=\"elementor-widget-container\">\n\t\t\t\t\t\t\t\t\t\t\t\t\t\t\t<img decoding=\"async\" src=\"https:\/\/huronsolutions.ro\/wp-content\/uploads\/elementor\/thumbs\/lepcso-quc89ae7uhc85xfqljrzi2gvk90o3n7nh3par9g774.jpg\" title=\"trepte de sc\u0103ri din o\u021bel\" alt=\"trepte de sc\u0103ri din o\u021bel\" loading=\"lazy\" \/>\t\t\t\t\t\t\t\t\t\t\t\t\t\t\t<\/div>\n\t\t\t\t<\/div>\n\t\t\t\t\t<\/div>\n\t\t<\/div>\n\t\t\t\t\t<\/div>\n\t\t<\/section>\n\t\t\t\t<section class=\"elementor-section elementor-top-section elementor-element elementor-element-4be1825 elementor-section-boxed elementor-section-height-default elementor-section-height-default\" data-id=\"4be1825\" data-element_type=\"section\" data-e-type=\"section\">\n\t\t\t\t\t\t<div class=\"elementor-container elementor-column-gap-default\">\n\t\t\t\t\t<div class=\"elementor-column elementor-col-50 elementor-top-column elementor-element elementor-element-b6cb66d\" data-id=\"b6cb66d\" data-element_type=\"column\" data-e-type=\"column\">\n\t\t\t<div class=\"elementor-widget-wrap elementor-element-populated\">\n\t\t\t\t\t\t<div class=\"elementor-element elementor-element-1cdd1c0 elementor-widget elementor-widget-image\" data-id=\"1cdd1c0\" data-element_type=\"widget\" data-e-type=\"widget\" data-widget_type=\"image.default\">\n\t\t\t\t<div class=\"elementor-widget-container\">\n\t\t\t\t\t\t\t\t\t\t\t\t\t\t\t<img decoding=\"async\" src=\"https:\/\/huronsolutions.ro\/wp-content\/uploads\/elementor\/thumbs\/raktar-quc899gdnnaxubh3r1dcxkpeyv5avy3x4z1t9zhldc.jpg\" title=\"raktar\" alt=\"depozit tatab\u00e1nya\" loading=\"lazy\" \/>\t\t\t\t\t\t\t\t\t\t\t\t\t\t\t<\/div>\n\t\t\t\t<\/div>\n\t\t\t\t\t<\/div>\n\t\t<\/div>\n\t\t\t\t<div class=\"elementor-column elementor-col-50 elementor-top-column elementor-element elementor-element-9286f90\" data-id=\"9286f90\" data-element_type=\"column\" data-e-type=\"column\">\n\t\t\t<div class=\"elementor-widget-wrap elementor-element-populated\">\n\t\t\t\t\t\t<div class=\"elementor-element elementor-element-747ee58 elementor-widget elementor-widget-heading\" data-id=\"747ee58\" data-element_type=\"widget\" data-e-type=\"widget\" data-widget_type=\"heading.default\">\n\t\t\t\t<div class=\"elementor-widget-container\">\n\t\t\t\t\t<h2 class=\"elementor-heading-title elementor-size-default\">Angajament \u0219i viziune<\/h2>\t\t\t\t<\/div>\n\t\t\t\t<\/div>\n\t\t\t\t<div class=\"elementor-element elementor-element-ae115ca elementor-widget elementor-widget-text-editor\" data-id=\"ae115ca\" data-element_type=\"widget\" data-e-type=\"widget\" data-widget_type=\"text-editor.default\">\n\t\t\t\t<div class=\"elementor-widget-container\">\n\t\t\t\t\t\t\t\t\t<p>HURON Solutions \u00ee\u0219i propune s\u0103 realizeze parteneriate pe termen lung, reciproc avantajoase. Avem convingerea c\u0103 fiabilitatea, expertiza \u0219i flexibilitatea sunt fundamentul oric\u0103rei rela\u021bii de afaceri de succes.<\/p><p>\u00cen viitor, vom continua s\u0103 extindem gama noastr\u0103 de produse \u0219i s\u0103 oferim solu\u021bii profesionale \u0219i prompte  pentru orice preten\u021bie.<\/p><p>Partenerul Dvs.<br \/><strong>Csaba O. Ballai<\/strong><br \/>Director general<\/p>\t\t\t\t\t\t\t\t<\/div>\n\t\t\t\t<\/div>\n\t\t\t\t\t<\/div>\n\t\t<\/div>\n\t\t\t\t\t<\/div>\n\t\t<\/section>\n\t\t\t\t<section class=\"elementor-section elementor-top-section elementor-element elementor-element-8e80a50 elementor-section-boxed elementor-section-height-default elementor-section-height-default\" data-id=\"8e80a50\" data-element_type=\"section\" data-e-type=\"section\">\n\t\t\t\t\t\t<div class=\"elementor-container elementor-column-gap-default\">\n\t\t\t\t\t<div class=\"elementor-column elementor-col-100 elementor-top-column elementor-element elementor-element-7ba5e67\" data-id=\"7ba5e67\" data-element_type=\"column\" data-e-type=\"column\">\n\t\t\t<div class=\"elementor-widget-wrap elementor-element-populated\">\n\t\t\t\t\t\t<div class=\"elementor-element elementor-element-acc65ba elementor-align-center elementor-widget elementor-widget-button\" data-id=\"acc65ba\" data-element_type=\"widget\" data-e-type=\"widget\" data-widget_type=\"button.default\">\n\t\t\t\t<div class=\"elementor-widget-container\">\n\t\t\t\t\t\t\t\t\t<div class=\"elementor-button-wrapper\">\n\t\t\t\t\t<a class=\"elementor-button elementor-button-link elementor-size-sm\" href=\"https:\/\/huronsolutions.ro\/ro\/kapcsolat\/\">\n\t\t\t\t\t\t<span class=\"elementor-button-content-wrapper\">\n\t\t\t\t\t\t\t\t\t<span class=\"elementor-button-text\">Contact<\/span>\n\t\t\t\t\t<\/span>\n\t\t\t\t\t<\/a>\n\t\t\t\t<\/div>\n\t\t\t\t\t\t\t\t<\/div>\n\t\t\t\t<\/div>\n\t\t\t\t\t<\/div>\n\t\t<\/div>\n\t\t\t\t\t<\/div>\n\t\t<\/section>\n\t\t\t\t<\/div>","protected":false},"excerpt":{"rendered":"<p>R\u00f3lunk Mindenre van megold\u00e1sunk! \u00dagy v\u00e9lem, hogy nincs olyan feladat, amire ne lenne megold\u00e1s. Ez az alapelv vez\u00e9relt a HURON Solutions Kft. l\u00e9trehoz\u00e1sakor is. A c\u00e9lunk, hogy hazai \u00e9s k\u00fclf\u00f6ldi szakmai kapcsolatainkat \u00e9s a megszerzett tud\u00e1st \u00fcgyfeleink jav\u00e1ra ford\u00edtsuk, \u00e9s olyan term\u00e9keket \u00e9s szolg\u00e1ltat\u00e1sokat ny\u00fajtsunk, amelyek hozz\u00e1j\u00e1rulnak partnereink siker\u00e9hez. Az ipari szegmens, ahol dolgozunk \u2013 &#8230; <a title=\"Despre noi\" class=\"read-more\" href=\"https:\/\/huronsolutions.ro\/ro\/rolunk\/\" aria-label=\"Cite\u0219te mai multe despre R\u00f3lunk\">Cite\u0219te mai mult<\/a><\/p>","protected":false},"author":1,"featured_media":0,"parent":0,"menu_order":0,"comment_status":"closed","ping_status":"closed","template":"elementor_header_footer","meta":{"footnotes":""},"class_list":["post-415","page","type-page","status-publish"],"yoast_head":"<!-- This site is optimized with the Yoast SEO Premium plugin v27.4 (Yoast SEO v27.4) - https:\/\/yoast.com\/product\/yoast-seo-premium-wordpress\/ -->\n<title>R\u00f3lunk - Huron Solutions<\/title>\n<meta name=\"description\" content=\"A HURON Solutions 3 f\u0151 term\u00e9kcsoportot k\u00edn\u00e1l: j\u00e1r\u00f3r\u00e1csok, ker\u00edt\u00e9s- \u00e9s gabion rendszerek, \u00e9s polikarbon\u00e1t term\u00e9kek. Vegye fel a kapcsolatot!\" \/>\n<meta name=\"robots\" content=\"index, follow, max-snippet:-1, max-image-preview:large, max-video-preview:-1\" \/>\n<link rel=\"canonical\" href=\"https:\/\/huronsolutions.ro\/ro\/rolunk\/\" \/>\n<meta property=\"og:locale\" content=\"ro_RO\" \/>\n<meta property=\"og:type\" content=\"article\" \/>\n<meta property=\"og:title\" content=\"R\u00f3lunk - Huron Solutions\" \/>\n<meta property=\"og:description\" content=\"A HURON Solutions 3 f\u0151 term\u00e9kcsoportot k\u00edn\u00e1l: j\u00e1r\u00f3r\u00e1csok, ker\u00edt\u00e9s- \u00e9s gabion rendszerek, \u00e9s polikarbon\u00e1t term\u00e9kek. Vegye fel a kapcsolatot!\" \/>\n<meta property=\"og:url\" content=\"https:\/\/huronsolutions.ro\/ro\/rolunk\/\" \/>\n<meta property=\"og:site_name\" content=\"Huron Solutions\" \/>\n<meta property=\"article:modified_time\" content=\"2025-02-19T12:22:55+00:00\" \/>\n<meta property=\"og:image\" content=\"https:\/\/huronsolutions.ro\/wp-content\/uploads\/2024\/03\/huron-logo.png\" \/>\n\t<meta property=\"og:image:width\" content=\"507\" \/>\n\t<meta property=\"og:image:height\" content=\"300\" \/>\n\t<meta property=\"og:image:type\" content=\"image\/png\" \/>\n<meta name=\"twitter:card\" content=\"summary_large_image\" \/>\n<meta name=\"twitter:label1\" content=\"Timp estimat pentru citire\" \/>\n\t<meta name=\"twitter:data1\" content=\"2 minute\" \/>\n<script type=\"application\/ld+json\" class=\"yoast-schema-graph\">{\"@context\":\"https:\\\/\\\/schema.org\",\"@graph\":[{\"@type\":\"WebPage\",\"@id\":\"https:\\\/\\\/huronsolutions.ro\\\/rolunk\\\/\",\"url\":\"https:\\\/\\\/huronsolutions.ro\\\/rolunk\\\/\",\"name\":\"R\u00f3lunk - Huron Solutions\",\"isPartOf\":{\"@id\":\"https:\\\/\\\/huronsolutions.ro\\\/#website\"},\"primaryImageOfPage\":{\"@id\":\"https:\\\/\\\/huronsolutions.ro\\\/rolunk\\\/#primaryimage\"},\"image\":{\"@id\":\"https:\\\/\\\/huronsolutions.ro\\\/rolunk\\\/#primaryimage\"},\"thumbnailUrl\":\"https:\\\/\\\/huronsolutions.ro\\\/wp-content\\\/uploads\\\/2024\\\/03\\\/huron-logo.png\",\"datePublished\":\"2024-05-28T06:02:33+00:00\",\"dateModified\":\"2025-02-19T12:22:55+00:00\",\"description\":\"A HURON Solutions 3 f\u0151 term\u00e9kcsoportot k\u00edn\u00e1l: j\u00e1r\u00f3r\u00e1csok, ker\u00edt\u00e9s- \u00e9s gabion rendszerek, \u00e9s polikarbon\u00e1t term\u00e9kek. Vegye fel a kapcsolatot!\",\"breadcrumb\":{\"@id\":\"https:\\\/\\\/huronsolutions.ro\\\/rolunk\\\/#breadcrumb\"},\"inLanguage\":\"ro-RO\",\"potentialAction\":[{\"@type\":\"ReadAction\",\"target\":[\"https:\\\/\\\/huronsolutions.ro\\\/rolunk\\\/\"]}]},{\"@type\":\"ImageObject\",\"inLanguage\":\"ro-RO\",\"@id\":\"https:\\\/\\\/huronsolutions.ro\\\/rolunk\\\/#primaryimage\",\"url\":\"https:\\\/\\\/huronsolutions.ro\\\/wp-content\\\/uploads\\\/2024\\\/03\\\/huron-logo.png\",\"contentUrl\":\"https:\\\/\\\/huronsolutions.ro\\\/wp-content\\\/uploads\\\/2024\\\/03\\\/huron-logo.png\"},{\"@type\":\"BreadcrumbList\",\"@id\":\"https:\\\/\\\/huronsolutions.ro\\\/rolunk\\\/#breadcrumb\",\"itemListElement\":[{\"@type\":\"ListItem\",\"position\":1,\"name\":\"Kezd\u0151lap\",\"item\":\"https:\\\/\\\/huronsolutions.ro\\\/\"},{\"@type\":\"ListItem\",\"position\":2,\"name\":\"R\u00f3lunk\"}]},{\"@type\":\"WebSite\",\"@id\":\"https:\\\/\\\/huronsolutions.ro\\\/#website\",\"url\":\"https:\\\/\\\/huronsolutions.ro\\\/\",\"name\":\"Huron Solutions\",\"description\":\"Huron J\u00e1r\u00f3r\u00e1cs\",\"publisher\":{\"@id\":\"https:\\\/\\\/huronsolutions.ro\\\/#organization\"},\"potentialAction\":[{\"@type\":\"SearchAction\",\"target\":{\"@type\":\"EntryPoint\",\"urlTemplate\":\"https:\\\/\\\/huronsolutions.ro\\\/?s={search_term_string}\"},\"query-input\":{\"@type\":\"PropertyValueSpecification\",\"valueRequired\":true,\"valueName\":\"search_term_string\"}}],\"inLanguage\":\"ro-RO\"},{\"@type\":\"Organization\",\"@id\":\"https:\\\/\\\/huronsolutions.ro\\\/#organization\",\"name\":\"Huron Solutions\",\"url\":\"https:\\\/\\\/huronsolutions.ro\\\/\",\"logo\":{\"@type\":\"ImageObject\",\"inLanguage\":\"ro-RO\",\"@id\":\"https:\\\/\\\/huronsolutions.ro\\\/#\\\/schema\\\/logo\\\/image\\\/\",\"url\":\"https:\\\/\\\/huronsolutions.ro\\\/wp-content\\\/uploads\\\/2024\\\/09\\\/Huron-logo-512.jpg\",\"contentUrl\":\"https:\\\/\\\/huronsolutions.ro\\\/wp-content\\\/uploads\\\/2024\\\/09\\\/Huron-logo-512.jpg\",\"width\":514,\"height\":514,\"caption\":\"Huron Solutions\"},\"image\":{\"@id\":\"https:\\\/\\\/huronsolutions.ro\\\/#\\\/schema\\\/logo\\\/image\\\/\"}}]}<\/script>\n<!-- \/ Yoast SEO Premium plugin. -->","yoast_head_json":{"title":"Despre noi - Huron Solutions","description":"HURON Solutions ofer\u0103 3 grupe principale de produse: grilaje, sisteme de garduri \u0219i gabioane \u0219i produse din policarbonat. Contacta\u021bi-ne!","robots":{"index":"index","follow":"follow","max-snippet":"max-snippet:-1","max-image-preview":"max-image-preview:large","max-video-preview":"max-video-preview:-1"},"canonical":"https:\/\/huronsolutions.ro\/ro\/rolunk\/","og_locale":"ro_RO","og_type":"article","og_title":"R\u00f3lunk - Huron Solutions","og_description":"A HURON Solutions 3 f\u0151 term\u00e9kcsoportot k\u00edn\u00e1l: j\u00e1r\u00f3r\u00e1csok, ker\u00edt\u00e9s- \u00e9s gabion rendszerek, \u00e9s polikarbon\u00e1t term\u00e9kek. Vegye fel a kapcsolatot!","og_url":"https:\/\/huronsolutions.ro\/ro\/rolunk\/","og_site_name":"Huron Solutions","article_modified_time":"2025-02-19T12:22:55+00:00","og_image":[{"width":507,"height":300,"url":"https:\/\/huronsolutions.ro\/wp-content\/uploads\/2024\/03\/huron-logo.png","type":"image\/png"}],"twitter_card":"summary_large_image","twitter_misc":{"Timp estimat pentru citire":"2 minute"},"schema":{"@context":"https:\/\/schema.org","@graph":[{"@type":"WebPage","@id":"https:\/\/huronsolutions.ro\/rolunk\/","url":"https:\/\/huronsolutions.ro\/rolunk\/","name":"Despre noi - Huron Solutions","isPartOf":{"@id":"https:\/\/huronsolutions.ro\/#website"},"primaryImageOfPage":{"@id":"https:\/\/huronsolutions.ro\/rolunk\/#primaryimage"},"image":{"@id":"https:\/\/huronsolutions.ro\/rolunk\/#primaryimage"},"thumbnailUrl":"https:\/\/huronsolutions.ro\/wp-content\/uploads\/2024\/03\/huron-logo.png","datePublished":"2024-05-28T06:02:33+00:00","dateModified":"2025-02-19T12:22:55+00:00","description":"HURON Solutions ofer\u0103 3 grupe principale de produse: grilaje, sisteme de garduri \u0219i gabioane \u0219i produse din policarbonat. Contacta\u021bi-ne!","breadcrumb":{"@id":"https:\/\/huronsolutions.ro\/rolunk\/#breadcrumb"},"inLanguage":"ro-RO","potentialAction":[{"@type":"ReadAction","target":["https:\/\/huronsolutions.ro\/rolunk\/"]}]},{"@type":"ImageObject","inLanguage":"ro-RO","@id":"https:\/\/huronsolutions.ro\/rolunk\/#primaryimage","url":"https:\/\/huronsolutions.ro\/wp-content\/uploads\/2024\/03\/huron-logo.png","contentUrl":"https:\/\/huronsolutions.ro\/wp-content\/uploads\/2024\/03\/huron-logo.png"},{"@type":"BreadcrumbList","@id":"https:\/\/huronsolutions.ro\/rolunk\/#breadcrumb","itemListElement":[{"@type":"ListItem","position":1,"name":"Kezd\u0151lap","item":"https:\/\/huronsolutions.ro\/"},{"@type":"ListItem","position":2,"name":"R\u00f3lunk"}]},{"@type":"WebSite","@id":"https:\/\/huronsolutions.ro\/#website","url":"https:\/\/huronsolutions.ro\/","name":"Huron Solutions","description":"Gr\u0103tare pietonale HURON","publisher":{"@id":"https:\/\/huronsolutions.ro\/#organization"},"potentialAction":[{"@type":"SearchAction","target":{"@type":"EntryPoint","urlTemplate":"https:\/\/huronsolutions.ro\/?s={search_term_string}"},"query-input":{"@type":"PropertyValueSpecification","valueRequired":true,"valueName":"search_term_string"}}],"inLanguage":"ro-RO"},{"@type":"Organization","@id":"https:\/\/huronsolutions.ro\/#organization","name":"Huron Solutions","url":"https:\/\/huronsolutions.ro\/","logo":{"@type":"ImageObject","inLanguage":"ro-RO","@id":"https:\/\/huronsolutions.ro\/#\/schema\/logo\/image\/","url":"https:\/\/huronsolutions.ro\/wp-content\/uploads\/2024\/09\/Huron-logo-512.jpg","contentUrl":"https:\/\/huronsolutions.ro\/wp-content\/uploads\/2024\/09\/Huron-logo-512.jpg","width":514,"height":514,"caption":"Huron Solutions"},"image":{"@id":"https:\/\/huronsolutions.ro\/#\/schema\/logo\/image\/"}}]}},"_links":{"self":[{"href":"https:\/\/huronsolutions.ro\/ro\/wp-json\/wp\/v2\/pages\/415","targetHints":{"allow":["GET"]}}],"collection":[{"href":"https:\/\/huronsolutions.ro\/ro\/wp-json\/wp\/v2\/pages"}],"about":[{"href":"https:\/\/huronsolutions.ro\/ro\/wp-json\/wp\/v2\/types\/page"}],"author":[{"embeddable":true,"href":"https:\/\/huronsolutions.ro\/ro\/wp-json\/wp\/v2\/users\/1"}],"replies":[{"embeddable":true,"href":"https:\/\/huronsolutions.ro\/ro\/wp-json\/wp\/v2\/comments?post=415"}],"version-history":[{"count":3,"href":"https:\/\/huronsolutions.ro\/ro\/wp-json\/wp\/v2\/pages\/415\/revisions"}],"predecessor-version":[{"id":2504,"href":"https:\/\/huronsolutions.ro\/ro\/wp-json\/wp\/v2\/pages\/415\/revisions\/2504"}],"wp:attachment":[{"href":"https:\/\/huronsolutions.ro\/ro\/wp-json\/wp\/v2\/media?parent=415"}],"curies":[{"name":"wp","href":"https:\/\/api.w.org\/{rel}","templated":true}]}}