{"id":38,"date":"2024-03-18T10:45:08","date_gmt":"2024-03-18T09:45:08","guid":{"rendered":"https:\/\/huronsolutions.ro\/?page_id=38"},"modified":"2024-09-20T08:46:33","modified_gmt":"2024-09-20T06:46:33","slug":"impresszum","status":"publish","type":"page","link":"https:\/\/huronsolutions.ro\/ro\/impresszum\/","title":{"rendered":"Men\u021biuni legale"},"content":{"rendered":"<h2>Detalii despre operatorul site-ului web<\/h2>\n<p><strong>HURON Solutions<\/strong><br \/>\nNum\u0103r de \u00eenregistrare fiscal\u0103 Ungaria: 27716193-2-07<br \/>\nSediul social: HU - 2066 \u00dajbarok, Barok u. 28. Ungaria<br \/>\nLoca\u021bie: 2800 Tatab\u00e1nya, B\u00fazavir\u00e1g u. 8.<br \/>\nTelefon: +36 20 340 2408<br \/>\nE-mail: info@huronsolutions.ro<\/p>\n<h2>Datele furnizorului de servicii al depozitului<\/h2>\n<p>Numele furnizorului de servicii: MediaCenter Hungary Kft.<br \/>\nSediul social: 6000 Kecskem\u00e9t, Erkel Ferenc utca 5.<br \/>\nAdresa po\u0219tal\u0103: 6000 Kecskem\u00e9t, Erkel Ferenc utca 5.<br \/>\nE-mail: mediacenter@mediacenter.hu<br \/>\nTelefon: 06 21 \/ 201-0505<\/p>","protected":false},"excerpt":{"rendered":"<p>Honlap \u00fczemeltet\u0151 adatai HURON Solutions Kft. Ad\u00f3sz\u00e1m: 27716193-2-07 Sz\u00e9khely: 2066 \u00dajbarok, Barok u. 28. Telephely: 2800 Tatab\u00e1nya, B\u00fazavir\u00e1g u. 8. Telefon: +36 20 340 2408 E-mail: info@huronsolutions.ro T\u00e1rhely szolg\u00e1ltat\u00f3 adatai Szolg\u00e1ltat\u00f3 neve: MediaCenter Hungary Kft. Sz\u00e9khely: 6000 Kecskem\u00e9t, Erkel Ferenc utca 5. Postai c\u00edm: 6000 Kecskem\u00e9t, Erkel Ferenc utca 5. E-mail: mediacenter@mediacenter.hu Telefon: 06 21 &#8230; <a title=\"Men\u021biuni legale\" class=\"read-more\" href=\"https:\/\/huronsolutions.ro\/ro\/impresszum\/\" aria-label=\"Cite\u0219te mai multe despre Impresszum\">Cite\u0219te mai mult<\/a><\/p>","protected":false},"author":1,"featured_media":0,"parent":0,"menu_order":0,"comment_status":"closed","ping_status":"closed","template":"","meta":{"footnotes":""},"class_list":["post-38","page","type-page","status-publish"],"yoast_head":"<!-- This site is optimized with the Yoast SEO Premium plugin v27.4 (Yoast SEO v27.4) - https:\/\/yoast.com\/product\/yoast-seo-premium-wordpress\/ -->\n<title>Impresszum - Huron Solutions<\/title>\n<meta name=\"description\" content=\"HURON Solutions Kft. | Ad\u00f3sz\u00e1m: 27716193-2-07 | Sz\u00e9khely: 2066 \u00dajbarok, Barok u. 28. | Telefon: +36 20 340 2408\" \/>\n<meta name=\"robots\" content=\"index, follow, max-snippet:-1, max-image-preview:large, max-video-preview:-1\" \/>\n<link rel=\"canonical\" href=\"https:\/\/huronsolutions.ro\/ro\/impresszum\/\" \/>\n<meta property=\"og:locale\" content=\"ro_RO\" \/>\n<meta property=\"og:type\" content=\"article\" \/>\n<meta property=\"og:title\" content=\"Impresszum - Huron Solutions\" \/>\n<meta property=\"og:description\" content=\"HURON Solutions Kft. | Ad\u00f3sz\u00e1m: 27716193-2-07 | Sz\u00e9khely: 2066 \u00dajbarok, Barok u. 28. | Telefon: +36 20 340 2408\" \/>\n<meta property=\"og:url\" content=\"https:\/\/huronsolutions.ro\/ro\/impresszum\/\" \/>\n<meta property=\"og:site_name\" content=\"Huron Solutions\" \/>\n<meta property=\"article:modified_time\" content=\"2024-09-20T06:46:33+00:00\" \/>\n<meta name=\"twitter:card\" content=\"summary_large_image\" \/>\n<script type=\"application\/ld+json\" class=\"yoast-schema-graph\">{\"@context\":\"https:\\\/\\\/schema.org\",\"@graph\":[{\"@type\":\"WebPage\",\"@id\":\"https:\\\/\\\/huronsolutions.ro\\\/impresszum\\\/\",\"url\":\"https:\\\/\\\/huronsolutions.ro\\\/impresszum\\\/\",\"name\":\"Impresszum - Huron Solutions\",\"isPartOf\":{\"@id\":\"https:\\\/\\\/huronsolutions.ro\\\/#website\"},\"datePublished\":\"2024-03-18T09:45:08+00:00\",\"dateModified\":\"2024-09-20T06:46:33+00:00\",\"description\":\"HURON Solutions Kft. | Ad\u00f3sz\u00e1m: 27716193-2-07 | Sz\u00e9khely: 2066 \u00dajbarok, Barok u. 28. | Telefon: +36 20 340 2408\",\"breadcrumb\":{\"@id\":\"https:\\\/\\\/huronsolutions.ro\\\/impresszum\\\/#breadcrumb\"},\"inLanguage\":\"ro-RO\",\"potentialAction\":[{\"@type\":\"ReadAction\",\"target\":[\"https:\\\/\\\/huronsolutions.ro\\\/impresszum\\\/\"]}]},{\"@type\":\"BreadcrumbList\",\"@id\":\"https:\\\/\\\/huronsolutions.ro\\\/impresszum\\\/#breadcrumb\",\"itemListElement\":[{\"@type\":\"ListItem\",\"position\":1,\"name\":\"Kezd\u0151lap\",\"item\":\"https:\\\/\\\/huronsolutions.ro\\\/\"},{\"@type\":\"ListItem\",\"position\":2,\"name\":\"Impresszum\"}]},{\"@type\":\"WebSite\",\"@id\":\"https:\\\/\\\/huronsolutions.ro\\\/#website\",\"url\":\"https:\\\/\\\/huronsolutions.ro\\\/\",\"name\":\"Huron Solutions\",\"description\":\"Huron J\u00e1r\u00f3r\u00e1cs\",\"publisher\":{\"@id\":\"https:\\\/\\\/huronsolutions.ro\\\/#organization\"},\"potentialAction\":[{\"@type\":\"SearchAction\",\"target\":{\"@type\":\"EntryPoint\",\"urlTemplate\":\"https:\\\/\\\/huronsolutions.ro\\\/?s={search_term_string}\"},\"query-input\":{\"@type\":\"PropertyValueSpecification\",\"valueRequired\":true,\"valueName\":\"search_term_string\"}}],\"inLanguage\":\"ro-RO\"},{\"@type\":\"Organization\",\"@id\":\"https:\\\/\\\/huronsolutions.ro\\\/#organization\",\"name\":\"Huron Solutions\",\"url\":\"https:\\\/\\\/huronsolutions.ro\\\/\",\"logo\":{\"@type\":\"ImageObject\",\"inLanguage\":\"ro-RO\",\"@id\":\"https:\\\/\\\/huronsolutions.ro\\\/#\\\/schema\\\/logo\\\/image\\\/\",\"url\":\"https:\\\/\\\/huronsolutions.ro\\\/wp-content\\\/uploads\\\/2024\\\/09\\\/Huron-logo-512.jpg\",\"contentUrl\":\"https:\\\/\\\/huronsolutions.ro\\\/wp-content\\\/uploads\\\/2024\\\/09\\\/Huron-logo-512.jpg\",\"width\":514,\"height\":514,\"caption\":\"Huron Solutions\"},\"image\":{\"@id\":\"https:\\\/\\\/huronsolutions.ro\\\/#\\\/schema\\\/logo\\\/image\\\/\"}}]}<\/script>\n<!-- \/ Yoast SEO Premium plugin. -->","yoast_head_json":{"title":"Imprint - Huron Solutions","description":"HURON Solutions Ltd. | Num\u0103r de identificare fiscal\u0103: 27716193-2-07 | Sediul central: 2066 \u00dajbarok, Barok u. 28. | Telefon: +36 20 340 2408","robots":{"index":"index","follow":"follow","max-snippet":"max-snippet:-1","max-image-preview":"max-image-preview:large","max-video-preview":"max-video-preview:-1"},"canonical":"https:\/\/huronsolutions.ro\/ro\/impresszum\/","og_locale":"ro_RO","og_type":"article","og_title":"Impresszum - Huron Solutions","og_description":"HURON Solutions Kft. | Ad\u00f3sz\u00e1m: 27716193-2-07 | Sz\u00e9khely: 2066 \u00dajbarok, Barok u. 28. | Telefon: +36 20 340 2408","og_url":"https:\/\/huronsolutions.ro\/ro\/impresszum\/","og_site_name":"Huron Solutions","article_modified_time":"2024-09-20T06:46:33+00:00","twitter_card":"summary_large_image","schema":{"@context":"https:\/\/schema.org","@graph":[{"@type":"WebPage","@id":"https:\/\/huronsolutions.ro\/impresszum\/","url":"https:\/\/huronsolutions.ro\/impresszum\/","name":"Imprint - Huron Solutions","isPartOf":{"@id":"https:\/\/huronsolutions.ro\/#website"},"datePublished":"2024-03-18T09:45:08+00:00","dateModified":"2024-09-20T06:46:33+00:00","description":"HURON Solutions Ltd. | Num\u0103r de identificare fiscal\u0103: 27716193-2-07 | Sediul central: 2066 \u00dajbarok, Barok u. 28. | Telefon: +36 20 340 2408","breadcrumb":{"@id":"https:\/\/huronsolutions.ro\/impresszum\/#breadcrumb"},"inLanguage":"ro-RO","potentialAction":[{"@type":"ReadAction","target":["https:\/\/huronsolutions.ro\/impresszum\/"]}]},{"@type":"BreadcrumbList","@id":"https:\/\/huronsolutions.ro\/impresszum\/#breadcrumb","itemListElement":[{"@type":"ListItem","position":1,"name":"Kezd\u0151lap","item":"https:\/\/huronsolutions.ro\/"},{"@type":"ListItem","position":2,"name":"Impresszum"}]},{"@type":"WebSite","@id":"https:\/\/huronsolutions.ro\/#website","url":"https:\/\/huronsolutions.ro\/","name":"Huron Solutions","description":"Gr\u0103tare pietonale HURON","publisher":{"@id":"https:\/\/huronsolutions.ro\/#organization"},"potentialAction":[{"@type":"SearchAction","target":{"@type":"EntryPoint","urlTemplate":"https:\/\/huronsolutions.ro\/?s={search_term_string}"},"query-input":{"@type":"PropertyValueSpecification","valueRequired":true,"valueName":"search_term_string"}}],"inLanguage":"ro-RO"},{"@type":"Organization","@id":"https:\/\/huronsolutions.ro\/#organization","name":"Huron Solutions","url":"https:\/\/huronsolutions.ro\/","logo":{"@type":"ImageObject","inLanguage":"ro-RO","@id":"https:\/\/huronsolutions.ro\/#\/schema\/logo\/image\/","url":"https:\/\/huronsolutions.ro\/wp-content\/uploads\/2024\/09\/Huron-logo-512.jpg","contentUrl":"https:\/\/huronsolutions.ro\/wp-content\/uploads\/2024\/09\/Huron-logo-512.jpg","width":514,"height":514,"caption":"Huron Solutions"},"image":{"@id":"https:\/\/huronsolutions.ro\/#\/schema\/logo\/image\/"}}]}},"_links":{"self":[{"href":"https:\/\/huronsolutions.ro\/ro\/wp-json\/wp\/v2\/pages\/38","targetHints":{"allow":["GET"]}}],"collection":[{"href":"https:\/\/huronsolutions.ro\/ro\/wp-json\/wp\/v2\/pages"}],"about":[{"href":"https:\/\/huronsolutions.ro\/ro\/wp-json\/wp\/v2\/types\/page"}],"author":[{"embeddable":true,"href":"https:\/\/huronsolutions.ro\/ro\/wp-json\/wp\/v2\/users\/1"}],"replies":[{"embeddable":true,"href":"https:\/\/huronsolutions.ro\/ro\/wp-json\/wp\/v2\/comments?post=38"}],"version-history":[{"count":0,"href":"https:\/\/huronsolutions.ro\/ro\/wp-json\/wp\/v2\/pages\/38\/revisions"}],"wp:attachment":[{"href":"https:\/\/huronsolutions.ro\/ro\/wp-json\/wp\/v2\/media?parent=38"}],"curies":[{"name":"wp","href":"https:\/\/api.w.org\/{rel}","templated":true}]}}