{"id":1189,"date":"2024-09-20T08:51:49","date_gmt":"2024-09-20T06:51:49","guid":{"rendered":"https:\/\/huronsolutions.ro\/?page_id=1189"},"modified":"2024-09-23T19:53:52","modified_gmt":"2024-09-23T17:53:52","slug":"szallitas","status":"publish","type":"page","link":"https:\/\/huronsolutions.ro\/ro\/szallitas\/","title":{"rendered":"Informa\u021bii de livrare"},"content":{"rendered":"<div data-elementor-type=\"wp-page\" data-elementor-id=\"1189\" class=\"elementor elementor-1189\" data-elementor-post-type=\"page\">\n\t\t\t\t\t\t<section class=\"elementor-section elementor-top-section elementor-element elementor-element-d785424 elementor-section-height-min-height elementor-section-boxed elementor-section-height-default elementor-section-items-middle\" data-id=\"d785424\" data-element_type=\"section\" data-e-type=\"section\" data-settings=\"{&quot;background_background&quot;:&quot;classic&quot;}\">\n\t\t\t\t\t\t\t<div class=\"elementor-background-overlay\"><\/div>\n\t\t\t\t\t\t\t<div class=\"elementor-container elementor-column-gap-default\">\n\t\t\t\t\t<div class=\"elementor-column elementor-col-100 elementor-top-column elementor-element elementor-element-acc5460\" data-id=\"acc5460\" data-element_type=\"column\" data-e-type=\"column\">\n\t\t\t<div class=\"elementor-widget-wrap elementor-element-populated\">\n\t\t\t\t\t\t<div class=\"elementor-element elementor-element-1a4d21d elementor-widget elementor-widget-heading\" data-id=\"1a4d21d\" data-element_type=\"widget\" data-e-type=\"widget\" data-widget_type=\"heading.default\">\n\t\t\t\t<div class=\"elementor-widget-container\">\n\t\t\t\t\t<h1 class=\"elementor-heading-title elementor-size-default\">Informa\u021bii de livrare<\/h1>\t\t\t\t<\/div>\n\t\t\t\t<\/div>\n\t\t\t\t\t<\/div>\n\t\t<\/div>\n\t\t\t\t\t<\/div>\n\t\t<\/section>\n\t\t\t\t<section class=\"elementor-section elementor-top-section elementor-element elementor-element-c396cdc elementor-reverse-mobile elementor-section-boxed elementor-section-height-default elementor-section-height-default\" data-id=\"c396cdc\" data-element_type=\"section\" data-e-type=\"section\">\n\t\t\t\t\t\t<div class=\"elementor-container elementor-column-gap-default\">\n\t\t\t\t\t<div class=\"elementor-column elementor-col-100 elementor-top-column elementor-element elementor-element-fb15221\" data-id=\"fb15221\" data-element_type=\"column\" data-e-type=\"column\">\n\t\t\t<div class=\"elementor-widget-wrap elementor-element-populated\">\n\t\t\t\t\t\t<div class=\"elementor-element elementor-element-78b5b0d elementor-widget elementor-widget-text-editor\" data-id=\"78b5b0d\" data-element_type=\"widget\" data-e-type=\"widget\" data-widget_type=\"text-editor.default\">\n\t\t\t\t<div class=\"elementor-widget-container\">\n\t\t\t\t\t\t\t\t\t<p class=\"translation-block\">Livrarea la domiciliu este asigurat\u0103 de companii de curierat, cu care produsele comandate vor fi livrate \u00een 2 - 3 zile lucr\u0103toare dup\u0103 confirmarea comenzii prin e-mail.<\/p><p>\u00cen caz de lips\u0103 de stoc, este posibil\u0103 livrarea dup\u0103 reincarcarea stocului, cu acordul clientului.<\/p><p>Unele dintre produsele noastre sunt livrate de la un depozit extern, astfel \u00eenc\u00e2t, dac\u0103 dori\u021bi s\u0103 le ridica\u021bi personal, trebuie s\u0103 face\u021bi o programare \u00een avans.<\/p><p><span style=\"text-decoration: underline;\"><strong>Ridicare marf\u0103, livrare:<\/strong><\/span><\/p><ul><li>Ridicarea personal\u0103 a produselor de la depozitul  din Tatab\u00e1nya (luni-joi: 8.00-16.00, vineri: 8.00-14.00): gratuit<\/li><li>Colete po\u0219tale mici max 51x35x31 cm <strong>0 - 15 kg<\/strong>, livrat la u\u0219a dumneavoastr\u0103 (MPL) - HUF 3.500,- + TVA<\/li><li>Colete po\u0219tale mari max 50x50x50 cm, <strong>15 - 40 kg<\/strong> livrat la u\u0219a dumneavoastr\u0103 (MPL)- 7.500,- Ft + TVA<\/li><li>Blocuri pentru sc\u0103ri p\u00e2n\u0103 la 15 kg \u00eentr-un pachet de 200x10x10 cm, livrat la u\u0219a dumneavoastr\u0103 (MPL) - 7.500,- Ft + TVA<\/li><li>Sarcini pe scar\u0103 de p\u00e2n\u0103 la 15 - 200 kg, livrate la u\u0219a dumneavoastr\u0103 pe pale\u021bi de 200\u00d750 cm sau stafnifs (Trans-Pack) - 16.000,- Ft + TVA<\/li><li>Transport de pale\u021bi mici \u00eentre 40-80 kg, livra\u021bi la u\u0219a dumneavoastr\u0103 (Trans-Pack) - 16.000,- Ft + TVA<\/li><li>Transport mare, paletizat \u00eentre 40-400 kg, livrat la u\u0219a dumneavoastr\u0103 (Trans-Pack) - 25.000,- Ft + TVA<\/li><\/ul><p><span style=\"text-decoration: underline;\"><strong>Ambalare:<\/strong><\/span><\/p><ul><li>La ridicare personal\u0103 a comenzilor, nu se percepe nicio tax\u0103 suplimentar\u0103 de ambalaj \u00een caz de pale\u021bi sau  ambalaj din lemne de schimb.<\/li><li>Taxa de ambalaj pentru coletele po\u0219tale de p\u00e2n\u0103 la 40 kg: 1.000,- Ft + TVA.<\/li><li>Tax\u0103 de ambalaj per palet (palet de folosin\u021b\u0103 unic\u0103): 3.000,- HUF + TVA.<\/li><\/ul><p>Pentru livrarea produselor de dimensiuni individuale sau produse de peste 400 kg, v\u0103 rug\u0103m s\u0103 solicita\u021bi <a href=\"https:\/\/huronsolutions.ro\/ro\/kapcsolat\/\">oferta noastr\u0103<\/a>.<\/p>\t\t\t\t\t\t\t\t<\/div>\n\t\t\t\t<\/div>\n\t\t\t\t\t<\/div>\n\t\t<\/div>\n\t\t\t\t\t<\/div>\n\t\t<\/section>\n\t\t\t\t<section class=\"elementor-section elementor-top-section elementor-element elementor-element-8e80a50 elementor-section-boxed elementor-section-height-default elementor-section-height-default\" data-id=\"8e80a50\" data-element_type=\"section\" data-e-type=\"section\">\n\t\t\t\t\t\t<div class=\"elementor-container elementor-column-gap-default\">\n\t\t\t\t\t<div class=\"elementor-column elementor-col-100 elementor-top-column elementor-element elementor-element-7ba5e67\" data-id=\"7ba5e67\" data-element_type=\"column\" data-e-type=\"column\">\n\t\t\t<div class=\"elementor-widget-wrap elementor-element-populated\">\n\t\t\t\t\t\t<div class=\"elementor-element elementor-element-acc65ba elementor-align-center elementor-widget elementor-widget-button\" data-id=\"acc65ba\" data-element_type=\"widget\" data-e-type=\"widget\" data-widget_type=\"button.default\">\n\t\t\t\t<div class=\"elementor-widget-container\">\n\t\t\t\t\t\t\t\t\t<div class=\"elementor-button-wrapper\">\n\t\t\t\t\t<a class=\"elementor-button elementor-button-link elementor-size-sm\" href=\"https:\/\/huronsolutions.ro\/ro\/kapcsolat\/\">\n\t\t\t\t\t\t<span class=\"elementor-button-content-wrapper\">\n\t\t\t\t\t\t\t\t\t<span class=\"elementor-button-text\">Contact<\/span>\n\t\t\t\t\t<\/span>\n\t\t\t\t\t<\/a>\n\t\t\t\t<\/div>\n\t\t\t\t\t\t\t\t<\/div>\n\t\t\t\t<\/div>\n\t\t\t\t\t<\/div>\n\t\t<\/div>\n\t\t\t\t\t<\/div>\n\t\t<\/section>\n\t\t\t\t<\/div>","protected":false},"excerpt":{"rendered":"<p>Sz\u00e1ll\u00edt\u00e1si inform\u00e1ci\u00f3k H\u00e1zhoz sz\u00e1ll\u00edt\u00e1st fut\u00e1rc\u00e9gek \u00e1ltal biztos\u00edtunk, akiknek a megrendelt term\u00e9kek a megrendel\u00e9s e-mailes visszaigazol\u00e1s\u00e1t k\u00f6vet\u0151 munkanapon \u00e1tad\u00e1sra ker\u00fclnek. A kisz\u00e1ll\u00edt\u00e1s a csomagfelv\u00e9telt\u0151l 1-3 munkanapon bel\u00fcl megt\u00f6rt\u00e9nik. K\u00e9szlethi\u00e1ny eset\u00e9n ut\u00e1nrendel\u00e9s lehets\u00e9ges a Megrendel\u0151vel t\u00f6rt\u00e9n\u0151 egyeztet\u00e9st k\u00f6vet\u0151en. Egyes term\u00e9keink k\u00fcls\u0151 rakt\u00e1rb\u00f3l ker\u00fclnek besz\u00e1ll\u00edt\u00e1sra, ez\u00e9rt szem\u00e9lyes \u00e1tv\u00e9tel eset\u00e9n el\u0151zetes id\u0151pontegyeztet\u00e9s sz\u00fcks\u00e9ges. \u00c1tv\u00e9tel, sz\u00e1ll\u00edt\u00e1s: Szem\u00e9lyes \u00e1tv\u00e9tel tatab\u00e1nyai rakt\u00e1runkban &#8230; <a title=\"Informa\u021bii de livrare\" class=\"read-more\" href=\"https:\/\/huronsolutions.ro\/ro\/szallitas\/\" aria-label=\"Cite\u0219te mai multe despre Sz\u00e1ll\u00edt\u00e1si inform\u00e1ci\u00f3k\">Cite\u0219te mai mult<\/a><\/p>","protected":false},"author":1,"featured_media":0,"parent":0,"menu_order":0,"comment_status":"closed","ping_status":"closed","template":"elementor_header_footer","meta":{"footnotes":""},"class_list":["post-1189","page","type-page","status-publish"],"yoast_head":"<!-- This site is optimized with the Yoast SEO Premium plugin v27.4 (Yoast SEO v27.4) - https:\/\/yoast.com\/product\/yoast-seo-premium-wordpress\/ -->\n<title>Sz\u00e1ll\u00edt\u00e1si inform\u00e1ci\u00f3k - Huron Solutions<\/title>\n<meta name=\"description\" content=\"Sz\u00e1ll\u00edt\u00e1ssal kapcsolatos inform\u00e1ci\u00f3kat itt tal\u00e1lja. K\u00f6sz\u00f6nj\u00fck, hogy benn\u00fcnket v\u00e1laszt! Tov\u00e1bbi k\u00e9rd\u00e9s eset\u00e9n vegye fel vel\u00fcnk a kapcsolatot\" \/>\n<meta name=\"robots\" content=\"index, follow, max-snippet:-1, max-image-preview:large, max-video-preview:-1\" \/>\n<link rel=\"canonical\" href=\"https:\/\/huronsolutions.ro\/ro\/szallitas\/\" \/>\n<meta property=\"og:locale\" content=\"ro_RO\" \/>\n<meta property=\"og:type\" content=\"article\" \/>\n<meta property=\"og:title\" content=\"Sz\u00e1ll\u00edt\u00e1si inform\u00e1ci\u00f3k - Huron Solutions\" \/>\n<meta property=\"og:description\" content=\"Sz\u00e1ll\u00edt\u00e1ssal kapcsolatos inform\u00e1ci\u00f3kat itt tal\u00e1lja. K\u00f6sz\u00f6nj\u00fck, hogy benn\u00fcnket v\u00e1laszt! Tov\u00e1bbi k\u00e9rd\u00e9s eset\u00e9n vegye fel vel\u00fcnk a kapcsolatot\" \/>\n<meta property=\"og:url\" content=\"https:\/\/huronsolutions.ro\/ro\/szallitas\/\" \/>\n<meta property=\"og:site_name\" content=\"Huron Solutions\" \/>\n<meta property=\"article:modified_time\" content=\"2024-09-23T17:53:52+00:00\" \/>\n<meta name=\"twitter:card\" content=\"summary_large_image\" \/>\n<meta name=\"twitter:label1\" content=\"Timp estimat pentru citire\" \/>\n\t<meta name=\"twitter:data1\" content=\"2 minute\" \/>\n<script type=\"application\/ld+json\" class=\"yoast-schema-graph\">{\"@context\":\"https:\\\/\\\/schema.org\",\"@graph\":[{\"@type\":\"WebPage\",\"@id\":\"https:\\\/\\\/huronsolutions.ro\\\/szallitas\\\/\",\"url\":\"https:\\\/\\\/huronsolutions.ro\\\/szallitas\\\/\",\"name\":\"Sz\u00e1ll\u00edt\u00e1si inform\u00e1ci\u00f3k - Huron Solutions\",\"isPartOf\":{\"@id\":\"https:\\\/\\\/huronsolutions.ro\\\/#website\"},\"datePublished\":\"2024-09-20T06:51:49+00:00\",\"dateModified\":\"2024-09-23T17:53:52+00:00\",\"description\":\"Sz\u00e1ll\u00edt\u00e1ssal kapcsolatos inform\u00e1ci\u00f3kat itt tal\u00e1lja. K\u00f6sz\u00f6nj\u00fck, hogy benn\u00fcnket v\u00e1laszt! Tov\u00e1bbi k\u00e9rd\u00e9s eset\u00e9n vegye fel vel\u00fcnk a kapcsolatot\",\"breadcrumb\":{\"@id\":\"https:\\\/\\\/huronsolutions.ro\\\/szallitas\\\/#breadcrumb\"},\"inLanguage\":\"ro-RO\",\"potentialAction\":[{\"@type\":\"ReadAction\",\"target\":[\"https:\\\/\\\/huronsolutions.ro\\\/szallitas\\\/\"]}]},{\"@type\":\"BreadcrumbList\",\"@id\":\"https:\\\/\\\/huronsolutions.ro\\\/szallitas\\\/#breadcrumb\",\"itemListElement\":[{\"@type\":\"ListItem\",\"position\":1,\"name\":\"Kezd\u0151lap\",\"item\":\"https:\\\/\\\/huronsolutions.ro\\\/\"},{\"@type\":\"ListItem\",\"position\":2,\"name\":\"Sz\u00e1ll\u00edt\u00e1si inform\u00e1ci\u00f3k\"}]},{\"@type\":\"WebSite\",\"@id\":\"https:\\\/\\\/huronsolutions.ro\\\/#website\",\"url\":\"https:\\\/\\\/huronsolutions.ro\\\/\",\"name\":\"Huron Solutions\",\"description\":\"Huron J\u00e1r\u00f3r\u00e1cs\",\"publisher\":{\"@id\":\"https:\\\/\\\/huronsolutions.ro\\\/#organization\"},\"potentialAction\":[{\"@type\":\"SearchAction\",\"target\":{\"@type\":\"EntryPoint\",\"urlTemplate\":\"https:\\\/\\\/huronsolutions.ro\\\/?s={search_term_string}\"},\"query-input\":{\"@type\":\"PropertyValueSpecification\",\"valueRequired\":true,\"valueName\":\"search_term_string\"}}],\"inLanguage\":\"ro-RO\"},{\"@type\":\"Organization\",\"@id\":\"https:\\\/\\\/huronsolutions.ro\\\/#organization\",\"name\":\"Huron Solutions\",\"url\":\"https:\\\/\\\/huronsolutions.ro\\\/\",\"logo\":{\"@type\":\"ImageObject\",\"inLanguage\":\"ro-RO\",\"@id\":\"https:\\\/\\\/huronsolutions.ro\\\/#\\\/schema\\\/logo\\\/image\\\/\",\"url\":\"https:\\\/\\\/huronsolutions.ro\\\/wp-content\\\/uploads\\\/2024\\\/09\\\/Huron-logo-512.jpg\",\"contentUrl\":\"https:\\\/\\\/huronsolutions.ro\\\/wp-content\\\/uploads\\\/2024\\\/09\\\/Huron-logo-512.jpg\",\"width\":514,\"height\":514,\"caption\":\"Huron Solutions\"},\"image\":{\"@id\":\"https:\\\/\\\/huronsolutions.ro\\\/#\\\/schema\\\/logo\\\/image\\\/\"}}]}<\/script>\n<!-- \/ Yoast SEO Premium plugin. -->","yoast_head_json":{"title":"Informa\u021bii de livrare - Huron Solutions","description":"Pute\u021bi g\u0103si informa\u021bii despre livrare aici. V\u0103 mul\u021bumim c\u0103 ne-a\u021bi ales! Pentru \u00eentreb\u0103ri suplimentare, v\u0103 rug\u0103m s\u0103 ne contacta\u021bi","robots":{"index":"index","follow":"follow","max-snippet":"max-snippet:-1","max-image-preview":"max-image-preview:large","max-video-preview":"max-video-preview:-1"},"canonical":"https:\/\/huronsolutions.ro\/ro\/szallitas\/","og_locale":"ro_RO","og_type":"article","og_title":"Sz\u00e1ll\u00edt\u00e1si inform\u00e1ci\u00f3k - Huron Solutions","og_description":"Sz\u00e1ll\u00edt\u00e1ssal kapcsolatos inform\u00e1ci\u00f3kat itt tal\u00e1lja. K\u00f6sz\u00f6nj\u00fck, hogy benn\u00fcnket v\u00e1laszt! Tov\u00e1bbi k\u00e9rd\u00e9s eset\u00e9n vegye fel vel\u00fcnk a kapcsolatot","og_url":"https:\/\/huronsolutions.ro\/ro\/szallitas\/","og_site_name":"Huron Solutions","article_modified_time":"2024-09-23T17:53:52+00:00","twitter_card":"summary_large_image","twitter_misc":{"Timp estimat pentru citire":"2 minute"},"schema":{"@context":"https:\/\/schema.org","@graph":[{"@type":"WebPage","@id":"https:\/\/huronsolutions.ro\/szallitas\/","url":"https:\/\/huronsolutions.ro\/szallitas\/","name":"Informa\u021bii de livrare - Huron Solutions","isPartOf":{"@id":"https:\/\/huronsolutions.ro\/#website"},"datePublished":"2024-09-20T06:51:49+00:00","dateModified":"2024-09-23T17:53:52+00:00","description":"Pute\u021bi g\u0103si informa\u021bii despre livrare aici. V\u0103 mul\u021bumim c\u0103 ne-a\u021bi ales! Pentru \u00eentreb\u0103ri suplimentare, v\u0103 rug\u0103m s\u0103 ne contacta\u021bi","breadcrumb":{"@id":"https:\/\/huronsolutions.ro\/szallitas\/#breadcrumb"},"inLanguage":"ro-RO","potentialAction":[{"@type":"ReadAction","target":["https:\/\/huronsolutions.ro\/szallitas\/"]}]},{"@type":"BreadcrumbList","@id":"https:\/\/huronsolutions.ro\/szallitas\/#breadcrumb","itemListElement":[{"@type":"ListItem","position":1,"name":"Kezd\u0151lap","item":"https:\/\/huronsolutions.ro\/"},{"@type":"ListItem","position":2,"name":"Sz\u00e1ll\u00edt\u00e1si inform\u00e1ci\u00f3k"}]},{"@type":"WebSite","@id":"https:\/\/huronsolutions.ro\/#website","url":"https:\/\/huronsolutions.ro\/","name":"Huron Solutions","description":"Gr\u0103tare pietonale HURON","publisher":{"@id":"https:\/\/huronsolutions.ro\/#organization"},"potentialAction":[{"@type":"SearchAction","target":{"@type":"EntryPoint","urlTemplate":"https:\/\/huronsolutions.ro\/?s={search_term_string}"},"query-input":{"@type":"PropertyValueSpecification","valueRequired":true,"valueName":"search_term_string"}}],"inLanguage":"ro-RO"},{"@type":"Organization","@id":"https:\/\/huronsolutions.ro\/#organization","name":"Huron Solutions","url":"https:\/\/huronsolutions.ro\/","logo":{"@type":"ImageObject","inLanguage":"ro-RO","@id":"https:\/\/huronsolutions.ro\/#\/schema\/logo\/image\/","url":"https:\/\/huronsolutions.ro\/wp-content\/uploads\/2024\/09\/Huron-logo-512.jpg","contentUrl":"https:\/\/huronsolutions.ro\/wp-content\/uploads\/2024\/09\/Huron-logo-512.jpg","width":514,"height":514,"caption":"Huron Solutions"},"image":{"@id":"https:\/\/huronsolutions.ro\/#\/schema\/logo\/image\/"}}]}},"_links":{"self":[{"href":"https:\/\/huronsolutions.ro\/ro\/wp-json\/wp\/v2\/pages\/1189","targetHints":{"allow":["GET"]}}],"collection":[{"href":"https:\/\/huronsolutions.ro\/ro\/wp-json\/wp\/v2\/pages"}],"about":[{"href":"https:\/\/huronsolutions.ro\/ro\/wp-json\/wp\/v2\/types\/page"}],"author":[{"embeddable":true,"href":"https:\/\/huronsolutions.ro\/ro\/wp-json\/wp\/v2\/users\/1"}],"replies":[{"embeddable":true,"href":"https:\/\/huronsolutions.ro\/ro\/wp-json\/wp\/v2\/comments?post=1189"}],"version-history":[{"count":0,"href":"https:\/\/huronsolutions.ro\/ro\/wp-json\/wp\/v2\/pages\/1189\/revisions"}],"wp:attachment":[{"href":"https:\/\/huronsolutions.ro\/ro\/wp-json\/wp\/v2\/media?parent=1189"}],"curies":[{"name":"wp","href":"https:\/\/api.w.org\/{rel}","templated":true}]}}