{"id":2545,"date":"2026-04-21T11:12:10","date_gmt":"2026-04-21T09:12:10","guid":{"rendered":"https:\/\/huronsolutions.ro\/?post_type=product&#038;p=2545"},"modified":"2026-04-23T08:26:36","modified_gmt":"2026-04-23T06:26:36","slug":"huron-labtorlo-racs-betonozo-kerettel-p-tipus-400x600-mm-foborda-25x2-mm-tuzihorganyzott","status":"publish","type":"product","link":"https:\/\/huronsolutions.ro\/en\/termek\/huron-labtorlo-racs-betonozo-kerettel-p-tipus-400x600-mm-foborda-25x2-mm-tuzihorganyzott\/","title":{"rendered":"HURON floor mat grid with concrete frame, type P, 400\u00d7600 mm, Main rib 25\u00d72 mm Hot-dip galvanized"},"content":{"rendered":"<p>The\u00a0<strong>HURON P t\u00edpus\u00fa l\u00e1bt\u00f6rl\u0151 r\u00e1cs betonoz\u00f3 kerettel<\/strong>\u00a0megb\u00edzhat\u00f3 \u00e9s tart\u00f3s megold\u00e1st k\u00edn\u00e1l bej\u00e1ratok, ipari \u00e9s k\u00f6z\u00f6ss\u00e9gi terek tiszt\u00e1n tart\u00e1s\u00e1ra. A 400\u00d7600 mm k\u00fclm\u00e9ret\u0171 rendszer kifejezetten s\u00fcllyesztett, betonba \u00e9p\u00edtett alkalmaz\u00e1sokhoz k\u00e9sz\u00fclt, ahol fontos a stabil r\u00f6gz\u00edt\u00e9s, a nagy teherb\u00edr\u00e1s \u00e9s a hossz\u00fa \u00e9lettartam.<\/p>\n<p>A pr\u00e9selt kivitel\u0171 j\u00e1r\u00f3r\u00e1cs 44\u00d711 mm-es oszt\u00e1ssal k\u00e9sz\u00fcl, amely hat\u00e9konyan t\u00e1vol\u00edtja el a cip\u0151talpra tapadt szennyez\u0151d\u00e9seket, mik\u00f6zben\u00a0<strong>biztos j\u00e1r\u00f3fel\u00fcletet ny\u00fajt.<\/strong>\u00a0A 25\u00d72 mm keresztmetszet\u0171 teherhord\u00f3 f\u0151bord\u00e1k \u00e9s a csipk\u00e9zett mell\u00e9kbord\u00e1k R11 cs\u00fasz\u00e1smentess\u00e9get biztos\u00edtanak, \u00edgy nedves vagy szennyezett k\u00f6rnyezetben is biztons\u00e1gos haszn\u00e1latot tesznek lehet\u0151v\u00e9.<\/p>\n<p>A l\u00e1bt\u00f6rl\u0151 r\u00e1cs n\u00e9gyoldali LP laposac\u00e9l kerettel rendelkezik, a kivehet\u0151 r\u00e1csbet\u00e9t m\u00e9rete 390\u00d7590 mm, amely\u00a0<strong>megk\u00f6nny\u00edti a tiszt\u00edt\u00e1st \u00e9s a karbantart\u00e1st<\/strong>. A rendszer r\u00e9sze a 30\u00d730\u00d73 mm-es L-profil\u00fa betonoz\u00f3 keret, kihajthat\u00f3 betonoz\u00f3 praclikkal, amely gyors \u00e9s pontos be\u00e9p\u00edt\u00e9st tesz lehet\u0151v\u00e9, valamint biztos\u00edtja a szerkezet hossz\u00fa t\u00e1v\u00fa stabilit\u00e1s\u00e1t.<\/p>\n<p>A t\u00fczihorganyzott fel\u00fcletkezel\u00e9s\u00a0<strong>kiv\u00e1l\u00f3 korr\u00f3zi\u00f3v\u00e9delmet<\/strong>\u00a0ny\u00fajt, \u00edgy a l\u00e1bt\u00f6rl\u0151 r\u00e1cs k\u00fclt\u00e9ri \u00e9s belt\u00e9ri felhaszn\u00e1l\u00e1sra egyar\u00e1nt alkalmas, nagy ig\u00e9nybev\u00e9tel mellett is. Ide\u00e1lis v\u00e1laszt\u00e1s ipari csarnokok, \u00fczletek, irodah\u00e1zak, t\u00e1rsash\u00e1zak \u00e9s k\u00f6zint\u00e9zm\u00e9nyek bej\u00e1rataihoz, ahol a funkcionalit\u00e1s \u00e9s a tart\u00f3ss\u00e1g els\u0151dleges szempont.<\/p>","protected":false},"excerpt":{"rendered":"<p>T\u00edpus: P \u2013 pr\u00e9selt j\u00e1r\u00f3r\u00e1cs<br \/>\nOszt\u00e1s: 44 x 11 mm<br \/>\nF\u0151borda keresztmetszete: 25 x 2 mm<br \/>\nF\u0151borda hossza: 400 mm<br \/>\nMell\u00e9kborda hossza: 600 mm<br \/>\nR11 cs\u00fasz\u00e1smentes (mell\u00e9kborda csipk\u00e9zett)<br \/>\nFrame: 4-sided LP flat steel<br \/>\nKivehet\u0151 r\u00e1csbet\u00e9t 390\u00d7590 mm k\u00fclm\u00e9ret<br \/>\nL30x30x3 mm betonoz\u00f3 keret kihajthat\u00f3 betonoz\u00f3 praclikkal, 400\u00d7600 mm k\u00fclm\u00e9ret<br \/>\nSurface treatment: hot-dip galvanised<br \/>\nT\u00f6meg: 8 kg<\/p>","protected":false},"featured_media":2546,"template":"","meta":[],"product_cat":[142],"product_tag":[],"class_list":{"0":"post-2545","1":"product","2":"type-product","3":"status-publish","4":"has-post-thumbnail","6":"product_cat-labtorlo-racs","7":"product_shipping_class-alacsony","8":"sales-flash-overlay","9":"woocommerce-text-align-center","10":"woocommerce-image-align-center","11":"do-quantity-buttons","12":"wc-has-gallery","14":"first","15":"instock","16":"sale","17":"taxable","18":"shipping-taxable","19":"purchasable","20":"product-type-simple"},"yoast_head":"<!-- This site is optimized with the Yoast SEO Premium plugin v27.4 (Yoast SEO v27.4) - https:\/\/yoast.com\/product\/yoast-seo-premium-wordpress\/ -->\n<title>HURON l\u00e1bt\u00f6rl\u0151 r\u00e1cs betonoz\u00f3 kerettel, P t\u00edpus, 400\u00d7600 mm, F\u0151borda 25\u00d72 mm T\u00fczihorganyzott - Huron Solutions<\/title>\n<meta name=\"robots\" content=\"index, follow, max-snippet:-1, max-image-preview:large, max-video-preview:-1\" \/>\n<link rel=\"canonical\" href=\"https:\/\/huronsolutions.ro\/en\/product\/huron-labtorlo-racs-betonozo-kerettel-p-tipus-400x600-mm-foborda-25x2-mm-tuzihorganyzott\/\" \/>\n<meta property=\"og:locale\" content=\"en_US\" \/>\n<meta property=\"og:type\" content=\"article\" \/>\n<meta property=\"og:title\" content=\"HURON l\u00e1bt\u00f6rl\u0151 r\u00e1cs betonoz\u00f3 kerettel, P t\u00edpus, 400\u00d7600 mm, F\u0151borda 25\u00d72 mm T\u00fczihorganyzott - Huron Solutions\" \/>\n<meta property=\"og:description\" content=\"T\u00edpus: P \u2013 pr\u00e9selt j\u00e1r\u00f3r\u00e1cs Oszt\u00e1s: 44 x 11 mm F\u0151borda keresztmetszete: 25 x 2 mm F\u0151borda hossza: 400 mm Mell\u00e9kborda hossza: 600 mm R11 cs\u00fasz\u00e1smentes (mell\u00e9kborda csipk\u00e9zett) Keret: 4 oldali LP laposac\u00e9l Kivehet\u0151 r\u00e1csbet\u00e9t 390\u00d7590 mm k\u00fclm\u00e9ret L30x30x3 mm betonoz\u00f3 keret kihajthat\u00f3 betonoz\u00f3 praclikkal, 400\u00d7600 mm k\u00fclm\u00e9ret Fel\u00fcletkezel\u00e9s: T\u00fczihorganyzott T\u00f6meg: 8 kg\" \/>\n<meta property=\"og:url\" content=\"https:\/\/huronsolutions.ro\/en\/product\/huron-labtorlo-racs-betonozo-kerettel-p-tipus-400x600-mm-foborda-25x2-mm-tuzihorganyzott\/\" \/>\n<meta property=\"og:site_name\" content=\"Huron Solutions\" \/>\n<meta property=\"article:modified_time\" content=\"2026-04-23T06:26:36+00:00\" \/>\n<meta property=\"og:image\" content=\"https:\/\/huronsolutions.ro\/wp-content\/uploads\/2026\/04\/labtorloracs-1.jpg\" \/>\n\t<meta property=\"og:image:width\" content=\"800\" \/>\n\t<meta property=\"og:image:height\" content=\"800\" \/>\n\t<meta property=\"og:image:type\" content=\"image\/jpeg\" \/>\n<meta name=\"twitter:card\" content=\"summary_large_image\" \/>\n<meta name=\"twitter:label1\" content=\"Price\" \/>\n\t<meta name=\"twitter:data1\" content=\"370.50&nbsp;lei + \u00c1FA\" \/>\n\t<meta name=\"twitter:label2\" content=\"Availability\" \/>\n\t<meta name=\"twitter:data2\" content=\"In stock\" \/>\n<script type=\"application\/ld+json\" class=\"yoast-schema-graph\">{\"@context\":\"https:\\\/\\\/schema.org\",\"@graph\":[{\"@type\":\"WebPage\",\"@id\":\"https:\\\/\\\/huronsolutions.ro\\\/termek\\\/huron-labtorlo-racs-betonozo-kerettel-p-tipus-400x600-mm-foborda-25x2-mm-tuzihorganyzott\\\/\",\"url\":\"https:\\\/\\\/huronsolutions.ro\\\/termek\\\/huron-labtorlo-racs-betonozo-kerettel-p-tipus-400x600-mm-foborda-25x2-mm-tuzihorganyzott\\\/\",\"name\":\"HURON l\u00e1bt\u00f6rl\u0151 r\u00e1cs betonoz\u00f3 kerettel, P t\u00edpus, 400\u00d7600 mm, F\u0151borda 25\u00d72 mm T\u00fczihorganyzott - Huron Solutions\",\"isPartOf\":{\"@id\":\"https:\\\/\\\/huronsolutions.ro\\\/#website\"},\"primaryImageOfPage\":{\"@id\":\"https:\\\/\\\/huronsolutions.ro\\\/termek\\\/huron-labtorlo-racs-betonozo-kerettel-p-tipus-400x600-mm-foborda-25x2-mm-tuzihorganyzott\\\/#primaryimage\"},\"image\":{\"@id\":\"https:\\\/\\\/huronsolutions.ro\\\/termek\\\/huron-labtorlo-racs-betonozo-kerettel-p-tipus-400x600-mm-foborda-25x2-mm-tuzihorganyzott\\\/#primaryimage\"},\"thumbnailUrl\":\"https:\\\/\\\/huronsolutions.ro\\\/wp-content\\\/uploads\\\/2026\\\/04\\\/labtorloracs-1.jpg\",\"datePublished\":\"2026-04-21T09:12:10+00:00\",\"dateModified\":\"2026-04-23T06:26:36+00:00\",\"breadcrumb\":{\"@id\":\"https:\\\/\\\/huronsolutions.ro\\\/termek\\\/huron-labtorlo-racs-betonozo-kerettel-p-tipus-400x600-mm-foborda-25x2-mm-tuzihorganyzott\\\/#breadcrumb\"},\"inLanguage\":\"en-US\",\"potentialAction\":[{\"@type\":\"ReadAction\",\"target\":[\"https:\\\/\\\/huronsolutions.ro\\\/termek\\\/huron-labtorlo-racs-betonozo-kerettel-p-tipus-400x600-mm-foborda-25x2-mm-tuzihorganyzott\\\/\"]}]},{\"@type\":\"ImageObject\",\"inLanguage\":\"en-US\",\"@id\":\"https:\\\/\\\/huronsolutions.ro\\\/termek\\\/huron-labtorlo-racs-betonozo-kerettel-p-tipus-400x600-mm-foborda-25x2-mm-tuzihorganyzott\\\/#primaryimage\",\"url\":\"https:\\\/\\\/huronsolutions.ro\\\/wp-content\\\/uploads\\\/2026\\\/04\\\/labtorloracs-1.jpg\",\"contentUrl\":\"https:\\\/\\\/huronsolutions.ro\\\/wp-content\\\/uploads\\\/2026\\\/04\\\/labtorloracs-1.jpg\",\"width\":800,\"height\":800},{\"@type\":\"BreadcrumbList\",\"@id\":\"https:\\\/\\\/huronsolutions.ro\\\/termek\\\/huron-labtorlo-racs-betonozo-kerettel-p-tipus-400x600-mm-foborda-25x2-mm-tuzihorganyzott\\\/#breadcrumb\",\"itemListElement\":[{\"@type\":\"ListItem\",\"position\":1,\"name\":\"Kezd\u0151lap\",\"item\":\"https:\\\/\\\/huronsolutions.ro\\\/\"},{\"@type\":\"ListItem\",\"position\":2,\"name\":\"Term\u00e9keink\",\"item\":\"https:\\\/\\\/huronsolutions.ro\\\/uzlet\\\/\"},{\"@type\":\"ListItem\",\"position\":3,\"name\":\"HURON l\u00e1bt\u00f6rl\u0151 r\u00e1cs betonoz\u00f3 kerettel, P t\u00edpus, 400\u00d7600 mm, F\u0151borda 25\u00d72 mm T\u00fczihorganyzott\"}]},{\"@type\":\"WebSite\",\"@id\":\"https:\\\/\\\/huronsolutions.ro\\\/#website\",\"url\":\"https:\\\/\\\/huronsolutions.ro\\\/\",\"name\":\"Huron Solutions\",\"description\":\"Huron J\u00e1r\u00f3r\u00e1cs\",\"publisher\":{\"@id\":\"https:\\\/\\\/huronsolutions.ro\\\/#organization\"},\"potentialAction\":[{\"@type\":\"SearchAction\",\"target\":{\"@type\":\"EntryPoint\",\"urlTemplate\":\"https:\\\/\\\/huronsolutions.ro\\\/?s={search_term_string}\"},\"query-input\":{\"@type\":\"PropertyValueSpecification\",\"valueRequired\":true,\"valueName\":\"search_term_string\"}}],\"inLanguage\":\"en-US\"},{\"@type\":\"Organization\",\"@id\":\"https:\\\/\\\/huronsolutions.ro\\\/#organization\",\"name\":\"Huron Solutions\",\"url\":\"https:\\\/\\\/huronsolutions.ro\\\/\",\"logo\":{\"@type\":\"ImageObject\",\"inLanguage\":\"en-US\",\"@id\":\"https:\\\/\\\/huronsolutions.ro\\\/#\\\/schema\\\/logo\\\/image\\\/\",\"url\":\"https:\\\/\\\/huronsolutions.ro\\\/wp-content\\\/uploads\\\/2024\\\/09\\\/Huron-logo-512.jpg\",\"contentUrl\":\"https:\\\/\\\/huronsolutions.ro\\\/wp-content\\\/uploads\\\/2024\\\/09\\\/Huron-logo-512.jpg\",\"width\":514,\"height\":514,\"caption\":\"Huron Solutions\"},\"image\":{\"@id\":\"https:\\\/\\\/huronsolutions.ro\\\/#\\\/schema\\\/logo\\\/image\\\/\"}}]}<\/script>\n<meta property=\"product:price:amount\" content=\"370.50\" \/>\n<meta property=\"product:price:currency\" content=\"RON\" \/>\n<meta property=\"og:availability\" content=\"instock\" \/>\n<meta property=\"product:availability\" content=\"instock\" \/>\n<meta property=\"product:retailer_item_id\" content=\"labtorloracs-400x600-mm-foborda-25x2-mm\" \/>\n<meta property=\"product:condition\" content=\"new\" \/>\n<!-- \/ Yoast SEO Premium plugin. -->","yoast_head_json":{"title":"HURON l\u00e1bt\u00f6rl\u0151 r\u00e1cs betonoz\u00f3 kerettel, P t\u00edpus, 400\u00d7600 mm, F\u0151borda 25\u00d72 mm T\u00fczihorganyzott - Huron Solutions","robots":{"index":"index","follow":"follow","max-snippet":"max-snippet:-1","max-image-preview":"max-image-preview:large","max-video-preview":"max-video-preview:-1"},"canonical":"https:\/\/huronsolutions.ro\/en\/product\/huron-labtorlo-racs-betonozo-kerettel-p-tipus-400x600-mm-foborda-25x2-mm-tuzihorganyzott\/","og_locale":"en_US","og_type":"article","og_title":"HURON l\u00e1bt\u00f6rl\u0151 r\u00e1cs betonoz\u00f3 kerettel, P t\u00edpus, 400\u00d7600 mm, F\u0151borda 25\u00d72 mm T\u00fczihorganyzott - Huron Solutions","og_description":"T\u00edpus: P \u2013 pr\u00e9selt j\u00e1r\u00f3r\u00e1cs Oszt\u00e1s: 44 x 11 mm F\u0151borda keresztmetszete: 25 x 2 mm F\u0151borda hossza: 400 mm Mell\u00e9kborda hossza: 600 mm R11 cs\u00fasz\u00e1smentes (mell\u00e9kborda csipk\u00e9zett) Keret: 4 oldali LP laposac\u00e9l Kivehet\u0151 r\u00e1csbet\u00e9t 390\u00d7590 mm k\u00fclm\u00e9ret L30x30x3 mm betonoz\u00f3 keret kihajthat\u00f3 betonoz\u00f3 praclikkal, 400\u00d7600 mm k\u00fclm\u00e9ret Fel\u00fcletkezel\u00e9s: T\u00fczihorganyzott T\u00f6meg: 8 kg","og_url":"https:\/\/huronsolutions.ro\/en\/product\/huron-labtorlo-racs-betonozo-kerettel-p-tipus-400x600-mm-foborda-25x2-mm-tuzihorganyzott\/","og_site_name":"Huron Solutions","article_modified_time":"2026-04-23T06:26:36+00:00","og_image":[{"width":800,"height":800,"url":"https:\/\/huronsolutions.ro\/wp-content\/uploads\/2026\/04\/labtorloracs-1.jpg","type":"image\/jpeg"}],"twitter_card":"summary_large_image","twitter_misc":{"Price":"370.50&nbsp;lei + \u00c1FA","Availability":"In stock"},"schema":{"@context":"https:\/\/schema.org","@graph":[{"@type":"WebPage","@id":"https:\/\/huronsolutions.ro\/termek\/huron-labtorlo-racs-betonozo-kerettel-p-tipus-400x600-mm-foborda-25x2-mm-tuzihorganyzott\/","url":"https:\/\/huronsolutions.ro\/termek\/huron-labtorlo-racs-betonozo-kerettel-p-tipus-400x600-mm-foborda-25x2-mm-tuzihorganyzott\/","name":"HURON l\u00e1bt\u00f6rl\u0151 r\u00e1cs betonoz\u00f3 kerettel, P t\u00edpus, 400\u00d7600 mm, F\u0151borda 25\u00d72 mm T\u00fczihorganyzott - Huron Solutions","isPartOf":{"@id":"https:\/\/huronsolutions.ro\/#website"},"primaryImageOfPage":{"@id":"https:\/\/huronsolutions.ro\/termek\/huron-labtorlo-racs-betonozo-kerettel-p-tipus-400x600-mm-foborda-25x2-mm-tuzihorganyzott\/#primaryimage"},"image":{"@id":"https:\/\/huronsolutions.ro\/termek\/huron-labtorlo-racs-betonozo-kerettel-p-tipus-400x600-mm-foborda-25x2-mm-tuzihorganyzott\/#primaryimage"},"thumbnailUrl":"https:\/\/huronsolutions.ro\/wp-content\/uploads\/2026\/04\/labtorloracs-1.jpg","datePublished":"2026-04-21T09:12:10+00:00","dateModified":"2026-04-23T06:26:36+00:00","breadcrumb":{"@id":"https:\/\/huronsolutions.ro\/termek\/huron-labtorlo-racs-betonozo-kerettel-p-tipus-400x600-mm-foborda-25x2-mm-tuzihorganyzott\/#breadcrumb"},"inLanguage":"en-US","potentialAction":[{"@type":"ReadAction","target":["https:\/\/huronsolutions.ro\/termek\/huron-labtorlo-racs-betonozo-kerettel-p-tipus-400x600-mm-foborda-25x2-mm-tuzihorganyzott\/"]}]},{"@type":"ImageObject","inLanguage":"en-US","@id":"https:\/\/huronsolutions.ro\/termek\/huron-labtorlo-racs-betonozo-kerettel-p-tipus-400x600-mm-foborda-25x2-mm-tuzihorganyzott\/#primaryimage","url":"https:\/\/huronsolutions.ro\/wp-content\/uploads\/2026\/04\/labtorloracs-1.jpg","contentUrl":"https:\/\/huronsolutions.ro\/wp-content\/uploads\/2026\/04\/labtorloracs-1.jpg","width":800,"height":800},{"@type":"BreadcrumbList","@id":"https:\/\/huronsolutions.ro\/termek\/huron-labtorlo-racs-betonozo-kerettel-p-tipus-400x600-mm-foborda-25x2-mm-tuzihorganyzott\/#breadcrumb","itemListElement":[{"@type":"ListItem","position":1,"name":"Kezd\u0151lap","item":"https:\/\/huronsolutions.ro\/"},{"@type":"ListItem","position":2,"name":"Term\u00e9keink","item":"https:\/\/huronsolutions.ro\/uzlet\/"},{"@type":"ListItem","position":3,"name":"HURON l\u00e1bt\u00f6rl\u0151 r\u00e1cs betonoz\u00f3 kerettel, P t\u00edpus, 400\u00d7600 mm, F\u0151borda 25\u00d72 mm T\u00fczihorganyzott"}]},{"@type":"WebSite","@id":"https:\/\/huronsolutions.ro\/#website","url":"https:\/\/huronsolutions.ro\/","name":"Huron Solutions","description":"Huron Grating","publisher":{"@id":"https:\/\/huronsolutions.ro\/#organization"},"potentialAction":[{"@type":"SearchAction","target":{"@type":"EntryPoint","urlTemplate":"https:\/\/huronsolutions.ro\/?s={search_term_string}"},"query-input":{"@type":"PropertyValueSpecification","valueRequired":true,"valueName":"search_term_string"}}],"inLanguage":"en-US"},{"@type":"Organization","@id":"https:\/\/huronsolutions.ro\/#organization","name":"Huron Solutions","url":"https:\/\/huronsolutions.ro\/","logo":{"@type":"ImageObject","inLanguage":"en-US","@id":"https:\/\/huronsolutions.ro\/#\/schema\/logo\/image\/","url":"https:\/\/huronsolutions.ro\/wp-content\/uploads\/2024\/09\/Huron-logo-512.jpg","contentUrl":"https:\/\/huronsolutions.ro\/wp-content\/uploads\/2024\/09\/Huron-logo-512.jpg","width":514,"height":514,"caption":"Huron Solutions"},"image":{"@id":"https:\/\/huronsolutions.ro\/#\/schema\/logo\/image\/"}}]},"product_price_amount":"370.50","product_price_currency":"RON","og_availability":"instock","product_availability":"instock","product_retailer_item_id":"labtorloracs-400x600-mm-foborda-25x2-mm","product_condition":"new"},"_links":{"self":[{"href":"https:\/\/huronsolutions.ro\/en\/wp-json\/wp\/v2\/product\/2545","targetHints":{"allow":["GET"]}}],"collection":[{"href":"https:\/\/huronsolutions.ro\/en\/wp-json\/wp\/v2\/product"}],"about":[{"href":"https:\/\/huronsolutions.ro\/en\/wp-json\/wp\/v2\/types\/product"}],"wp:featuredmedia":[{"embeddable":true,"href":"https:\/\/huronsolutions.ro\/en\/wp-json\/wp\/v2\/media\/2546"}],"wp:attachment":[{"href":"https:\/\/huronsolutions.ro\/en\/wp-json\/wp\/v2\/media?parent=2545"}],"wp:term":[{"taxonomy":"product_cat","embeddable":true,"href":"https:\/\/huronsolutions.ro\/en\/wp-json\/wp\/v2\/product_cat?post=2545"},{"taxonomy":"product_tag","embeddable":true,"href":"https:\/\/huronsolutions.ro\/en\/wp-json\/wp\/v2\/product_tag?post=2545"}],"curies":[{"name":"wp","href":"https:\/\/api.w.org\/{rel}","templated":true}]}}