{"id":1705,"date":"2024-09-23T16:42:12","date_gmt":"2024-09-23T14:42:12","guid":{"rendered":"https:\/\/huronsolutions.ro\/termek\/lepcsofok-p-tipus700x270-mm-foborda-30x2-mm\/"},"modified":"2026-04-23T08:26:39","modified_gmt":"2026-04-23T06:26:39","slug":"lepcsofok-p-tipus700x270-mm-foborda-30x2-mm","status":"publish","type":"product","link":"https:\/\/huronsolutions.ro\/en\/termek\/lepcsofok-p-tipus700x270-mm-foborda-30x2-mm\/","title":{"rendered":"Huron step P type 700\u00d7270 mm, Main rib: 30\u00d72 mm Hot-dip galvanized"},"content":{"rendered":"","protected":false},"excerpt":{"rendered":"<ul>\n<li>Type: P<strong>P<\/strong>\u00a0- pressed tread according to DIN 24531<\/li>\n<li>Pitch: 33 x 33 mm<\/li>\n<li>Main rib cross section: 30 x 2 mm<\/li>\n<li>Main rib length: 700 mm<\/li>\n<li>Rib length: 270 mm<\/li>\n<li>Non-slip safety edges<\/li>\n<li>Double-sided mounting plate 270 x 70 x 3 mm<\/li>\n<li>Surface treatment: hot-dip galvanised<\/li>\n<li>Weight: 5 kg<\/li>\n<\/ul>","protected":false},"featured_media":1766,"template":"","meta":[],"product_cat":[65],"product_tag":[44,53,62],"class_list":{"0":"post-1705","1":"product","2":"type-product","3":"status-publish","4":"has-post-thumbnail","6":"product_cat-raktari-lepcsofokok","7":"product_tag-acel","8":"product_tag-lepcsofok","9":"product_tag-tuzihorganyzott","10":"product_shipping_class-magas","11":"sales-flash-overlay","12":"woocommerce-text-align-center","13":"woocommerce-image-align-center","14":"do-quantity-buttons","16":"first","17":"instock","18":"sale","19":"taxable","20":"shipping-taxable","21":"purchasable","22":"product-type-simple"},"yoast_head":"<!-- This site is optimized with the Yoast SEO Premium plugin v27.4 (Yoast SEO v27.4) - https:\/\/yoast.com\/product\/yoast-seo-premium-wordpress\/ -->\n<title>Huron L\u00e9pcs\u0151fok P t\u00edpus 700x270 mm, F\u0151borda: 30x2 mm T\u00fczihorganyzott - Huron Solutions<\/title>\n<meta name=\"robots\" content=\"index, follow, max-snippet:-1, max-image-preview:large, max-video-preview:-1\" \/>\n<link rel=\"canonical\" href=\"https:\/\/huronsolutions.ro\/en\/product\/lepcsofok-p-tipus700x270-mm-foborda-30x2-mm\/\" \/>\n<meta property=\"og:locale\" content=\"en_US\" \/>\n<meta property=\"og:type\" content=\"article\" \/>\n<meta property=\"og:title\" content=\"Huron L\u00e9pcs\u0151fok P t\u00edpus 700x270 mm, F\u0151borda: 30x2 mm T\u00fczihorganyzott - Huron Solutions\" \/>\n<meta property=\"og:description\" content=\"T\u00edpus: PP\u00a0\u2013 pr\u00e9selt l\u00e9pcs\u0151fok DIN 24531\u00a0 szerint  Oszt\u00e1s: 33 x 33 mm  F\u0151borda keresztmetszete: 30 x 2 mm  F\u0151borda hossza: 700 mm  Mell\u00e9kborda hossza: 270 mm  Cs\u00fasz\u00e1smentes biztons\u00e1gi bel\u00e9p\u0151 \u00e9l  K\u00e9toldali szerel\u0151lemez 270 x 70 x 3 mm  Fel\u00fcletkezel\u00e9s: T\u00fczihorganyzott  T\u00f6meg: 5 kg\" \/>\n<meta property=\"og:url\" content=\"https:\/\/huronsolutions.ro\/en\/product\/lepcsofok-p-tipus700x270-mm-foborda-30x2-mm\/\" \/>\n<meta property=\"og:site_name\" content=\"Huron Solutions\" \/>\n<meta property=\"article:modified_time\" content=\"2026-04-23T06:26:39+00:00\" \/>\n<meta property=\"og:image\" content=\"https:\/\/huronsolutions.ro\/wp-content\/uploads\/2024\/09\/lepcsofok_700x270.jpg\" \/>\n\t<meta property=\"og:image:width\" content=\"800\" \/>\n\t<meta property=\"og:image:height\" content=\"800\" \/>\n\t<meta property=\"og:image:type\" content=\"image\/jpeg\" \/>\n<meta name=\"twitter:card\" content=\"summary_large_image\" \/>\n<meta name=\"twitter:label1\" content=\"Price\" \/>\n\t<meta name=\"twitter:data1\" content=\"107.86&nbsp;lei + \u00c1FA\" \/>\n\t<meta name=\"twitter:label2\" content=\"Availability\" \/>\n\t<meta name=\"twitter:data2\" content=\"In stock\" \/>\n<script type=\"application\/ld+json\" class=\"yoast-schema-graph\">{\"@context\":\"https:\\\/\\\/schema.org\",\"@graph\":[{\"@type\":\"WebPage\",\"@id\":\"https:\\\/\\\/huronsolutions.ro\\\/termek\\\/lepcsofok-p-tipus700x270-mm-foborda-30x2-mm\\\/\",\"url\":\"https:\\\/\\\/huronsolutions.ro\\\/termek\\\/lepcsofok-p-tipus700x270-mm-foborda-30x2-mm\\\/\",\"name\":\"Huron L\u00e9pcs\u0151fok P t\u00edpus 700x270 mm, F\u0151borda: 30x2 mm T\u00fczihorganyzott - Huron Solutions\",\"isPartOf\":{\"@id\":\"https:\\\/\\\/huronsolutions.ro\\\/#website\"},\"primaryImageOfPage\":{\"@id\":\"https:\\\/\\\/huronsolutions.ro\\\/termek\\\/lepcsofok-p-tipus700x270-mm-foborda-30x2-mm\\\/#primaryimage\"},\"image\":{\"@id\":\"https:\\\/\\\/huronsolutions.ro\\\/termek\\\/lepcsofok-p-tipus700x270-mm-foborda-30x2-mm\\\/#primaryimage\"},\"thumbnailUrl\":\"https:\\\/\\\/huronsolutions.ro\\\/wp-content\\\/uploads\\\/2024\\\/09\\\/lepcsofok_700x270.jpg\",\"datePublished\":\"2024-09-23T14:42:12+00:00\",\"dateModified\":\"2026-04-23T06:26:39+00:00\",\"breadcrumb\":{\"@id\":\"https:\\\/\\\/huronsolutions.ro\\\/termek\\\/lepcsofok-p-tipus700x270-mm-foborda-30x2-mm\\\/#breadcrumb\"},\"inLanguage\":\"en-US\",\"potentialAction\":[{\"@type\":\"ReadAction\",\"target\":[\"https:\\\/\\\/huronsolutions.ro\\\/termek\\\/lepcsofok-p-tipus700x270-mm-foborda-30x2-mm\\\/\"]}]},{\"@type\":\"ImageObject\",\"inLanguage\":\"en-US\",\"@id\":\"https:\\\/\\\/huronsolutions.ro\\\/termek\\\/lepcsofok-p-tipus700x270-mm-foborda-30x2-mm\\\/#primaryimage\",\"url\":\"https:\\\/\\\/huronsolutions.ro\\\/wp-content\\\/uploads\\\/2024\\\/09\\\/lepcsofok_700x270.jpg\",\"contentUrl\":\"https:\\\/\\\/huronsolutions.ro\\\/wp-content\\\/uploads\\\/2024\\\/09\\\/lepcsofok_700x270.jpg\",\"width\":800,\"height\":800,\"caption\":\"L\u00e9pcs\u0151fok P t\u00edpus 700x270 mm\"},{\"@type\":\"BreadcrumbList\",\"@id\":\"https:\\\/\\\/huronsolutions.ro\\\/termek\\\/lepcsofok-p-tipus700x270-mm-foborda-30x2-mm\\\/#breadcrumb\",\"itemListElement\":[{\"@type\":\"ListItem\",\"position\":1,\"name\":\"Kezd\u0151lap\",\"item\":\"https:\\\/\\\/huronsolutions.ro\\\/\"},{\"@type\":\"ListItem\",\"position\":2,\"name\":\"Term\u00e9keink\",\"item\":\"https:\\\/\\\/huronsolutions.ro\\\/uzlet\\\/\"},{\"@type\":\"ListItem\",\"position\":3,\"name\":\"Huron L\u00e9pcs\u0151fok P t\u00edpus 700&#215;270 mm, F\u0151borda: 30&#215;2 mm T\u00fczihorganyzott\"}]},{\"@type\":\"WebSite\",\"@id\":\"https:\\\/\\\/huronsolutions.ro\\\/#website\",\"url\":\"https:\\\/\\\/huronsolutions.ro\\\/\",\"name\":\"Huron Solutions\",\"description\":\"Huron J\u00e1r\u00f3r\u00e1cs\",\"publisher\":{\"@id\":\"https:\\\/\\\/huronsolutions.ro\\\/#organization\"},\"potentialAction\":[{\"@type\":\"SearchAction\",\"target\":{\"@type\":\"EntryPoint\",\"urlTemplate\":\"https:\\\/\\\/huronsolutions.ro\\\/?s={search_term_string}\"},\"query-input\":{\"@type\":\"PropertyValueSpecification\",\"valueRequired\":true,\"valueName\":\"search_term_string\"}}],\"inLanguage\":\"en-US\"},{\"@type\":\"Organization\",\"@id\":\"https:\\\/\\\/huronsolutions.ro\\\/#organization\",\"name\":\"Huron Solutions\",\"url\":\"https:\\\/\\\/huronsolutions.ro\\\/\",\"logo\":{\"@type\":\"ImageObject\",\"inLanguage\":\"en-US\",\"@id\":\"https:\\\/\\\/huronsolutions.ro\\\/#\\\/schema\\\/logo\\\/image\\\/\",\"url\":\"https:\\\/\\\/huronsolutions.ro\\\/wp-content\\\/uploads\\\/2024\\\/09\\\/Huron-logo-512.jpg\",\"contentUrl\":\"https:\\\/\\\/huronsolutions.ro\\\/wp-content\\\/uploads\\\/2024\\\/09\\\/Huron-logo-512.jpg\",\"width\":514,\"height\":514,\"caption\":\"Huron Solutions\"},\"image\":{\"@id\":\"https:\\\/\\\/huronsolutions.ro\\\/#\\\/schema\\\/logo\\\/image\\\/\"}}]}<\/script>\n<meta property=\"product:price:amount\" content=\"107.86\" \/>\n<meta property=\"product:price:currency\" content=\"RON\" \/>\n<meta property=\"og:availability\" content=\"instock\" \/>\n<meta property=\"product:availability\" content=\"instock\" \/>\n<meta property=\"product:retailer_item_id\" content=\"lepcsofok-p-700x270-mm-foborda-30x2-mm\" \/>\n<meta property=\"product:condition\" content=\"new\" \/>\n<!-- \/ Yoast SEO Premium plugin. -->","yoast_head_json":{"title":"Huron Step tread type P 700x270 mm, Main rib: 30x2 mm Hot dip galvanized - Huron Solutions","robots":{"index":"index","follow":"follow","max-snippet":"max-snippet:-1","max-image-preview":"max-image-preview:large","max-video-preview":"max-video-preview:-1"},"canonical":"https:\/\/huronsolutions.ro\/en\/product\/lepcsofok-p-tipus700x270-mm-foborda-30x2-mm\/","og_locale":"en_US","og_type":"article","og_title":"Huron L\u00e9pcs\u0151fok P t\u00edpus 700x270 mm, F\u0151borda: 30x2 mm T\u00fczihorganyzott - Huron Solutions","og_description":"T\u00edpus: PP\u00a0\u2013 pr\u00e9selt l\u00e9pcs\u0151fok DIN 24531\u00a0 szerint  Oszt\u00e1s: 33 x 33 mm  F\u0151borda keresztmetszete: 30 x 2 mm  F\u0151borda hossza: 700 mm  Mell\u00e9kborda hossza: 270 mm  Cs\u00fasz\u00e1smentes biztons\u00e1gi bel\u00e9p\u0151 \u00e9l  K\u00e9toldali szerel\u0151lemez 270 x 70 x 3 mm  Fel\u00fcletkezel\u00e9s: T\u00fczihorganyzott  T\u00f6meg: 5 kg","og_url":"https:\/\/huronsolutions.ro\/en\/product\/lepcsofok-p-tipus700x270-mm-foborda-30x2-mm\/","og_site_name":"Huron Solutions","article_modified_time":"2026-04-23T06:26:39+00:00","og_image":[{"width":800,"height":800,"url":"https:\/\/huronsolutions.ro\/wp-content\/uploads\/2024\/09\/lepcsofok_700x270.jpg","type":"image\/jpeg"}],"twitter_card":"summary_large_image","twitter_misc":{"Price":"107.86&nbsp;lei + \u00c1FA","Availability":"In stock"},"schema":{"@context":"https:\/\/schema.org","@graph":[{"@type":"WebPage","@id":"https:\/\/huronsolutions.ro\/termek\/lepcsofok-p-tipus700x270-mm-foborda-30x2-mm\/","url":"https:\/\/huronsolutions.ro\/termek\/lepcsofok-p-tipus700x270-mm-foborda-30x2-mm\/","name":"Huron Step tread type P 700x270 mm, Main rib: 30x2 mm Hot dip galvanized - Huron Solutions","isPartOf":{"@id":"https:\/\/huronsolutions.ro\/#website"},"primaryImageOfPage":{"@id":"https:\/\/huronsolutions.ro\/termek\/lepcsofok-p-tipus700x270-mm-foborda-30x2-mm\/#primaryimage"},"image":{"@id":"https:\/\/huronsolutions.ro\/termek\/lepcsofok-p-tipus700x270-mm-foborda-30x2-mm\/#primaryimage"},"thumbnailUrl":"https:\/\/huronsolutions.ro\/wp-content\/uploads\/2024\/09\/lepcsofok_700x270.jpg","datePublished":"2024-09-23T14:42:12+00:00","dateModified":"2026-04-23T06:26:39+00:00","breadcrumb":{"@id":"https:\/\/huronsolutions.ro\/termek\/lepcsofok-p-tipus700x270-mm-foborda-30x2-mm\/#breadcrumb"},"inLanguage":"en-US","potentialAction":[{"@type":"ReadAction","target":["https:\/\/huronsolutions.ro\/termek\/lepcsofok-p-tipus700x270-mm-foborda-30x2-mm\/"]}]},{"@type":"ImageObject","inLanguage":"en-US","@id":"https:\/\/huronsolutions.ro\/termek\/lepcsofok-p-tipus700x270-mm-foborda-30x2-mm\/#primaryimage","url":"https:\/\/huronsolutions.ro\/wp-content\/uploads\/2024\/09\/lepcsofok_700x270.jpg","contentUrl":"https:\/\/huronsolutions.ro\/wp-content\/uploads\/2024\/09\/lepcsofok_700x270.jpg","width":800,"height":800,"caption":"L\u00e9pcs\u0151fok P t\u00edpus 700x270 mm"},{"@type":"BreadcrumbList","@id":"https:\/\/huronsolutions.ro\/termek\/lepcsofok-p-tipus700x270-mm-foborda-30x2-mm\/#breadcrumb","itemListElement":[{"@type":"ListItem","position":1,"name":"Kezd\u0151lap","item":"https:\/\/huronsolutions.ro\/"},{"@type":"ListItem","position":2,"name":"Term\u00e9keink","item":"https:\/\/huronsolutions.ro\/uzlet\/"},{"@type":"ListItem","position":3,"name":"Huron L\u00e9pcs\u0151fok P t\u00edpus 700&#215;270 mm, F\u0151borda: 30&#215;2 mm T\u00fczihorganyzott"}]},{"@type":"WebSite","@id":"https:\/\/huronsolutions.ro\/#website","url":"https:\/\/huronsolutions.ro\/","name":"Huron Solutions","description":"Huron Grating","publisher":{"@id":"https:\/\/huronsolutions.ro\/#organization"},"potentialAction":[{"@type":"SearchAction","target":{"@type":"EntryPoint","urlTemplate":"https:\/\/huronsolutions.ro\/?s={search_term_string}"},"query-input":{"@type":"PropertyValueSpecification","valueRequired":true,"valueName":"search_term_string"}}],"inLanguage":"en-US"},{"@type":"Organization","@id":"https:\/\/huronsolutions.ro\/#organization","name":"Huron Solutions","url":"https:\/\/huronsolutions.ro\/","logo":{"@type":"ImageObject","inLanguage":"en-US","@id":"https:\/\/huronsolutions.ro\/#\/schema\/logo\/image\/","url":"https:\/\/huronsolutions.ro\/wp-content\/uploads\/2024\/09\/Huron-logo-512.jpg","contentUrl":"https:\/\/huronsolutions.ro\/wp-content\/uploads\/2024\/09\/Huron-logo-512.jpg","width":514,"height":514,"caption":"Huron Solutions"},"image":{"@id":"https:\/\/huronsolutions.ro\/#\/schema\/logo\/image\/"}}]},"product_price_amount":"107.86","product_price_currency":"RON","og_availability":"instock","product_availability":"instock","product_retailer_item_id":"lepcsofok-p-700x270-mm-foborda-30x2-mm","product_condition":"new"},"_links":{"self":[{"href":"https:\/\/huronsolutions.ro\/en\/wp-json\/wp\/v2\/product\/1705","targetHints":{"allow":["GET"]}}],"collection":[{"href":"https:\/\/huronsolutions.ro\/en\/wp-json\/wp\/v2\/product"}],"about":[{"href":"https:\/\/huronsolutions.ro\/en\/wp-json\/wp\/v2\/types\/product"}],"wp:featuredmedia":[{"embeddable":true,"href":"https:\/\/huronsolutions.ro\/en\/wp-json\/wp\/v2\/media\/1766"}],"wp:attachment":[{"href":"https:\/\/huronsolutions.ro\/en\/wp-json\/wp\/v2\/media?parent=1705"}],"wp:term":[{"taxonomy":"product_cat","embeddable":true,"href":"https:\/\/huronsolutions.ro\/en\/wp-json\/wp\/v2\/product_cat?post=1705"},{"taxonomy":"product_tag","embeddable":true,"href":"https:\/\/huronsolutions.ro\/en\/wp-json\/wp\/v2\/product_tag?post=1705"}],"curies":[{"name":"wp","href":"https:\/\/api.w.org\/{rel}","templated":true}]}}