{"id":1692,"date":"2024-09-23T16:42:12","date_gmt":"2024-09-23T14:42:12","guid":{"rendered":"https:\/\/huronsolutions.ro\/termek\/ee-formalevalaszto-spray-400ml-e-coll\/"},"modified":"2026-04-23T08:26:35","modified_gmt":"2026-04-23T06:26:35","slug":"ee-formalevalaszto-spray-400ml-e-coll","status":"publish","type":"product","link":"https:\/\/huronsolutions.ro\/en\/termek\/ee-formalevalaszto-spray-400ml-e-coll\/","title":{"rendered":"EE form release spray 400 ml (E-Coll)"},"content":{"rendered":"<p><b>Export: <\/b>Silicone-free<\/p>\n<p><b>Application: <\/b>It protects the welding nozzle and serves as a propellant for shielded arc and electrode welding. Prevents sticking and burning on the gas nozzle and the workpiece surface. Workpieces can be painted, galvanised, browned and anodised without problems after treatment.<\/p>","protected":false},"excerpt":{"rendered":"<p>E-Coll silicone-free EE form release spray. Package: 400 ml. Protects the welding nozzle and serves as a propellant for shielded arc and electrode welding.<\/p>","protected":false},"featured_media":1747,"template":"","meta":[],"product_cat":[71],"product_tag":[48,59],"class_list":{"0":"post-1692","1":"product","2":"type-product","3":"status-publish","4":"has-post-thumbnail","6":"product_cat-segedanyagok","7":"product_tag-formaelvalaszto","8":"product_tag-spray","9":"product_shipping_class-alacsony","10":"sales-flash-overlay","11":"woocommerce-text-align-center","12":"woocommerce-image-align-center","13":"do-quantity-buttons","15":"first","16":"instock","17":"taxable","18":"shipping-taxable","19":"purchasable","20":"product-type-simple"},"yoast_head":"<!-- This site is optimized with the Yoast SEO Premium plugin v27.4 (Yoast SEO v27.4) - https:\/\/yoast.com\/product\/yoast-seo-premium-wordpress\/ -->\n<title>EE formalev\u00e1laszt\u00f3 spray 400 ml (E-Coll) - Huron Solutions<\/title>\n<meta name=\"robots\" content=\"index, follow, max-snippet:-1, max-image-preview:large, max-video-preview:-1\" \/>\n<link rel=\"canonical\" href=\"https:\/\/huronsolutions.ro\/en\/product\/ee-formalevalaszto-spray-400ml-e-coll\/\" \/>\n<meta property=\"og:locale\" content=\"en_US\" \/>\n<meta property=\"og:type\" content=\"article\" \/>\n<meta property=\"og:title\" content=\"EE formalev\u00e1laszt\u00f3 spray 400 ml (E-Coll) - Huron Solutions\" \/>\n<meta property=\"og:description\" content=\"E-Coll szilikonmentes EE formalev\u00e1laszt\u00f3 spray. Kiszerel\u00e9s: 400 ml. V\u00e9di a hegeszt\u0151 f\u00fav\u00f3k\u00e1t \u00e9s hajt\u00f3anyagk\u00e9nt szolg\u00e1l v\u00e9d\u0151g\u00e1zas \u00e9s elektr\u00f3d\u00e1s hegeszt\u00e9sn\u00e9l.\" \/>\n<meta property=\"og:url\" content=\"https:\/\/huronsolutions.ro\/en\/product\/ee-formalevalaszto-spray-400ml-e-coll\/\" \/>\n<meta property=\"og:site_name\" content=\"Huron Solutions\" \/>\n<meta property=\"article:modified_time\" content=\"2026-04-23T06:26:35+00:00\" \/>\n<meta property=\"og:image\" content=\"https:\/\/huronsolutions.ro\/wp-content\/uploads\/2024\/09\/4-1.jpg\" \/>\n\t<meta property=\"og:image:width\" content=\"800\" \/>\n\t<meta property=\"og:image:height\" content=\"800\" \/>\n\t<meta property=\"og:image:type\" content=\"image\/jpeg\" \/>\n<meta name=\"twitter:card\" content=\"summary_large_image\" \/>\n<meta name=\"twitter:label1\" content=\"Price\" \/>\n\t<meta name=\"twitter:data1\" content=\"14.14&nbsp;lei + \u00c1FA\" \/>\n\t<meta name=\"twitter:label2\" content=\"Availability\" \/>\n\t<meta name=\"twitter:data2\" content=\"In stock\" \/>\n<script type=\"application\/ld+json\" class=\"yoast-schema-graph\">{\"@context\":\"https:\\\/\\\/schema.org\",\"@graph\":[{\"@type\":\"WebPage\",\"@id\":\"https:\\\/\\\/huronsolutions.ro\\\/termek\\\/ee-formalevalaszto-spray-400ml-e-coll\\\/\",\"url\":\"https:\\\/\\\/huronsolutions.ro\\\/termek\\\/ee-formalevalaszto-spray-400ml-e-coll\\\/\",\"name\":\"EE formalev\u00e1laszt\u00f3 spray 400 ml (E-Coll) - Huron Solutions\",\"isPartOf\":{\"@id\":\"https:\\\/\\\/huronsolutions.ro\\\/#website\"},\"primaryImageOfPage\":{\"@id\":\"https:\\\/\\\/huronsolutions.ro\\\/termek\\\/ee-formalevalaszto-spray-400ml-e-coll\\\/#primaryimage\"},\"image\":{\"@id\":\"https:\\\/\\\/huronsolutions.ro\\\/termek\\\/ee-formalevalaszto-spray-400ml-e-coll\\\/#primaryimage\"},\"thumbnailUrl\":\"https:\\\/\\\/huronsolutions.ro\\\/wp-content\\\/uploads\\\/2024\\\/09\\\/4-1.jpg\",\"datePublished\":\"2024-09-23T14:42:12+00:00\",\"dateModified\":\"2026-04-23T06:26:35+00:00\",\"breadcrumb\":{\"@id\":\"https:\\\/\\\/huronsolutions.ro\\\/termek\\\/ee-formalevalaszto-spray-400ml-e-coll\\\/#breadcrumb\"},\"inLanguage\":\"en-US\",\"potentialAction\":[{\"@type\":\"ReadAction\",\"target\":[\"https:\\\/\\\/huronsolutions.ro\\\/termek\\\/ee-formalevalaszto-spray-400ml-e-coll\\\/\"]}]},{\"@type\":\"ImageObject\",\"inLanguage\":\"en-US\",\"@id\":\"https:\\\/\\\/huronsolutions.ro\\\/termek\\\/ee-formalevalaszto-spray-400ml-e-coll\\\/#primaryimage\",\"url\":\"https:\\\/\\\/huronsolutions.ro\\\/wp-content\\\/uploads\\\/2024\\\/09\\\/4-1.jpg\",\"contentUrl\":\"https:\\\/\\\/huronsolutions.ro\\\/wp-content\\\/uploads\\\/2024\\\/09\\\/4-1.jpg\",\"width\":800,\"height\":800,\"caption\":\"EE formalev\u00e1laszt\u00f3 spray 400 ml (E-Coll)\"},{\"@type\":\"BreadcrumbList\",\"@id\":\"https:\\\/\\\/huronsolutions.ro\\\/termek\\\/ee-formalevalaszto-spray-400ml-e-coll\\\/#breadcrumb\",\"itemListElement\":[{\"@type\":\"ListItem\",\"position\":1,\"name\":\"Kezd\u0151lap\",\"item\":\"https:\\\/\\\/huronsolutions.ro\\\/\"},{\"@type\":\"ListItem\",\"position\":2,\"name\":\"Term\u00e9keink\",\"item\":\"https:\\\/\\\/huronsolutions.ro\\\/uzlet\\\/\"},{\"@type\":\"ListItem\",\"position\":3,\"name\":\"EE formalev\u00e1laszt\u00f3 spray 400 ml (E-Coll)\"}]},{\"@type\":\"WebSite\",\"@id\":\"https:\\\/\\\/huronsolutions.ro\\\/#website\",\"url\":\"https:\\\/\\\/huronsolutions.ro\\\/\",\"name\":\"Huron Solutions\",\"description\":\"Huron J\u00e1r\u00f3r\u00e1cs\",\"publisher\":{\"@id\":\"https:\\\/\\\/huronsolutions.ro\\\/#organization\"},\"potentialAction\":[{\"@type\":\"SearchAction\",\"target\":{\"@type\":\"EntryPoint\",\"urlTemplate\":\"https:\\\/\\\/huronsolutions.ro\\\/?s={search_term_string}\"},\"query-input\":{\"@type\":\"PropertyValueSpecification\",\"valueRequired\":true,\"valueName\":\"search_term_string\"}}],\"inLanguage\":\"en-US\"},{\"@type\":\"Organization\",\"@id\":\"https:\\\/\\\/huronsolutions.ro\\\/#organization\",\"name\":\"Huron Solutions\",\"url\":\"https:\\\/\\\/huronsolutions.ro\\\/\",\"logo\":{\"@type\":\"ImageObject\",\"inLanguage\":\"en-US\",\"@id\":\"https:\\\/\\\/huronsolutions.ro\\\/#\\\/schema\\\/logo\\\/image\\\/\",\"url\":\"https:\\\/\\\/huronsolutions.ro\\\/wp-content\\\/uploads\\\/2024\\\/09\\\/Huron-logo-512.jpg\",\"contentUrl\":\"https:\\\/\\\/huronsolutions.ro\\\/wp-content\\\/uploads\\\/2024\\\/09\\\/Huron-logo-512.jpg\",\"width\":514,\"height\":514,\"caption\":\"Huron Solutions\"},\"image\":{\"@id\":\"https:\\\/\\\/huronsolutions.ro\\\/#\\\/schema\\\/logo\\\/image\\\/\"}}]}<\/script>\n<meta property=\"product:price:amount\" content=\"14.14\" \/>\n<meta property=\"product:price:currency\" content=\"RON\" \/>\n<meta property=\"og:availability\" content=\"instock\" \/>\n<meta property=\"product:availability\" content=\"instock\" \/>\n<meta property=\"product:retailer_item_id\" content=\"ee-formalevalaszto-spray-400ml-e-coll\" \/>\n<meta property=\"product:condition\" content=\"new\" \/>\n<!-- \/ Yoast SEO Premium plugin. -->","yoast_head_json":{"title":"EE form release spray 400 ml (E-Coll) - Huron Solutions","robots":{"index":"index","follow":"follow","max-snippet":"max-snippet:-1","max-image-preview":"max-image-preview:large","max-video-preview":"max-video-preview:-1"},"canonical":"https:\/\/huronsolutions.ro\/en\/product\/ee-formalevalaszto-spray-400ml-e-coll\/","og_locale":"en_US","og_type":"article","og_title":"EE formalev\u00e1laszt\u00f3 spray 400 ml (E-Coll) - Huron Solutions","og_description":"E-Coll szilikonmentes EE formalev\u00e1laszt\u00f3 spray. Kiszerel\u00e9s: 400 ml. V\u00e9di a hegeszt\u0151 f\u00fav\u00f3k\u00e1t \u00e9s hajt\u00f3anyagk\u00e9nt szolg\u00e1l v\u00e9d\u0151g\u00e1zas \u00e9s elektr\u00f3d\u00e1s hegeszt\u00e9sn\u00e9l.","og_url":"https:\/\/huronsolutions.ro\/en\/product\/ee-formalevalaszto-spray-400ml-e-coll\/","og_site_name":"Huron Solutions","article_modified_time":"2026-04-23T06:26:35+00:00","og_image":[{"width":800,"height":800,"url":"https:\/\/huronsolutions.ro\/wp-content\/uploads\/2024\/09\/4-1.jpg","type":"image\/jpeg"}],"twitter_card":"summary_large_image","twitter_misc":{"Price":"14.14&nbsp;lei + \u00c1FA","Availability":"In stock"},"schema":{"@context":"https:\/\/schema.org","@graph":[{"@type":"WebPage","@id":"https:\/\/huronsolutions.ro\/termek\/ee-formalevalaszto-spray-400ml-e-coll\/","url":"https:\/\/huronsolutions.ro\/termek\/ee-formalevalaszto-spray-400ml-e-coll\/","name":"EE form release spray 400 ml (E-Coll) - Huron Solutions","isPartOf":{"@id":"https:\/\/huronsolutions.ro\/#website"},"primaryImageOfPage":{"@id":"https:\/\/huronsolutions.ro\/termek\/ee-formalevalaszto-spray-400ml-e-coll\/#primaryimage"},"image":{"@id":"https:\/\/huronsolutions.ro\/termek\/ee-formalevalaszto-spray-400ml-e-coll\/#primaryimage"},"thumbnailUrl":"https:\/\/huronsolutions.ro\/wp-content\/uploads\/2024\/09\/4-1.jpg","datePublished":"2024-09-23T14:42:12+00:00","dateModified":"2026-04-23T06:26:35+00:00","breadcrumb":{"@id":"https:\/\/huronsolutions.ro\/termek\/ee-formalevalaszto-spray-400ml-e-coll\/#breadcrumb"},"inLanguage":"en-US","potentialAction":[{"@type":"ReadAction","target":["https:\/\/huronsolutions.ro\/termek\/ee-formalevalaszto-spray-400ml-e-coll\/"]}]},{"@type":"ImageObject","inLanguage":"en-US","@id":"https:\/\/huronsolutions.ro\/termek\/ee-formalevalaszto-spray-400ml-e-coll\/#primaryimage","url":"https:\/\/huronsolutions.ro\/wp-content\/uploads\/2024\/09\/4-1.jpg","contentUrl":"https:\/\/huronsolutions.ro\/wp-content\/uploads\/2024\/09\/4-1.jpg","width":800,"height":800,"caption":"EE formalev\u00e1laszt\u00f3 spray 400 ml (E-Coll)"},{"@type":"BreadcrumbList","@id":"https:\/\/huronsolutions.ro\/termek\/ee-formalevalaszto-spray-400ml-e-coll\/#breadcrumb","itemListElement":[{"@type":"ListItem","position":1,"name":"Kezd\u0151lap","item":"https:\/\/huronsolutions.ro\/"},{"@type":"ListItem","position":2,"name":"Term\u00e9keink","item":"https:\/\/huronsolutions.ro\/uzlet\/"},{"@type":"ListItem","position":3,"name":"EE formalev\u00e1laszt\u00f3 spray 400 ml (E-Coll)"}]},{"@type":"WebSite","@id":"https:\/\/huronsolutions.ro\/#website","url":"https:\/\/huronsolutions.ro\/","name":"Huron Solutions","description":"Huron Grating","publisher":{"@id":"https:\/\/huronsolutions.ro\/#organization"},"potentialAction":[{"@type":"SearchAction","target":{"@type":"EntryPoint","urlTemplate":"https:\/\/huronsolutions.ro\/?s={search_term_string}"},"query-input":{"@type":"PropertyValueSpecification","valueRequired":true,"valueName":"search_term_string"}}],"inLanguage":"en-US"},{"@type":"Organization","@id":"https:\/\/huronsolutions.ro\/#organization","name":"Huron Solutions","url":"https:\/\/huronsolutions.ro\/","logo":{"@type":"ImageObject","inLanguage":"en-US","@id":"https:\/\/huronsolutions.ro\/#\/schema\/logo\/image\/","url":"https:\/\/huronsolutions.ro\/wp-content\/uploads\/2024\/09\/Huron-logo-512.jpg","contentUrl":"https:\/\/huronsolutions.ro\/wp-content\/uploads\/2024\/09\/Huron-logo-512.jpg","width":514,"height":514,"caption":"Huron Solutions"},"image":{"@id":"https:\/\/huronsolutions.ro\/#\/schema\/logo\/image\/"}}]},"product_price_amount":"14.14","product_price_currency":"RON","og_availability":"instock","product_availability":"instock","product_retailer_item_id":"ee-formalevalaszto-spray-400ml-e-coll","product_condition":"new"},"_links":{"self":[{"href":"https:\/\/huronsolutions.ro\/en\/wp-json\/wp\/v2\/product\/1692","targetHints":{"allow":["GET"]}}],"collection":[{"href":"https:\/\/huronsolutions.ro\/en\/wp-json\/wp\/v2\/product"}],"about":[{"href":"https:\/\/huronsolutions.ro\/en\/wp-json\/wp\/v2\/types\/product"}],"wp:featuredmedia":[{"embeddable":true,"href":"https:\/\/huronsolutions.ro\/en\/wp-json\/wp\/v2\/media\/1747"}],"wp:attachment":[{"href":"https:\/\/huronsolutions.ro\/en\/wp-json\/wp\/v2\/media?parent=1692"}],"wp:term":[{"taxonomy":"product_cat","embeddable":true,"href":"https:\/\/huronsolutions.ro\/en\/wp-json\/wp\/v2\/product_cat?post=1692"},{"taxonomy":"product_tag","embeddable":true,"href":"https:\/\/huronsolutions.ro\/en\/wp-json\/wp\/v2\/product_tag?post=1692"}],"curies":[{"name":"wp","href":"https:\/\/api.w.org\/{rel}","templated":true}]}}