{"id":1691,"date":"2024-09-23T16:42:12","date_gmt":"2024-09-23T14:42:12","guid":{"rendered":"https:\/\/huronsolutions.ro\/termek\/cink-spray-vilagos-400ml-e-coll\/"},"modified":"2026-04-23T08:26:35","modified_gmt":"2026-04-23T06:26:35","slug":"cink-spray-vilagos-400ml-e-coll","status":"publish","type":"product","link":"https:\/\/huronsolutions.ro\/en\/termek\/cink-spray-vilagos-400ml-e-coll\/","title":{"rendered":"Zinc spray clear 400 ml (E-Coll) - colour like fresh hot dip galvanizing"},"content":{"rendered":"<p><strong>Product description:<\/strong><br \/>\nAdheres to metals, offers long-lasting corrosion protection.<\/p>\n<p><strong>Application area:<\/strong><br \/>\n- for all types of bodywork<br \/>\n- to repair damaged galvanizing<br \/>\n- intermediate coating for spot welding<\/p>\n<p><strong>Technical data:<\/strong><br \/>\nTemperature resistance: up to +500\u00b0C. Forms a smooth, non-porous film, fast drying, spot weldable and electrically conductive.<br \/>\nColour: silver grey, brightly shining like freshly galvanised.<\/p>","protected":false},"excerpt":{"rendered":"<p>E-Coll zinc spray, light in colour, like freshly galvanised. Dispensed in 400 ml, it adheres to metals and offers long-lasting corrosion protection.<\/p>","protected":false},"featured_media":1746,"template":"","meta":[],"product_cat":[71],"product_tag":[45,59],"class_list":{"0":"post-1691","1":"product","2":"type-product","3":"status-publish","4":"has-post-thumbnail","6":"product_cat-segedanyagok","7":"product_tag-cink","8":"product_tag-spray","9":"product_shipping_class-alacsony","10":"sales-flash-overlay","11":"woocommerce-text-align-center","12":"woocommerce-image-align-center","13":"do-quantity-buttons","15":"first","16":"instock","17":"taxable","18":"shipping-taxable","19":"purchasable","20":"product-type-simple"},"yoast_head":"<!-- This site is optimized with the Yoast SEO Premium plugin v27.4 (Yoast SEO v27.4) - https:\/\/yoast.com\/product\/yoast-seo-premium-wordpress\/ -->\n<title>Cink spray vil\u00e1gos 400 ml (E-Coll) - sz\u00edne mint a friss t\u00fczihorganyz\u00e1s - Huron Solutions<\/title>\n<meta name=\"robots\" content=\"index, follow, max-snippet:-1, max-image-preview:large, max-video-preview:-1\" \/>\n<link rel=\"canonical\" href=\"https:\/\/huronsolutions.ro\/en\/product\/cink-spray-vilagos-400ml-e-coll\/\" \/>\n<meta property=\"og:locale\" content=\"en_US\" \/>\n<meta property=\"og:type\" content=\"article\" \/>\n<meta property=\"og:title\" content=\"Cink spray vil\u00e1gos 400 ml (E-Coll) - sz\u00edne mint a friss t\u00fczihorganyz\u00e1s - Huron Solutions\" \/>\n<meta property=\"og:description\" content=\"E-Coll cink spray, vil\u00e1gos sz\u00edn\u0171, sz\u00edne mint a friss t\u00fczihorganyz\u00e1s. Kiszerel\u00e9s: 400 ml. F\u00e9mekre tapad, hossz\u00fa ideig tart\u00f3 korr\u00f3zi\u00f3v\u00e9delmet k\u00edn\u00e1l.\" \/>\n<meta property=\"og:url\" content=\"https:\/\/huronsolutions.ro\/en\/product\/cink-spray-vilagos-400ml-e-coll\/\" \/>\n<meta property=\"og:site_name\" content=\"Huron Solutions\" \/>\n<meta property=\"article:modified_time\" content=\"2026-04-23T06:26:35+00:00\" \/>\n<meta property=\"og:image\" content=\"https:\/\/huronsolutions.ro\/wp-content\/uploads\/2024\/09\/250_20210120_eco100921.jpg\" \/>\n\t<meta property=\"og:image:width\" content=\"800\" \/>\n\t<meta property=\"og:image:height\" content=\"800\" \/>\n\t<meta property=\"og:image:type\" content=\"image\/jpeg\" \/>\n<meta name=\"twitter:card\" content=\"summary_large_image\" \/>\n<meta name=\"twitter:label1\" content=\"Price\" \/>\n\t<meta name=\"twitter:data1\" content=\"38.57&nbsp;lei + \u00c1FA\" \/>\n\t<meta name=\"twitter:label2\" content=\"Availability\" \/>\n\t<meta name=\"twitter:data2\" content=\"In stock\" \/>\n<script type=\"application\/ld+json\" class=\"yoast-schema-graph\">{\"@context\":\"https:\\\/\\\/schema.org\",\"@graph\":[{\"@type\":\"WebPage\",\"@id\":\"https:\\\/\\\/huronsolutions.ro\\\/termek\\\/cink-spray-vilagos-400ml-e-coll\\\/\",\"url\":\"https:\\\/\\\/huronsolutions.ro\\\/termek\\\/cink-spray-vilagos-400ml-e-coll\\\/\",\"name\":\"Cink spray vil\u00e1gos 400 ml (E-Coll) - sz\u00edne mint a friss t\u00fczihorganyz\u00e1s - Huron Solutions\",\"isPartOf\":{\"@id\":\"https:\\\/\\\/huronsolutions.ro\\\/#website\"},\"primaryImageOfPage\":{\"@id\":\"https:\\\/\\\/huronsolutions.ro\\\/termek\\\/cink-spray-vilagos-400ml-e-coll\\\/#primaryimage\"},\"image\":{\"@id\":\"https:\\\/\\\/huronsolutions.ro\\\/termek\\\/cink-spray-vilagos-400ml-e-coll\\\/#primaryimage\"},\"thumbnailUrl\":\"https:\\\/\\\/huronsolutions.ro\\\/wp-content\\\/uploads\\\/2024\\\/09\\\/250_20210120_eco100921.jpg\",\"datePublished\":\"2024-09-23T14:42:12+00:00\",\"dateModified\":\"2026-04-23T06:26:35+00:00\",\"breadcrumb\":{\"@id\":\"https:\\\/\\\/huronsolutions.ro\\\/termek\\\/cink-spray-vilagos-400ml-e-coll\\\/#breadcrumb\"},\"inLanguage\":\"en-US\",\"potentialAction\":[{\"@type\":\"ReadAction\",\"target\":[\"https:\\\/\\\/huronsolutions.ro\\\/termek\\\/cink-spray-vilagos-400ml-e-coll\\\/\"]}]},{\"@type\":\"ImageObject\",\"inLanguage\":\"en-US\",\"@id\":\"https:\\\/\\\/huronsolutions.ro\\\/termek\\\/cink-spray-vilagos-400ml-e-coll\\\/#primaryimage\",\"url\":\"https:\\\/\\\/huronsolutions.ro\\\/wp-content\\\/uploads\\\/2024\\\/09\\\/250_20210120_eco100921.jpg\",\"contentUrl\":\"https:\\\/\\\/huronsolutions.ro\\\/wp-content\\\/uploads\\\/2024\\\/09\\\/250_20210120_eco100921.jpg\",\"width\":800,\"height\":800,\"caption\":\"Cink spray vil\u00e1gos 400 ml (E-Coll)\"},{\"@type\":\"BreadcrumbList\",\"@id\":\"https:\\\/\\\/huronsolutions.ro\\\/termek\\\/cink-spray-vilagos-400ml-e-coll\\\/#breadcrumb\",\"itemListElement\":[{\"@type\":\"ListItem\",\"position\":1,\"name\":\"Kezd\u0151lap\",\"item\":\"https:\\\/\\\/huronsolutions.ro\\\/\"},{\"@type\":\"ListItem\",\"position\":2,\"name\":\"Term\u00e9keink\",\"item\":\"https:\\\/\\\/huronsolutions.ro\\\/uzlet\\\/\"},{\"@type\":\"ListItem\",\"position\":3,\"name\":\"Cink spray vil\u00e1gos 400 ml (E-Coll) &#8211; sz\u00edne mint a friss t\u00fczihorganyz\u00e1s\"}]},{\"@type\":\"WebSite\",\"@id\":\"https:\\\/\\\/huronsolutions.ro\\\/#website\",\"url\":\"https:\\\/\\\/huronsolutions.ro\\\/\",\"name\":\"Huron Solutions\",\"description\":\"Huron J\u00e1r\u00f3r\u00e1cs\",\"publisher\":{\"@id\":\"https:\\\/\\\/huronsolutions.ro\\\/#organization\"},\"potentialAction\":[{\"@type\":\"SearchAction\",\"target\":{\"@type\":\"EntryPoint\",\"urlTemplate\":\"https:\\\/\\\/huronsolutions.ro\\\/?s={search_term_string}\"},\"query-input\":{\"@type\":\"PropertyValueSpecification\",\"valueRequired\":true,\"valueName\":\"search_term_string\"}}],\"inLanguage\":\"en-US\"},{\"@type\":\"Organization\",\"@id\":\"https:\\\/\\\/huronsolutions.ro\\\/#organization\",\"name\":\"Huron Solutions\",\"url\":\"https:\\\/\\\/huronsolutions.ro\\\/\",\"logo\":{\"@type\":\"ImageObject\",\"inLanguage\":\"en-US\",\"@id\":\"https:\\\/\\\/huronsolutions.ro\\\/#\\\/schema\\\/logo\\\/image\\\/\",\"url\":\"https:\\\/\\\/huronsolutions.ro\\\/wp-content\\\/uploads\\\/2024\\\/09\\\/Huron-logo-512.jpg\",\"contentUrl\":\"https:\\\/\\\/huronsolutions.ro\\\/wp-content\\\/uploads\\\/2024\\\/09\\\/Huron-logo-512.jpg\",\"width\":514,\"height\":514,\"caption\":\"Huron Solutions\"},\"image\":{\"@id\":\"https:\\\/\\\/huronsolutions.ro\\\/#\\\/schema\\\/logo\\\/image\\\/\"}}]}<\/script>\n<meta property=\"product:price:amount\" content=\"38.57\" \/>\n<meta property=\"product:price:currency\" content=\"RON\" \/>\n<meta property=\"og:availability\" content=\"instock\" \/>\n<meta property=\"product:availability\" content=\"instock\" \/>\n<meta property=\"product:retailer_item_id\" content=\"cink-spray-vilagos-400mm-E-Coll\" \/>\n<meta property=\"product:condition\" content=\"new\" \/>\n<!-- \/ Yoast SEO Premium plugin. -->","yoast_head_json":{"title":"Zinc spray clear 400 ml (E-Coll) - colour like fresh hot dip galvanizing - Huron Solutions","robots":{"index":"index","follow":"follow","max-snippet":"max-snippet:-1","max-image-preview":"max-image-preview:large","max-video-preview":"max-video-preview:-1"},"canonical":"https:\/\/huronsolutions.ro\/en\/product\/cink-spray-vilagos-400ml-e-coll\/","og_locale":"en_US","og_type":"article","og_title":"Cink spray vil\u00e1gos 400 ml (E-Coll) - sz\u00edne mint a friss t\u00fczihorganyz\u00e1s - Huron Solutions","og_description":"E-Coll cink spray, vil\u00e1gos sz\u00edn\u0171, sz\u00edne mint a friss t\u00fczihorganyz\u00e1s. Kiszerel\u00e9s: 400 ml. F\u00e9mekre tapad, hossz\u00fa ideig tart\u00f3 korr\u00f3zi\u00f3v\u00e9delmet k\u00edn\u00e1l.","og_url":"https:\/\/huronsolutions.ro\/en\/product\/cink-spray-vilagos-400ml-e-coll\/","og_site_name":"Huron Solutions","article_modified_time":"2026-04-23T06:26:35+00:00","og_image":[{"width":800,"height":800,"url":"https:\/\/huronsolutions.ro\/wp-content\/uploads\/2024\/09\/250_20210120_eco100921.jpg","type":"image\/jpeg"}],"twitter_card":"summary_large_image","twitter_misc":{"Price":"38.57&nbsp;lei + \u00c1FA","Availability":"In stock"},"schema":{"@context":"https:\/\/schema.org","@graph":[{"@type":"WebPage","@id":"https:\/\/huronsolutions.ro\/termek\/cink-spray-vilagos-400ml-e-coll\/","url":"https:\/\/huronsolutions.ro\/termek\/cink-spray-vilagos-400ml-e-coll\/","name":"Zinc spray clear 400 ml (E-Coll) - colour like fresh hot dip galvanizing - Huron Solutions","isPartOf":{"@id":"https:\/\/huronsolutions.ro\/#website"},"primaryImageOfPage":{"@id":"https:\/\/huronsolutions.ro\/termek\/cink-spray-vilagos-400ml-e-coll\/#primaryimage"},"image":{"@id":"https:\/\/huronsolutions.ro\/termek\/cink-spray-vilagos-400ml-e-coll\/#primaryimage"},"thumbnailUrl":"https:\/\/huronsolutions.ro\/wp-content\/uploads\/2024\/09\/250_20210120_eco100921.jpg","datePublished":"2024-09-23T14:42:12+00:00","dateModified":"2026-04-23T06:26:35+00:00","breadcrumb":{"@id":"https:\/\/huronsolutions.ro\/termek\/cink-spray-vilagos-400ml-e-coll\/#breadcrumb"},"inLanguage":"en-US","potentialAction":[{"@type":"ReadAction","target":["https:\/\/huronsolutions.ro\/termek\/cink-spray-vilagos-400ml-e-coll\/"]}]},{"@type":"ImageObject","inLanguage":"en-US","@id":"https:\/\/huronsolutions.ro\/termek\/cink-spray-vilagos-400ml-e-coll\/#primaryimage","url":"https:\/\/huronsolutions.ro\/wp-content\/uploads\/2024\/09\/250_20210120_eco100921.jpg","contentUrl":"https:\/\/huronsolutions.ro\/wp-content\/uploads\/2024\/09\/250_20210120_eco100921.jpg","width":800,"height":800,"caption":"Cink spray vil\u00e1gos 400 ml (E-Coll)"},{"@type":"BreadcrumbList","@id":"https:\/\/huronsolutions.ro\/termek\/cink-spray-vilagos-400ml-e-coll\/#breadcrumb","itemListElement":[{"@type":"ListItem","position":1,"name":"Kezd\u0151lap","item":"https:\/\/huronsolutions.ro\/"},{"@type":"ListItem","position":2,"name":"Term\u00e9keink","item":"https:\/\/huronsolutions.ro\/uzlet\/"},{"@type":"ListItem","position":3,"name":"Cink spray vil\u00e1gos 400 ml (E-Coll) &#8211; sz\u00edne mint a friss t\u00fczihorganyz\u00e1s"}]},{"@type":"WebSite","@id":"https:\/\/huronsolutions.ro\/#website","url":"https:\/\/huronsolutions.ro\/","name":"Huron Solutions","description":"Huron Grating","publisher":{"@id":"https:\/\/huronsolutions.ro\/#organization"},"potentialAction":[{"@type":"SearchAction","target":{"@type":"EntryPoint","urlTemplate":"https:\/\/huronsolutions.ro\/?s={search_term_string}"},"query-input":{"@type":"PropertyValueSpecification","valueRequired":true,"valueName":"search_term_string"}}],"inLanguage":"en-US"},{"@type":"Organization","@id":"https:\/\/huronsolutions.ro\/#organization","name":"Huron Solutions","url":"https:\/\/huronsolutions.ro\/","logo":{"@type":"ImageObject","inLanguage":"en-US","@id":"https:\/\/huronsolutions.ro\/#\/schema\/logo\/image\/","url":"https:\/\/huronsolutions.ro\/wp-content\/uploads\/2024\/09\/Huron-logo-512.jpg","contentUrl":"https:\/\/huronsolutions.ro\/wp-content\/uploads\/2024\/09\/Huron-logo-512.jpg","width":514,"height":514,"caption":"Huron Solutions"},"image":{"@id":"https:\/\/huronsolutions.ro\/#\/schema\/logo\/image\/"}}]},"product_price_amount":"38.57","product_price_currency":"RON","og_availability":"instock","product_availability":"instock","product_retailer_item_id":"cink-spray-vilagos-400mm-E-Coll","product_condition":"new"},"_links":{"self":[{"href":"https:\/\/huronsolutions.ro\/en\/wp-json\/wp\/v2\/product\/1691","targetHints":{"allow":["GET"]}}],"collection":[{"href":"https:\/\/huronsolutions.ro\/en\/wp-json\/wp\/v2\/product"}],"about":[{"href":"https:\/\/huronsolutions.ro\/en\/wp-json\/wp\/v2\/types\/product"}],"wp:featuredmedia":[{"embeddable":true,"href":"https:\/\/huronsolutions.ro\/en\/wp-json\/wp\/v2\/media\/1746"}],"wp:attachment":[{"href":"https:\/\/huronsolutions.ro\/en\/wp-json\/wp\/v2\/media?parent=1691"}],"wp:term":[{"taxonomy":"product_cat","embeddable":true,"href":"https:\/\/huronsolutions.ro\/en\/wp-json\/wp\/v2\/product_cat?post=1691"},{"taxonomy":"product_tag","embeddable":true,"href":"https:\/\/huronsolutions.ro\/en\/wp-json\/wp\/v2\/product_tag?post=1691"}],"curies":[{"name":"wp","href":"https:\/\/api.w.org\/{rel}","templated":true}]}}