{"id":1690,"date":"2024-09-23T16:42:12","date_gmt":"2024-09-23T14:42:12","guid":{"rendered":"https:\/\/huronsolutions.ro\/termek\/ee-kenheto-cink-800g-e-coll-95-zn\/"},"modified":"2026-04-23T08:26:35","modified_gmt":"2026-04-23T06:26:35","slug":"ee-kenheto-cink-800g-e-coll-95-zn","status":"publish","type":"product","link":"https:\/\/huronsolutions.ro\/en\/termek\/ee-kenheto-cink-800g-e-coll-95-zn\/","title":{"rendered":"EE Zinc, 800 g per can (E-Coll), 95% Zn"},"content":{"rendered":"","protected":false},"excerpt":{"rendered":"<p>From <strong>MSZ EN ISO 1461 \/ 2009<\/strong> product complying with the instructions of the standard (hot-dip galvanising) <strong>for repairing damage to anchor coatings<\/strong>, applied according to the instructions of the standard.<\/p>\n<p>Double protection against rust formation adheres to metals, resists water<br \/>\nand protects against rust. The zinc and resin film provides cathodic rust protection for the metal surface,<br \/>\nComposition: about 95 % of zinc<br \/>\nand about 5 % resins.<br \/>\nPackage size: 800g<br \/>\nPackaging unit: 1 carton \/ 12 boxes<\/p>","protected":false},"featured_media":1748,"template":"","meta":[],"product_cat":[71],"product_tag":[45,46,47,50,55],"class_list":{"0":"post-1690","1":"product","2":"type-product","3":"status-publish","4":"has-post-thumbnail","6":"product_cat-segedanyagok","7":"product_tag-cink","8":"product_tag-cink-javito-festek","9":"product_tag-cinkfestek","10":"product_tag-horganyzott-feluletek-javitofestek","11":"product_tag-magas-cinkportartalmu-javitofestek","12":"product_shipping_class-alacsony","13":"sales-flash-overlay","14":"woocommerce-text-align-center","15":"woocommerce-image-align-center","16":"do-quantity-buttons","18":"first","19":"instock","20":"taxable","21":"shipping-taxable","22":"purchasable","23":"product-type-simple"},"yoast_head":"<!-- This site is optimized with the Yoast SEO Premium plugin v27.4 (Yoast SEO v27.4) - https:\/\/yoast.com\/product\/yoast-seo-premium-wordpress\/ -->\n<title>EE kenhet\u0151 cink, 800 g \/ doboz (E-Coll), 95% Zn - Huron Solutions<\/title>\n<meta name=\"robots\" content=\"index, follow, max-snippet:-1, max-image-preview:large, max-video-preview:-1\" \/>\n<link rel=\"canonical\" href=\"https:\/\/huronsolutions.ro\/en\/product\/ee-kenheto-cink-800g-e-coll-95-zn\/\" \/>\n<meta property=\"og:locale\" content=\"en_US\" \/>\n<meta property=\"og:type\" content=\"article\" \/>\n<meta property=\"og:title\" content=\"EE kenhet\u0151 cink, 800 g \/ doboz (E-Coll), 95% Zn - Huron Solutions\" \/>\n<meta property=\"og:description\" content=\"Az MSZ EN ISO 1461 \/ 2009 szabv\u00e1ny (t\u00fczihorganyz\u00e1s) utas\u00edt\u00e1sainak megfelel\u0151 term\u00e9k a horganybevonatok s\u00e9r\u00fcl\u00e9seinek jav\u00edt\u00e1s\u00e1ra, a szabv\u00e1ny utas\u00edt\u00e1sai szerint alkalmazva.  A rozsdak\u00e9pz\u0151d\u00e9s elleni kett\u0151s v\u00e9delem megtapad a f\u00e9meken, ellen\u00e1ll a v\u00edznek \u00e9s v\u00e9d a rozsda ellen. A cink \u00e9s a m\u0171gyantafilm kat\u00f3dos rozsdav\u00e9delmet biztos\u00edt a f\u00e9mfel\u00fcletnek, \u00d6sszet\u00e9tel: kb. 95 % cinkb\u0151l \u00e9s kb. 5 % m\u0171gyant\u00e1b\u00f3l \u00e1ll. Kiszerel\u00e9s: 800g Csomagol\u00e1si egys\u00e9g: 1 karton \/ 12 doboz\" \/>\n<meta property=\"og:url\" content=\"https:\/\/huronsolutions.ro\/en\/product\/ee-kenheto-cink-800g-e-coll-95-zn\/\" \/>\n<meta property=\"og:site_name\" content=\"Huron Solutions\" \/>\n<meta property=\"article:modified_time\" content=\"2026-04-23T06:26:35+00:00\" \/>\n<meta property=\"og:image\" content=\"https:\/\/huronsolutions.ro\/wp-content\/uploads\/2024\/09\/3.jpg\" \/>\n\t<meta property=\"og:image:width\" content=\"800\" \/>\n\t<meta property=\"og:image:height\" content=\"800\" \/>\n\t<meta property=\"og:image:type\" content=\"image\/jpeg\" \/>\n<meta name=\"twitter:card\" content=\"summary_large_image\" \/>\n<meta name=\"twitter:label1\" content=\"Price\" \/>\n\t<meta name=\"twitter:data1\" content=\"125.57&nbsp;lei + \u00c1FA\" \/>\n\t<meta name=\"twitter:label2\" content=\"Availability\" \/>\n\t<meta name=\"twitter:data2\" content=\"In stock\" \/>\n<script type=\"application\/ld+json\" class=\"yoast-schema-graph\">{\"@context\":\"https:\\\/\\\/schema.org\",\"@graph\":[{\"@type\":\"WebPage\",\"@id\":\"https:\\\/\\\/huronsolutions.ro\\\/termek\\\/ee-kenheto-cink-800g-e-coll-95-zn\\\/\",\"url\":\"https:\\\/\\\/huronsolutions.ro\\\/termek\\\/ee-kenheto-cink-800g-e-coll-95-zn\\\/\",\"name\":\"EE kenhet\u0151 cink, 800 g \\\/ doboz (E-Coll), 95% Zn - Huron Solutions\",\"isPartOf\":{\"@id\":\"https:\\\/\\\/huronsolutions.ro\\\/#website\"},\"primaryImageOfPage\":{\"@id\":\"https:\\\/\\\/huronsolutions.ro\\\/termek\\\/ee-kenheto-cink-800g-e-coll-95-zn\\\/#primaryimage\"},\"image\":{\"@id\":\"https:\\\/\\\/huronsolutions.ro\\\/termek\\\/ee-kenheto-cink-800g-e-coll-95-zn\\\/#primaryimage\"},\"thumbnailUrl\":\"https:\\\/\\\/huronsolutions.ro\\\/wp-content\\\/uploads\\\/2024\\\/09\\\/3.jpg\",\"datePublished\":\"2024-09-23T14:42:12+00:00\",\"dateModified\":\"2026-04-23T06:26:35+00:00\",\"breadcrumb\":{\"@id\":\"https:\\\/\\\/huronsolutions.ro\\\/termek\\\/ee-kenheto-cink-800g-e-coll-95-zn\\\/#breadcrumb\"},\"inLanguage\":\"en-US\",\"potentialAction\":[{\"@type\":\"ReadAction\",\"target\":[\"https:\\\/\\\/huronsolutions.ro\\\/termek\\\/ee-kenheto-cink-800g-e-coll-95-zn\\\/\"]}]},{\"@type\":\"ImageObject\",\"inLanguage\":\"en-US\",\"@id\":\"https:\\\/\\\/huronsolutions.ro\\\/termek\\\/ee-kenheto-cink-800g-e-coll-95-zn\\\/#primaryimage\",\"url\":\"https:\\\/\\\/huronsolutions.ro\\\/wp-content\\\/uploads\\\/2024\\\/09\\\/3.jpg\",\"contentUrl\":\"https:\\\/\\\/huronsolutions.ro\\\/wp-content\\\/uploads\\\/2024\\\/09\\\/3.jpg\",\"width\":800,\"height\":800,\"caption\":\"EE kenhet\u0151 cink, 800 g \\\/ doboz (E-Coll), 95% Zn\"},{\"@type\":\"BreadcrumbList\",\"@id\":\"https:\\\/\\\/huronsolutions.ro\\\/termek\\\/ee-kenheto-cink-800g-e-coll-95-zn\\\/#breadcrumb\",\"itemListElement\":[{\"@type\":\"ListItem\",\"position\":1,\"name\":\"Kezd\u0151lap\",\"item\":\"https:\\\/\\\/huronsolutions.ro\\\/\"},{\"@type\":\"ListItem\",\"position\":2,\"name\":\"Term\u00e9keink\",\"item\":\"https:\\\/\\\/huronsolutions.ro\\\/uzlet\\\/\"},{\"@type\":\"ListItem\",\"position\":3,\"name\":\"EE kenhet\u0151 cink, 800 g \\\/ doboz (E-Coll), 95% Zn\"}]},{\"@type\":\"WebSite\",\"@id\":\"https:\\\/\\\/huronsolutions.ro\\\/#website\",\"url\":\"https:\\\/\\\/huronsolutions.ro\\\/\",\"name\":\"Huron Solutions\",\"description\":\"Huron J\u00e1r\u00f3r\u00e1cs\",\"publisher\":{\"@id\":\"https:\\\/\\\/huronsolutions.ro\\\/#organization\"},\"potentialAction\":[{\"@type\":\"SearchAction\",\"target\":{\"@type\":\"EntryPoint\",\"urlTemplate\":\"https:\\\/\\\/huronsolutions.ro\\\/?s={search_term_string}\"},\"query-input\":{\"@type\":\"PropertyValueSpecification\",\"valueRequired\":true,\"valueName\":\"search_term_string\"}}],\"inLanguage\":\"en-US\"},{\"@type\":\"Organization\",\"@id\":\"https:\\\/\\\/huronsolutions.ro\\\/#organization\",\"name\":\"Huron Solutions\",\"url\":\"https:\\\/\\\/huronsolutions.ro\\\/\",\"logo\":{\"@type\":\"ImageObject\",\"inLanguage\":\"en-US\",\"@id\":\"https:\\\/\\\/huronsolutions.ro\\\/#\\\/schema\\\/logo\\\/image\\\/\",\"url\":\"https:\\\/\\\/huronsolutions.ro\\\/wp-content\\\/uploads\\\/2024\\\/09\\\/Huron-logo-512.jpg\",\"contentUrl\":\"https:\\\/\\\/huronsolutions.ro\\\/wp-content\\\/uploads\\\/2024\\\/09\\\/Huron-logo-512.jpg\",\"width\":514,\"height\":514,\"caption\":\"Huron Solutions\"},\"image\":{\"@id\":\"https:\\\/\\\/huronsolutions.ro\\\/#\\\/schema\\\/logo\\\/image\\\/\"}}]}<\/script>\n<meta property=\"product:price:amount\" content=\"125.57\" \/>\n<meta property=\"product:price:currency\" content=\"RON\" \/>\n<meta property=\"og:availability\" content=\"instock\" \/>\n<meta property=\"product:availability\" content=\"instock\" \/>\n<meta property=\"product:retailer_item_id\" content=\"ee-kenheto-cink-800g-E-Coll-95%-Zn\" \/>\n<meta property=\"product:condition\" content=\"new\" \/>\n<!-- \/ Yoast SEO Premium plugin. -->","yoast_head_json":{"title":"EE Zinc, 800 g per can (E-Coll), 95% Zn - Huron Solutions","robots":{"index":"index","follow":"follow","max-snippet":"max-snippet:-1","max-image-preview":"max-image-preview:large","max-video-preview":"max-video-preview:-1"},"canonical":"https:\/\/huronsolutions.ro\/en\/product\/ee-kenheto-cink-800g-e-coll-95-zn\/","og_locale":"en_US","og_type":"article","og_title":"EE kenhet\u0151 cink, 800 g \/ doboz (E-Coll), 95% Zn - Huron Solutions","og_description":"Az MSZ EN ISO 1461 \/ 2009 szabv\u00e1ny (t\u00fczihorganyz\u00e1s) utas\u00edt\u00e1sainak megfelel\u0151 term\u00e9k a horganybevonatok s\u00e9r\u00fcl\u00e9seinek jav\u00edt\u00e1s\u00e1ra, a szabv\u00e1ny utas\u00edt\u00e1sai szerint alkalmazva.  A rozsdak\u00e9pz\u0151d\u00e9s elleni kett\u0151s v\u00e9delem megtapad a f\u00e9meken, ellen\u00e1ll a v\u00edznek \u00e9s v\u00e9d a rozsda ellen. A cink \u00e9s a m\u0171gyantafilm kat\u00f3dos rozsdav\u00e9delmet biztos\u00edt a f\u00e9mfel\u00fcletnek, \u00d6sszet\u00e9tel: kb. 95 % cinkb\u0151l \u00e9s kb. 5 % m\u0171gyant\u00e1b\u00f3l \u00e1ll. Kiszerel\u00e9s: 800g Csomagol\u00e1si egys\u00e9g: 1 karton \/ 12 doboz","og_url":"https:\/\/huronsolutions.ro\/en\/product\/ee-kenheto-cink-800g-e-coll-95-zn\/","og_site_name":"Huron Solutions","article_modified_time":"2026-04-23T06:26:35+00:00","og_image":[{"width":800,"height":800,"url":"https:\/\/huronsolutions.ro\/wp-content\/uploads\/2024\/09\/3.jpg","type":"image\/jpeg"}],"twitter_card":"summary_large_image","twitter_misc":{"Price":"125.57&nbsp;lei + \u00c1FA","Availability":"In stock"},"schema":{"@context":"https:\/\/schema.org","@graph":[{"@type":"WebPage","@id":"https:\/\/huronsolutions.ro\/termek\/ee-kenheto-cink-800g-e-coll-95-zn\/","url":"https:\/\/huronsolutions.ro\/termek\/ee-kenheto-cink-800g-e-coll-95-zn\/","name":"EE Zinc, 800 g per can (E-Coll), 95% Zn - Huron Solutions","isPartOf":{"@id":"https:\/\/huronsolutions.ro\/#website"},"primaryImageOfPage":{"@id":"https:\/\/huronsolutions.ro\/termek\/ee-kenheto-cink-800g-e-coll-95-zn\/#primaryimage"},"image":{"@id":"https:\/\/huronsolutions.ro\/termek\/ee-kenheto-cink-800g-e-coll-95-zn\/#primaryimage"},"thumbnailUrl":"https:\/\/huronsolutions.ro\/wp-content\/uploads\/2024\/09\/3.jpg","datePublished":"2024-09-23T14:42:12+00:00","dateModified":"2026-04-23T06:26:35+00:00","breadcrumb":{"@id":"https:\/\/huronsolutions.ro\/termek\/ee-kenheto-cink-800g-e-coll-95-zn\/#breadcrumb"},"inLanguage":"en-US","potentialAction":[{"@type":"ReadAction","target":["https:\/\/huronsolutions.ro\/termek\/ee-kenheto-cink-800g-e-coll-95-zn\/"]}]},{"@type":"ImageObject","inLanguage":"en-US","@id":"https:\/\/huronsolutions.ro\/termek\/ee-kenheto-cink-800g-e-coll-95-zn\/#primaryimage","url":"https:\/\/huronsolutions.ro\/wp-content\/uploads\/2024\/09\/3.jpg","contentUrl":"https:\/\/huronsolutions.ro\/wp-content\/uploads\/2024\/09\/3.jpg","width":800,"height":800,"caption":"EE kenhet\u0151 cink, 800 g \/ doboz (E-Coll), 95% Zn"},{"@type":"BreadcrumbList","@id":"https:\/\/huronsolutions.ro\/termek\/ee-kenheto-cink-800g-e-coll-95-zn\/#breadcrumb","itemListElement":[{"@type":"ListItem","position":1,"name":"Kezd\u0151lap","item":"https:\/\/huronsolutions.ro\/"},{"@type":"ListItem","position":2,"name":"Term\u00e9keink","item":"https:\/\/huronsolutions.ro\/uzlet\/"},{"@type":"ListItem","position":3,"name":"EE kenhet\u0151 cink, 800 g \/ doboz (E-Coll), 95% Zn"}]},{"@type":"WebSite","@id":"https:\/\/huronsolutions.ro\/#website","url":"https:\/\/huronsolutions.ro\/","name":"Huron Solutions","description":"Huron Grating","publisher":{"@id":"https:\/\/huronsolutions.ro\/#organization"},"potentialAction":[{"@type":"SearchAction","target":{"@type":"EntryPoint","urlTemplate":"https:\/\/huronsolutions.ro\/?s={search_term_string}"},"query-input":{"@type":"PropertyValueSpecification","valueRequired":true,"valueName":"search_term_string"}}],"inLanguage":"en-US"},{"@type":"Organization","@id":"https:\/\/huronsolutions.ro\/#organization","name":"Huron Solutions","url":"https:\/\/huronsolutions.ro\/","logo":{"@type":"ImageObject","inLanguage":"en-US","@id":"https:\/\/huronsolutions.ro\/#\/schema\/logo\/image\/","url":"https:\/\/huronsolutions.ro\/wp-content\/uploads\/2024\/09\/Huron-logo-512.jpg","contentUrl":"https:\/\/huronsolutions.ro\/wp-content\/uploads\/2024\/09\/Huron-logo-512.jpg","width":514,"height":514,"caption":"Huron Solutions"},"image":{"@id":"https:\/\/huronsolutions.ro\/#\/schema\/logo\/image\/"}}]},"product_price_amount":"125.57","product_price_currency":"RON","og_availability":"instock","product_availability":"instock","product_retailer_item_id":"ee-kenheto-cink-800g-E-Coll-95%-Zn","product_condition":"new"},"_links":{"self":[{"href":"https:\/\/huronsolutions.ro\/en\/wp-json\/wp\/v2\/product\/1690","targetHints":{"allow":["GET"]}}],"collection":[{"href":"https:\/\/huronsolutions.ro\/en\/wp-json\/wp\/v2\/product"}],"about":[{"href":"https:\/\/huronsolutions.ro\/en\/wp-json\/wp\/v2\/types\/product"}],"wp:featuredmedia":[{"embeddable":true,"href":"https:\/\/huronsolutions.ro\/en\/wp-json\/wp\/v2\/media\/1748"}],"wp:attachment":[{"href":"https:\/\/huronsolutions.ro\/en\/wp-json\/wp\/v2\/media?parent=1690"}],"wp:term":[{"taxonomy":"product_cat","embeddable":true,"href":"https:\/\/huronsolutions.ro\/en\/wp-json\/wp\/v2\/product_cat?post=1690"},{"taxonomy":"product_tag","embeddable":true,"href":"https:\/\/huronsolutions.ro\/en\/wp-json\/wp\/v2\/product_tag?post=1690"}],"curies":[{"name":"wp","href":"https:\/\/api.w.org\/{rel}","templated":true}]}}