{"id":415,"date":"2024-05-28T08:02:33","date_gmt":"2024-05-28T06:02:33","guid":{"rendered":"https:\/\/huronsolutions.ro\/?page_id=415"},"modified":"2025-02-19T13:22:55","modified_gmt":"2025-02-19T12:22:55","slug":"rolunk","status":"publish","type":"page","link":"https:\/\/huronsolutions.ro\/en\/rolunk\/","title":{"rendered":"About us"},"content":{"rendered":"<div data-elementor-type=\"wp-page\" data-elementor-id=\"415\" class=\"elementor elementor-415\" data-elementor-post-type=\"page\">\n\t\t\t\t\t\t<section class=\"elementor-section elementor-top-section elementor-element elementor-element-d785424 elementor-section-height-min-height elementor-section-boxed elementor-section-height-default elementor-section-items-middle\" data-id=\"d785424\" data-element_type=\"section\" data-e-type=\"section\" data-settings=\"{&quot;background_background&quot;:&quot;classic&quot;}\">\n\t\t\t\t\t\t\t<div class=\"elementor-background-overlay\"><\/div>\n\t\t\t\t\t\t\t<div class=\"elementor-container elementor-column-gap-default\">\n\t\t\t\t\t<div class=\"elementor-column elementor-col-100 elementor-top-column elementor-element elementor-element-acc5460\" data-id=\"acc5460\" data-element_type=\"column\" data-e-type=\"column\">\n\t\t\t<div class=\"elementor-widget-wrap elementor-element-populated\">\n\t\t\t\t\t\t<div class=\"elementor-element elementor-element-1a4d21d elementor-widget elementor-widget-heading\" data-id=\"1a4d21d\" data-element_type=\"widget\" data-e-type=\"widget\" data-widget_type=\"heading.default\">\n\t\t\t\t<div class=\"elementor-widget-container\">\n\t\t\t\t\t<h1 class=\"elementor-heading-title elementor-size-default\">About us<\/h1>\t\t\t\t<\/div>\n\t\t\t\t<\/div>\n\t\t\t\t\t<\/div>\n\t\t<\/div>\n\t\t\t\t\t<\/div>\n\t\t<\/section>\n\t\t\t\t<section class=\"elementor-section elementor-top-section elementor-element elementor-element-c396cdc elementor-reverse-mobile elementor-section-boxed elementor-section-height-default elementor-section-height-default\" data-id=\"c396cdc\" data-element_type=\"section\" data-e-type=\"section\">\n\t\t\t\t\t\t<div class=\"elementor-container elementor-column-gap-default\">\n\t\t\t\t\t<div class=\"elementor-column elementor-col-50 elementor-top-column elementor-element elementor-element-9a96a44\" data-id=\"9a96a44\" data-element_type=\"column\" data-e-type=\"column\">\n\t\t\t<div class=\"elementor-widget-wrap elementor-element-populated\">\n\t\t\t\t\t\t<div class=\"elementor-element elementor-element-be2f22a elementor-widget elementor-widget-image\" data-id=\"be2f22a\" data-element_type=\"widget\" data-e-type=\"widget\" data-widget_type=\"image.default\">\n\t\t\t\t<div class=\"elementor-widget-container\">\n\t\t\t\t\t\t\t\t\t\t\t\t\t\t\t<img fetchpriority=\"high\" decoding=\"async\" width=\"507\" height=\"300\" src=\"https:\/\/huronsolutions.ro\/wp-content\/uploads\/2024\/03\/huron-logo.png\" class=\"attachment-full size-full wp-image-931\" alt=\"Huron Solutions logo\" srcset=\"https:\/\/huronsolutions.ro\/wp-content\/uploads\/2024\/03\/huron-logo.png 507w, https:\/\/huronsolutions.ro\/wp-content\/uploads\/2024\/03\/huron-logo-300x178.png 300w\" sizes=\"(max-width: 507px) 100vw, 507px\" \/>\t\t\t\t\t\t\t\t\t\t\t\t\t\t\t<\/div>\n\t\t\t\t<\/div>\n\t\t\t\t\t<\/div>\n\t\t<\/div>\n\t\t\t\t<div class=\"elementor-column elementor-col-50 elementor-top-column elementor-element elementor-element-fb15221\" data-id=\"fb15221\" data-element_type=\"column\" data-e-type=\"column\">\n\t\t\t<div class=\"elementor-widget-wrap elementor-element-populated\">\n\t\t\t\t\t\t<div class=\"elementor-element elementor-element-d4ad163 elementor-widget elementor-widget-heading\" data-id=\"d4ad163\" data-element_type=\"widget\" data-e-type=\"widget\" data-widget_type=\"heading.default\">\n\t\t\t\t<div class=\"elementor-widget-container\">\n\t\t\t\t\t<h2 class=\"elementor-heading-title elementor-size-default\">We have a solution for everything!<\/h2>\t\t\t\t<\/div>\n\t\t\t\t<\/div>\n\t\t\t\t<div class=\"elementor-element elementor-element-797f785 elementor-widget elementor-widget-text-editor\" data-id=\"797f785\" data-element_type=\"widget\" data-e-type=\"widget\" data-widget_type=\"text-editor.default\">\n\t\t\t\t<div class=\"elementor-widget-container\">\n\t\t\t\t\t\t\t\t\t<p>I think, <strong>that there is no task for which there is no solution.<\/strong> This principle guided the creation of HURON Solutions Ltd. Our aim is to use our professional contacts and knowledge gained at home and abroad for the benefit of our customers and to provide products and services that contribute to the success of our partners.<\/p><p>The industrial segment in which we work - particularly steel and construction - demands fast, accurate and cost-effective solutions. With these needs in mind, we have developed our commercial activities, which take place in a 650 sqm hall in the Tatab\u00e1nya industrial park, with a large stock of goods.<\/p>\t\t\t\t\t\t\t\t<\/div>\n\t\t\t\t<\/div>\n\t\t\t\t\t<\/div>\n\t\t<\/div>\n\t\t\t\t\t<\/div>\n\t\t<\/section>\n\t\t\t\t<section class=\"elementor-section elementor-top-section elementor-element elementor-element-39ceb73 elementor-reverse-mobile elementor-section-boxed elementor-section-height-default elementor-section-height-default\" data-id=\"39ceb73\" data-element_type=\"section\" data-e-type=\"section\">\n\t\t\t\t\t\t<div class=\"elementor-container elementor-column-gap-default\">\n\t\t\t\t\t<div class=\"elementor-column elementor-col-50 elementor-top-column elementor-element elementor-element-1998bf8\" data-id=\"1998bf8\" data-element_type=\"column\" data-e-type=\"column\">\n\t\t\t<div class=\"elementor-widget-wrap elementor-element-populated\">\n\t\t\t\t\t\t<div class=\"elementor-element elementor-element-711e439 elementor-widget elementor-widget-heading\" data-id=\"711e439\" data-element_type=\"widget\" data-e-type=\"widget\" data-widget_type=\"heading.default\">\n\t\t\t\t<div class=\"elementor-widget-container\">\n\t\t\t\t\t<h2 class=\"elementor-heading-title elementor-size-default\">Wide range of products and stock<\/h2>\t\t\t\t<\/div>\n\t\t\t\t<\/div>\n\t\t\t\t<div class=\"elementor-element elementor-element-6fb3859 elementor-widget elementor-widget-text-editor\" data-id=\"6fb3859\" data-element_type=\"widget\" data-e-type=\"widget\" data-widget_type=\"text-editor.default\">\n\t\t\t\t<div class=\"elementor-widget-container\">\n\t\t\t\t\t\t\t\t\t<p>Our primary products include galvanized grating, stair treads and slabs. While stocks last, we can provide immediate delivery of our primary product range of stock size galvanised walkways and stair treads, 3 and 6 m long natural or galvanised slabs and perforated natural ladder rails for steel ramps.<\/p><p class=\"translation-block\">It is important for us to be able to meet the specific needs of our partners. That is why we also fulfil orders for <strong>unique sizes and designs<\/strong>.<\/p><p>A locksmith workshop in the hall allows you to carry out small steel jobs quickly and efficiently. We provide a full service with suitable lifting machines and goods handling equipment, so that all orders can be fulfilled quickly and accurately.<\/p>\t\t\t\t\t\t\t\t<\/div>\n\t\t\t\t<\/div>\n\t\t\t\t\t<\/div>\n\t\t<\/div>\n\t\t\t\t<div class=\"elementor-column elementor-col-50 elementor-top-column elementor-element elementor-element-c9e4c10\" data-id=\"c9e4c10\" data-element_type=\"column\" data-e-type=\"column\">\n\t\t\t<div class=\"elementor-widget-wrap elementor-element-populated\">\n\t\t\t\t\t\t<div class=\"elementor-element elementor-element-da4eed1 elementor-widget elementor-widget-image\" data-id=\"da4eed1\" data-element_type=\"widget\" data-e-type=\"widget\" data-widget_type=\"image.default\">\n\t\t\t\t<div class=\"elementor-widget-container\">\n\t\t\t\t\t\t\t\t\t\t\t\t\t\t\t<img decoding=\"async\" src=\"https:\/\/huronsolutions.ro\/wp-content\/uploads\/elementor\/thumbs\/lepcso-quc89ae7uhc85xfqljrzi2gvk90o3n7nh3par9g774.jpg\" title=\"steel stair treads\" alt=\"steel stair treads\" loading=\"lazy\" \/>\t\t\t\t\t\t\t\t\t\t\t\t\t\t\t<\/div>\n\t\t\t\t<\/div>\n\t\t\t\t\t<\/div>\n\t\t<\/div>\n\t\t\t\t\t<\/div>\n\t\t<\/section>\n\t\t\t\t<section class=\"elementor-section elementor-top-section elementor-element elementor-element-4be1825 elementor-section-boxed elementor-section-height-default elementor-section-height-default\" data-id=\"4be1825\" data-element_type=\"section\" data-e-type=\"section\">\n\t\t\t\t\t\t<div class=\"elementor-container elementor-column-gap-default\">\n\t\t\t\t\t<div class=\"elementor-column elementor-col-50 elementor-top-column elementor-element elementor-element-b6cb66d\" data-id=\"b6cb66d\" data-element_type=\"column\" data-e-type=\"column\">\n\t\t\t<div class=\"elementor-widget-wrap elementor-element-populated\">\n\t\t\t\t\t\t<div class=\"elementor-element elementor-element-1cdd1c0 elementor-widget elementor-widget-image\" data-id=\"1cdd1c0\" data-element_type=\"widget\" data-e-type=\"widget\" data-widget_type=\"image.default\">\n\t\t\t\t<div class=\"elementor-widget-container\">\n\t\t\t\t\t\t\t\t\t\t\t\t\t\t\t<img decoding=\"async\" src=\"https:\/\/huronsolutions.ro\/wp-content\/uploads\/elementor\/thumbs\/raktar-quc899gdnnaxubh3r1dcxkpeyv5avy3x4z1t9zhldc.jpg\" title=\"raktar\" alt=\"tatab\u00e1nya warehouse\" loading=\"lazy\" \/>\t\t\t\t\t\t\t\t\t\t\t\t\t\t\t<\/div>\n\t\t\t\t<\/div>\n\t\t\t\t\t<\/div>\n\t\t<\/div>\n\t\t\t\t<div class=\"elementor-column elementor-col-50 elementor-top-column elementor-element elementor-element-9286f90\" data-id=\"9286f90\" data-element_type=\"column\" data-e-type=\"column\">\n\t\t\t<div class=\"elementor-widget-wrap elementor-element-populated\">\n\t\t\t\t\t\t<div class=\"elementor-element elementor-element-747ee58 elementor-widget elementor-widget-heading\" data-id=\"747ee58\" data-element_type=\"widget\" data-e-type=\"widget\" data-widget_type=\"heading.default\">\n\t\t\t\t<div class=\"elementor-widget-container\">\n\t\t\t\t\t<h2 class=\"elementor-heading-title elementor-size-default\">Commitment and vision<\/h2>\t\t\t\t<\/div>\n\t\t\t\t<\/div>\n\t\t\t\t<div class=\"elementor-element elementor-element-ae115ca elementor-widget elementor-widget-text-editor\" data-id=\"ae115ca\" data-element_type=\"widget\" data-e-type=\"widget\" data-widget_type=\"text-editor.default\">\n\t\t\t\t<div class=\"elementor-widget-container\">\n\t\t\t\t\t\t\t\t\t<p>HURON Solutions aims to build long-term, mutually beneficial partnerships with its partners. We believe that reliability, expertise and flexibility are the foundation of any successful business relationship.<\/p><p>In the future, we will continue to expand our product range and provide a fast, professional solution for every need.<\/p><p>Best regards,<br \/><strong>Ott\u00f3 Csaba Ballai<\/strong><br \/>Managing Director<\/p>\t\t\t\t\t\t\t\t<\/div>\n\t\t\t\t<\/div>\n\t\t\t\t\t<\/div>\n\t\t<\/div>\n\t\t\t\t\t<\/div>\n\t\t<\/section>\n\t\t\t\t<section class=\"elementor-section elementor-top-section elementor-element elementor-element-8e80a50 elementor-section-boxed elementor-section-height-default elementor-section-height-default\" data-id=\"8e80a50\" data-element_type=\"section\" data-e-type=\"section\">\n\t\t\t\t\t\t<div class=\"elementor-container elementor-column-gap-default\">\n\t\t\t\t\t<div class=\"elementor-column elementor-col-100 elementor-top-column elementor-element elementor-element-7ba5e67\" data-id=\"7ba5e67\" data-element_type=\"column\" data-e-type=\"column\">\n\t\t\t<div class=\"elementor-widget-wrap elementor-element-populated\">\n\t\t\t\t\t\t<div class=\"elementor-element elementor-element-acc65ba elementor-align-center elementor-widget elementor-widget-button\" data-id=\"acc65ba\" data-element_type=\"widget\" data-e-type=\"widget\" data-widget_type=\"button.default\">\n\t\t\t\t<div class=\"elementor-widget-container\">\n\t\t\t\t\t\t\t\t\t<div class=\"elementor-button-wrapper\">\n\t\t\t\t\t<a class=\"elementor-button elementor-button-link elementor-size-sm\" href=\"https:\/\/huronsolutions.ro\/en\/kapcsolat\/\">\n\t\t\t\t\t\t<span class=\"elementor-button-content-wrapper\">\n\t\t\t\t\t\t\t\t\t<span class=\"elementor-button-text\">Contact<\/span>\n\t\t\t\t\t<\/span>\n\t\t\t\t\t<\/a>\n\t\t\t\t<\/div>\n\t\t\t\t\t\t\t\t<\/div>\n\t\t\t\t<\/div>\n\t\t\t\t\t<\/div>\n\t\t<\/div>\n\t\t\t\t\t<\/div>\n\t\t<\/section>\n\t\t\t\t<\/div>","protected":false},"excerpt":{"rendered":"<p>About us We have a solution for everything! I believe that there is no task for which there is no solution. This is the principle that guided me in setting up HURON Solutions Ltd. Our goal is to use our professional contacts and knowledge gained at home and abroad to the benefit of our customers, and to provide products and services that contribute to the success of our partners. The industry segment in which we work - ... <a title=\"About us\" class=\"read-more\" href=\"https:\/\/huronsolutions.ro\/en\/rolunk\/\" aria-label=\"Read more about About us\">Read more<\/a><\/p>","protected":false},"author":1,"featured_media":0,"parent":0,"menu_order":0,"comment_status":"closed","ping_status":"closed","template":"elementor_header_footer","meta":{"footnotes":""},"class_list":["post-415","page","type-page","status-publish"],"yoast_head":"<!-- This site is optimized with the Yoast SEO Premium plugin v27.4 (Yoast SEO v27.4) - https:\/\/yoast.com\/product\/yoast-seo-premium-wordpress\/ -->\n<title>R\u00f3lunk - Huron Solutions<\/title>\n<meta name=\"description\" content=\"A HURON Solutions 3 f\u0151 term\u00e9kcsoportot k\u00edn\u00e1l: j\u00e1r\u00f3r\u00e1csok, ker\u00edt\u00e9s- \u00e9s gabion rendszerek, \u00e9s polikarbon\u00e1t term\u00e9kek. Vegye fel a kapcsolatot!\" \/>\n<meta name=\"robots\" content=\"index, follow, max-snippet:-1, max-image-preview:large, max-video-preview:-1\" \/>\n<link rel=\"canonical\" href=\"https:\/\/huronsolutions.ro\/en\/rolunk\/\" \/>\n<meta property=\"og:locale\" content=\"en_US\" \/>\n<meta property=\"og:type\" content=\"article\" \/>\n<meta property=\"og:title\" content=\"R\u00f3lunk - Huron Solutions\" \/>\n<meta property=\"og:description\" content=\"A HURON Solutions 3 f\u0151 term\u00e9kcsoportot k\u00edn\u00e1l: j\u00e1r\u00f3r\u00e1csok, ker\u00edt\u00e9s- \u00e9s gabion rendszerek, \u00e9s polikarbon\u00e1t term\u00e9kek. Vegye fel a kapcsolatot!\" \/>\n<meta property=\"og:url\" content=\"https:\/\/huronsolutions.ro\/en\/rolunk\/\" \/>\n<meta property=\"og:site_name\" content=\"Huron Solutions\" \/>\n<meta property=\"article:modified_time\" content=\"2025-02-19T12:22:55+00:00\" \/>\n<meta property=\"og:image\" content=\"https:\/\/huronsolutions.ro\/wp-content\/uploads\/2024\/03\/huron-logo.png\" \/>\n\t<meta property=\"og:image:width\" content=\"507\" \/>\n\t<meta property=\"og:image:height\" content=\"300\" \/>\n\t<meta property=\"og:image:type\" content=\"image\/png\" \/>\n<meta name=\"twitter:card\" content=\"summary_large_image\" \/>\n<meta name=\"twitter:label1\" content=\"Est. reading time\" \/>\n\t<meta name=\"twitter:data1\" content=\"2 minutes\" \/>\n<script type=\"application\/ld+json\" class=\"yoast-schema-graph\">{\"@context\":\"https:\\\/\\\/schema.org\",\"@graph\":[{\"@type\":\"WebPage\",\"@id\":\"https:\\\/\\\/huronsolutions.ro\\\/rolunk\\\/\",\"url\":\"https:\\\/\\\/huronsolutions.ro\\\/rolunk\\\/\",\"name\":\"R\u00f3lunk - Huron Solutions\",\"isPartOf\":{\"@id\":\"https:\\\/\\\/huronsolutions.ro\\\/#website\"},\"primaryImageOfPage\":{\"@id\":\"https:\\\/\\\/huronsolutions.ro\\\/rolunk\\\/#primaryimage\"},\"image\":{\"@id\":\"https:\\\/\\\/huronsolutions.ro\\\/rolunk\\\/#primaryimage\"},\"thumbnailUrl\":\"https:\\\/\\\/huronsolutions.ro\\\/wp-content\\\/uploads\\\/2024\\\/03\\\/huron-logo.png\",\"datePublished\":\"2024-05-28T06:02:33+00:00\",\"dateModified\":\"2025-02-19T12:22:55+00:00\",\"description\":\"A HURON Solutions 3 f\u0151 term\u00e9kcsoportot k\u00edn\u00e1l: j\u00e1r\u00f3r\u00e1csok, ker\u00edt\u00e9s- \u00e9s gabion rendszerek, \u00e9s polikarbon\u00e1t term\u00e9kek. Vegye fel a kapcsolatot!\",\"breadcrumb\":{\"@id\":\"https:\\\/\\\/huronsolutions.ro\\\/rolunk\\\/#breadcrumb\"},\"inLanguage\":\"en-US\",\"potentialAction\":[{\"@type\":\"ReadAction\",\"target\":[\"https:\\\/\\\/huronsolutions.ro\\\/rolunk\\\/\"]}]},{\"@type\":\"ImageObject\",\"inLanguage\":\"en-US\",\"@id\":\"https:\\\/\\\/huronsolutions.ro\\\/rolunk\\\/#primaryimage\",\"url\":\"https:\\\/\\\/huronsolutions.ro\\\/wp-content\\\/uploads\\\/2024\\\/03\\\/huron-logo.png\",\"contentUrl\":\"https:\\\/\\\/huronsolutions.ro\\\/wp-content\\\/uploads\\\/2024\\\/03\\\/huron-logo.png\"},{\"@type\":\"BreadcrumbList\",\"@id\":\"https:\\\/\\\/huronsolutions.ro\\\/rolunk\\\/#breadcrumb\",\"itemListElement\":[{\"@type\":\"ListItem\",\"position\":1,\"name\":\"Kezd\u0151lap\",\"item\":\"https:\\\/\\\/huronsolutions.ro\\\/\"},{\"@type\":\"ListItem\",\"position\":2,\"name\":\"R\u00f3lunk\"}]},{\"@type\":\"WebSite\",\"@id\":\"https:\\\/\\\/huronsolutions.ro\\\/#website\",\"url\":\"https:\\\/\\\/huronsolutions.ro\\\/\",\"name\":\"Huron Solutions\",\"description\":\"Huron J\u00e1r\u00f3r\u00e1cs\",\"publisher\":{\"@id\":\"https:\\\/\\\/huronsolutions.ro\\\/#organization\"},\"potentialAction\":[{\"@type\":\"SearchAction\",\"target\":{\"@type\":\"EntryPoint\",\"urlTemplate\":\"https:\\\/\\\/huronsolutions.ro\\\/?s={search_term_string}\"},\"query-input\":{\"@type\":\"PropertyValueSpecification\",\"valueRequired\":true,\"valueName\":\"search_term_string\"}}],\"inLanguage\":\"en-US\"},{\"@type\":\"Organization\",\"@id\":\"https:\\\/\\\/huronsolutions.ro\\\/#organization\",\"name\":\"Huron Solutions\",\"url\":\"https:\\\/\\\/huronsolutions.ro\\\/\",\"logo\":{\"@type\":\"ImageObject\",\"inLanguage\":\"en-US\",\"@id\":\"https:\\\/\\\/huronsolutions.ro\\\/#\\\/schema\\\/logo\\\/image\\\/\",\"url\":\"https:\\\/\\\/huronsolutions.ro\\\/wp-content\\\/uploads\\\/2024\\\/09\\\/Huron-logo-512.jpg\",\"contentUrl\":\"https:\\\/\\\/huronsolutions.ro\\\/wp-content\\\/uploads\\\/2024\\\/09\\\/Huron-logo-512.jpg\",\"width\":514,\"height\":514,\"caption\":\"Huron Solutions\"},\"image\":{\"@id\":\"https:\\\/\\\/huronsolutions.ro\\\/#\\\/schema\\\/logo\\\/image\\\/\"}}]}<\/script>\n<!-- \/ Yoast SEO Premium plugin. -->","yoast_head_json":{"title":"About us - Huron Solutions","description":"HURON Solutions offers 3 main product groups: grating, fencing and gabion systems, and polycarbonate products. Contact us!","robots":{"index":"index","follow":"follow","max-snippet":"max-snippet:-1","max-image-preview":"max-image-preview:large","max-video-preview":"max-video-preview:-1"},"canonical":"https:\/\/huronsolutions.ro\/en\/rolunk\/","og_locale":"en_US","og_type":"article","og_title":"R\u00f3lunk - Huron Solutions","og_description":"A HURON Solutions 3 f\u0151 term\u00e9kcsoportot k\u00edn\u00e1l: j\u00e1r\u00f3r\u00e1csok, ker\u00edt\u00e9s- \u00e9s gabion rendszerek, \u00e9s polikarbon\u00e1t term\u00e9kek. Vegye fel a kapcsolatot!","og_url":"https:\/\/huronsolutions.ro\/en\/rolunk\/","og_site_name":"Huron Solutions","article_modified_time":"2025-02-19T12:22:55+00:00","og_image":[{"width":507,"height":300,"url":"https:\/\/huronsolutions.ro\/wp-content\/uploads\/2024\/03\/huron-logo.png","type":"image\/png"}],"twitter_card":"summary_large_image","twitter_misc":{"Est. reading time":"2 minutes"},"schema":{"@context":"https:\/\/schema.org","@graph":[{"@type":"WebPage","@id":"https:\/\/huronsolutions.ro\/rolunk\/","url":"https:\/\/huronsolutions.ro\/rolunk\/","name":"About us - Huron Solutions","isPartOf":{"@id":"https:\/\/huronsolutions.ro\/#website"},"primaryImageOfPage":{"@id":"https:\/\/huronsolutions.ro\/rolunk\/#primaryimage"},"image":{"@id":"https:\/\/huronsolutions.ro\/rolunk\/#primaryimage"},"thumbnailUrl":"https:\/\/huronsolutions.ro\/wp-content\/uploads\/2024\/03\/huron-logo.png","datePublished":"2024-05-28T06:02:33+00:00","dateModified":"2025-02-19T12:22:55+00:00","description":"HURON Solutions offers 3 main product groups: grating, fencing and gabion systems, and polycarbonate products. Contact us!","breadcrumb":{"@id":"https:\/\/huronsolutions.ro\/rolunk\/#breadcrumb"},"inLanguage":"en-US","potentialAction":[{"@type":"ReadAction","target":["https:\/\/huronsolutions.ro\/rolunk\/"]}]},{"@type":"ImageObject","inLanguage":"en-US","@id":"https:\/\/huronsolutions.ro\/rolunk\/#primaryimage","url":"https:\/\/huronsolutions.ro\/wp-content\/uploads\/2024\/03\/huron-logo.png","contentUrl":"https:\/\/huronsolutions.ro\/wp-content\/uploads\/2024\/03\/huron-logo.png"},{"@type":"BreadcrumbList","@id":"https:\/\/huronsolutions.ro\/rolunk\/#breadcrumb","itemListElement":[{"@type":"ListItem","position":1,"name":"Kezd\u0151lap","item":"https:\/\/huronsolutions.ro\/"},{"@type":"ListItem","position":2,"name":"R\u00f3lunk"}]},{"@type":"WebSite","@id":"https:\/\/huronsolutions.ro\/#website","url":"https:\/\/huronsolutions.ro\/","name":"Huron Solutions","description":"Huron Grating","publisher":{"@id":"https:\/\/huronsolutions.ro\/#organization"},"potentialAction":[{"@type":"SearchAction","target":{"@type":"EntryPoint","urlTemplate":"https:\/\/huronsolutions.ro\/?s={search_term_string}"},"query-input":{"@type":"PropertyValueSpecification","valueRequired":true,"valueName":"search_term_string"}}],"inLanguage":"en-US"},{"@type":"Organization","@id":"https:\/\/huronsolutions.ro\/#organization","name":"Huron Solutions","url":"https:\/\/huronsolutions.ro\/","logo":{"@type":"ImageObject","inLanguage":"en-US","@id":"https:\/\/huronsolutions.ro\/#\/schema\/logo\/image\/","url":"https:\/\/huronsolutions.ro\/wp-content\/uploads\/2024\/09\/Huron-logo-512.jpg","contentUrl":"https:\/\/huronsolutions.ro\/wp-content\/uploads\/2024\/09\/Huron-logo-512.jpg","width":514,"height":514,"caption":"Huron Solutions"},"image":{"@id":"https:\/\/huronsolutions.ro\/#\/schema\/logo\/image\/"}}]}},"_links":{"self":[{"href":"https:\/\/huronsolutions.ro\/en\/wp-json\/wp\/v2\/pages\/415","targetHints":{"allow":["GET"]}}],"collection":[{"href":"https:\/\/huronsolutions.ro\/en\/wp-json\/wp\/v2\/pages"}],"about":[{"href":"https:\/\/huronsolutions.ro\/en\/wp-json\/wp\/v2\/types\/page"}],"author":[{"embeddable":true,"href":"https:\/\/huronsolutions.ro\/en\/wp-json\/wp\/v2\/users\/1"}],"replies":[{"embeddable":true,"href":"https:\/\/huronsolutions.ro\/en\/wp-json\/wp\/v2\/comments?post=415"}],"version-history":[{"count":3,"href":"https:\/\/huronsolutions.ro\/en\/wp-json\/wp\/v2\/pages\/415\/revisions"}],"predecessor-version":[{"id":2504,"href":"https:\/\/huronsolutions.ro\/en\/wp-json\/wp\/v2\/pages\/415\/revisions\/2504"}],"wp:attachment":[{"href":"https:\/\/huronsolutions.ro\/en\/wp-json\/wp\/v2\/media?parent=415"}],"curies":[{"name":"wp","href":"https:\/\/api.w.org\/{rel}","templated":true}]}}